{"id":1320277,"date":"2023-01-05T14:43:19","date_gmt":"2023-01-05T13:43:19","guid":{"rendered":"https:\/\/laboklin.de\/de\/?page_id=1320277"},"modified":"2025-02-17T09:26:10","modified_gmt":"2025-02-17T08:26:10","slug":"maxillary-canine-tooth-mesioversion-mcm","status":"publish","type":"page","link":"https:\/\/laboklin.de\/de\/leistungen\/genetik\/erbkrankheiten\/hund\/maxillary-canine-tooth-mesioversion-mcm\/","title":{"rendered":"Maxillary canine tooth mesioversion (MCM)"},"content":{"rendered":"<h3 class=\"csc-firstHeader\">Maxillary canine tooth mesioversion (MCM)<\/h3><p><span>LABOKLIN Leistungs-ID: 8819<\/span><\/p><p class=\"bodytext\">Es wurde eine Variante im FTSJ3-Gen identifiziert, die mit einer Zahnfehlstellung und einer verringerten K\u00f6rpergr\u00f6\u00dfe bei Shetland Sheepdogs verbunden ist. Betroffene Hunde zeigen neben einer Verminderung von K\u00f6rpergr\u00f6\u00dfe und -gewicht ebenfalls eine Mesioversion der Oberkiefereckz\u00e4hne (MCM). Ein oder beide Eckz\u00e4hne k\u00f6nnen hiervon betroffen und Richtung Nase verschoben sein. MCM kann zu einem fehlerhaften Kieferschluss, Oberlippengeschw\u00fcren und Parodontalerkrankungen f\u00fchren und eine Extraktion oder kieferorthop\u00e4dische Neupositionierung erforderlich machen. Die K\u00f6rpergr\u00f6\u00dfe von Hunden mit nur einem Risiko-Allel ist signifikant gr\u00f6\u00dfer als die K\u00f6rpergr\u00f6\u00dfe von Hunden mit zwei Kopien des Risiko-Allels. Bei Hunden, die homozygot f\u00fcr das Risiko-Allel sind, besteht ein hohes Risiko f\u00fcr MCM, bei heterozygoten Hunden bestimmt das Gewicht das Risiko, wobei leichte Hunde ein h\u00f6heres Risiko haben. <\/p><table class=\"tx-laboklinleistung-table contenttable contenttable-2\" style=\"margin-top: 35px;\"><tr><td class=\"td-0\"><strong>Methode<\/strong><\/td><td class=\"td-1\"><p class=\"bodytext\">TaqMan SNP Assay<\/p><\/td><\/tr><tr><td class=\"td-0\"><strong>Rasse<\/strong><\/td><td class=\"td-1\"><p class=\"bodytext\">Shetland Sheepdog (Sheltie) <\/p><\/td><\/tr><tr><td class=\"td-0\"><strong>Erbgang<\/strong><\/td><td class=\"td-1\"><p class=\"bodytext\">autosomal-dominant<\/p><\/td><\/tr><tr><td class=\"td-0\"><strong>Dauer<\/strong><\/td><td class=\"td-1\"><p class=\"bodytext\">3 - 5 Werktage nach Erhalt der Probe<\/p><\/td><\/tr><\/table>\n","protected":false},"excerpt":{"rendered":"<p>Maxillary canine tooth mesioversion (MCM)LABOKLIN Leistungs-ID: 8819Es wurde eine Variante im FTSJ3-Gen identifiziert, die mit einer Zahnfehlstellung und einer verringerten K\u00f6rpergr\u00f6\u00dfe bei Shetland Sheepdogs verbunden ist. Betroffene Hunde zeigen neben einer Verminderung von K\u00f6rpergr\u00f6\u00dfe und -gewicht ebenfalls eine Mesioversion der Oberkiefereckz\u00e4hne (MCM). Ein oder beide Eckz\u00e4hne k\u00f6nnen hiervon betroffen und Richtung Nase verschoben sein. MCM&hellip;<\/p>\n","protected":false},"author":10,"featured_media":0,"parent":1211000,"menu_order":143,"comment_status":"closed","ping_status":"closed","template":"","meta":{"_seopress_robots_primary_cat":"","_seopress_titles_title":"","_seopress_titles_desc":"","_seopress_robots_index":"","footnotes":""},"class_list":["post-1320277","page","type-page","status-publish","hentry","description-off"],"_links":{"self":[{"href":"https:\/\/laboklin.de\/de\/wp-json\/wp\/v2\/pages\/1320277","targetHints":{"allow":["GET"]}}],"collection":[{"href":"https:\/\/laboklin.de\/de\/wp-json\/wp\/v2\/pages"}],"about":[{"href":"https:\/\/laboklin.de\/de\/wp-json\/wp\/v2\/types\/page"}],"author":[{"embeddable":true,"href":"https:\/\/laboklin.de\/de\/wp-json\/wp\/v2\/users\/10"}],"replies":[{"embeddable":true,"href":"https:\/\/laboklin.de\/de\/wp-json\/wp\/v2\/comments?post=1320277"}],"version-history":[{"count":1,"href":"https:\/\/laboklin.de\/de\/wp-json\/wp\/v2\/pages\/1320277\/revisions"}],"predecessor-version":[{"id":1320278,"href":"https:\/\/laboklin.de\/de\/wp-json\/wp\/v2\/pages\/1320277\/revisions\/1320278"}],"up":[{"embeddable":true,"href":"https:\/\/laboklin.de\/de\/wp-json\/wp\/v2\/pages\/1211000"}],"wp:attachment":[{"href":"https:\/\/laboklin.de\/de\/wp-json\/wp\/v2\/media?parent=1320277"}],"curies":[{"name":"wp","href":"https:\/\/api.w.org\/{rel}","templated":true}]}}