{"id":1320061,"date":"2022-12-15T16:18:30","date_gmt":"2022-12-15T15:18:30","guid":{"rendered":"https:\/\/laboklin.de\/de\/?page_id=1320061"},"modified":"2023-03-26T19:59:28","modified_gmt":"2023-03-26T17:59:28","slug":"widerrufsbelehrung-und-teilnahmebedingungen","status":"publish","type":"page","link":"https:\/\/laboklin.de\/de\/seminare-fortbildungen\/widerrufsbelehrung-und-teilnahmebedingungen\/","title":{"rendered":"Widerrufsbelehrung und Teilnahmebedingungen"},"content":{"rendered":"<div class=\"wpb-content-wrapper\"><p>[vc_row css=&#8220;.vc_custom_1678695759329{margin-top: 20px !important;}&#8220;][vc_column css=&#8220;.vc_custom_1678695794016{margin-top: 20px !important;}&#8220;][vc_tabs interval=&#8220;0&#8243; title_size=&#8220;h5&#8243;][vc_tab title=&#8220;<b>Widerrufsbelehrung und Teilnahmebedingungen<\/b>&#8220; tab_id=&#8220;42047a33-ec03-4&#8243;]<style type=\"text\/css\" data-type=\"the7_shortcodes-inline-css\">#default-btn-d6fd81f3793bf5e4a793c000e8662aa4.ico-right-side > i {\n  margin-right: 0px;\n  margin-left: 8px;\n}\n#default-btn-d6fd81f3793bf5e4a793c000e8662aa4 > i {\n  margin-right: 8px;\n}<\/style><div class=\"btn-align-right\"><a href=\"https:\/\/laboklin.de\/wp-content\/uploads\/2023\/03\/Widerrufsbelehrung-und-Teilnahmebedingungen.pdf\" class=\"default-btn-shortcode dt-btn dt-btn-m link-hover-off  vc_custom_1679853544472\" target=\"_blank\" id=\"default-btn-d6fd81f3793bf5e4a793c000e8662aa4\" title=\"Widerrufsbelehrung und Teilnahmebedingungen\" rel=\"noopener\"><i class=\"fa fa-arrow-circle-right\"><\/i><span>Widerrufsbelehrung (PDF)<\/span><\/a><\/div>[vc_column_text css=&#8220;.vc_custom_1678693433682{margin-top: 20px !important;}&#8220;]<\/p>\n<h3><\/h3>\n<h3>Widerrufsbelehrung und Teilnahmebedingungen<\/h3>\n<p>Sie haben das Recht, binnen vierzehn Tagen ohne Angabe von Gr\u00fcnden diesen Vertrag zu widerrufen. Die Widerrufsfrist betr\u00e4gt vierzehn Tage ab dem Tag des Vertragsabschlusses.<\/p>\n<p>Um Ihr Widerrufsrecht auszu\u00fcben, m\u00fcssen Sie uns<\/p>\n<h4 style=\"padding-left: 40px;\">Laboklin GmbH &amp; Co. KG<\/h4>\n<p style=\"padding-left: 40px;\"><strong>Seminarabteilung<\/strong><br \/>\n<strong>Steubenstr. 4<\/strong><br \/>\n<strong>97688 Bad Kissingen<\/strong><br \/>\n<strong>Tel.: 0971 \/ 7202 777<\/strong><br \/>\n<strong>Fax: 0971 \/ 7202 997<\/strong><br \/>\n<strong>E-Mail:<\/strong> <a href=\"mailto:seminare@laboklin.com\">seminare@laboklin.com<\/a> \/ <a href=\"mailto:webseminare@laboklin.com\">webseminare@laboklin.com<\/a><\/p>\n<p>mittels einer eindeutigen Erkl\u00e4rung (z. B. ein mit der Post versandter Brief, Telefax oder E-Mail) \u00fcber Ihren Entschluss, diesen Vertrag zu widerrufen, informieren. Machen Sie von dieser M\u00f6glichkeit Gebrauch, so werden wir Ihnen unverz\u00fcglich (z. B. per E-Mail) eine Best\u00e4tigung \u00fcber den Eingang eines solchen Widerrufs \u00fcbermitteln. Zur Wahrung der Widerrufsfrist reicht es aus, dass Sie die Mitteilung \u00fcber die Aus\u00fcbung des Widerrufsrechts vor Ablauf der Widerrufsfrist absenden.<\/p>\n<h3>Folgen des Widerrufs<\/h3>\n<p>Wenn Sie diesen Vertrag widerrufen, haben wir Ihnen alle Zahlungen, die wir von Ihnen erhalten haben, unverz\u00fcglich und sp\u00e4testens binnen vierzehn Tagen ab dem Tag zur\u00fcckzuzahlen, an dem die Mitteilung \u00fcber Ihren Widerruf dieses Vertrags bei uns eingegangen ist. F\u00fcr diese R\u00fcckzahlung verwenden wir dasselbe Zahlungsmittel, das Sie bei der urspr\u00fcnglichen Transaktion eingesetzt haben, es sei denn, mit Ihnen wurde ausdr\u00fccklich etwas anderes vereinbart; in keinem Fall werden Ihnen wegen dieser R\u00fcckzahlung Entgelte berechnet.<br \/>\nNutzen Sie die Dienstleistung bereits w\u00e4hrend der Widerrufsfrist, so haben Sie uns einen angemessenen Betrag zu zahlen, der dem Anteil, der bis zum Zeitpunkt, zu dem Sie uns vor der Aus\u00fcbung des Widerrufsrechts hinsichtlich des Vertrages unterrichten, bereits erbrachten Dienstleistungen im Vergleich zum Gesamtumfang, der im Vertrag vorgesehenen Dienstleistung entspricht.<\/p>\n<h3>Teilnahme an Fortbildungsveranstaltungen und Geb\u00fchren<\/h3>\n<p>Mit Ihrer Anmeldung willigen Sie ein, dass Ihre personenbezogenen Daten zu jeglichen Zwecken im Rahmen des gebuchten Seminars bzw. Web-Seminars genutzt werden d\u00fcrfen. Dies beinhaltet im Falle einer Kooperationsveranstaltung ebenso die Weitergabe der Daten an die Kooperationsfirma. Diese Einwilligung k\u00f6nnen Sie jederzeit ohne Angabe von Gr\u00fcnden widerrufen.<\/p>\n<p>Die Teilnahme an der Fortbildungsveranstaltung ist erst mit Zahlungseingang der Teilnahmegeb\u00fchr in vollem Umfang garantiert.<\/p>\n<p>Im Falle einer Stornierung bis zu drei Tage vor dem Veranstaltungstermin wird die Teilnahmegeb\u00fchr zur\u00fcckerstattet. Danach erfolgt keine Erstattung. Im Falle einer Nichtbegleichung der Teilnahmegeb\u00fchr in voller H\u00f6he bis zum offiziellen Seminarbeginn wird Ihnen die Geb\u00fchr ebenfalls in vollem Umfang in Rechnung gestellt. Sollten Sie zwar angemeldet sein, aber nicht zum Seminar erscheinen und haben es unterlassen, das Seminar mindestens drei Tage vor dem Veranstaltungstermin zu stornieren, wird Ihnen ebenfalls die volle Geb\u00fchr in Rechnung gestellt.[\/vc_column_text][\/vc_tab][vc_tab title=&#8220;<b>Right of withdrawal and conditions of participation<\/b>&#8220; tab_id=&#8220;a5bd3fe2-fd49-10&#8243;]<style type=\"text\/css\" data-type=\"the7_shortcodes-inline-css\">#default-btn-05fe627cdeb8826107e546cfd3c4a0e5.ico-right-side > i {\n  margin-right: 0px;\n  margin-left: 12px;\n}\n#default-btn-05fe627cdeb8826107e546cfd3c4a0e5 > i {\n  margin-right: 12px;\n}<\/style><a href=\"https:\/\/laboklin.de\/wp-content\/uploads\/2023\/03\/Right-of-withdrawal-and-conditions-of-participation.pdf\" class=\"default-btn-shortcode dt-btn dt-btn-m link-hover-off btn-inline-right  vc_custom_1679853559264\" target=\"_blank\" id=\"default-btn-05fe627cdeb8826107e546cfd3c4a0e5\" title=\"Right of withdrawal and conditions of participation\" rel=\"noopener\"><i class=\"fa fa-arrow-circle-right\"><\/i><span>Right of withdrawal (PDF)<\/span><\/a>[vc_column_text css=&#8220;.vc_custom_1678695688741{margin-top: 20px !important;}&#8220;]<\/p>\n<h3><\/h3>\n<p><em><span style=\"color: #808080;\">English translation for information only.<\/span><\/em><br \/>\n<em><span style=\"color: #808080;\">Only the German version is binding.<\/span><\/em><\/p>\n<h3>Right of withdrawal and conditions of participation<\/h3>\n<p>You have the right to withdraw from this contract within fourteen days without giving any reason. The withdrawal period is fourteen days from the day of conclusion of the contract.<\/p>\n<p>To exercise your right of withdrawal, you must inform us<\/p>\n<h4 style=\"padding-left: 40px;\">Laboklin GmbH &amp; Co. KG<\/h4>\n<p style=\"padding-left: 40px;\"><strong>Seminarabteilung (<em>seminar department<\/em>)<\/strong><br \/>\n<strong>Steubenstr. 4<\/strong><br \/>\n<strong>97688 Bad Kissingen<\/strong><br \/>\n<strong>Tel.: +49 (0)971 \/ 7202 777<\/strong><br \/>\n<strong>Fax: +49 (0)971 \/ 7202 997<\/strong><br \/>\n<strong>E-Mail:<\/strong> <a href=\"mailto:seminare@laboklin.com\">seminare@laboklin.com<\/a> \/ <a href=\"mailto:webseminare@laboklin.com\">webseminare@laboklin.com<\/a><\/p>\n<p>of your decision to withdraw from this contract by an unequivocal statement (e.g. a letter sent by post, fax or e-mail). If you use this option, we will communicate to you an acknowledgement of receipt of such withdrawal without delay (e.g. by e-mail). To meet the withdrawal deadline, it is sufficient for you to send your communication concerning your exercise of the right of withdrawal before the withdrawal period has expired.<\/p>\n<h3>Effects of withdrawal<\/h3>\n<p>If you withdraw from this contract, we shall reimburse to you all payments received from you without undue delay and not later than fourteen days from the day on which we receive notice about your decision to withdraw from this contract. We will carry out such reimbursement using the same means of payment as you used for the initial transaction, unless you have expressly agreed otherwise; in any event, you will not incur any fees as a result of such reimbursement.<\/p>\n<p>If you already use the service during the withdrawal period, you must pay us a reasonable compensation corresponding to the proportion of the services already provided up to the time when we are informed of your decision to exercise the right of withdrawal regarding this contract, with the compensation being proportionate to the overall value of the services covered by the contract.<\/p>\n<h3>Participation in training courses and fees<\/h3>\n<p>By registering, you agree that your personal data may be used for any purpose related to the seminar or web seminar you have booked. For cooperative events, this also includes the transfer of data to the cooperating company. You may revoke your consent at any time without giving reasons.<\/p>\n<p>Participation in the training course is only guaranteed upon receipt of payment of the full participation fee.<\/p>\n<p>If you cancel up to three days before the start of the event, the participation fee will be refunded. No refund will be made after this date. If you fail to pay the full participation fee before the official start of the seminar, you will also be charged the full fee. If you are registered but do not attend the seminar and have failed to cancel the seminar at least three days before the start of the event, you will also be charged the full fee.[\/vc_column_text][\/vc_tab][\/vc_tabs][\/vc_column][\/vc_row][vc_row type=&#8220;vc_default&#8220; disable_element=&#8220;yes&#8220; css=&#8220;.vc_custom_1678693673500{margin-top: 30px !important;}&#8220;][vc_column][vc_column_text]Sie haben das Recht, binnen vierzehn Tagen ohne Angabe von Gr\u00fcnden diesen Vertrag zu widerrufen. Die Widerrufsfrist betr\u00e4gt vierzehn Tage ab dem Tag des Vertragsabschlusses.<\/p>\n<p>Um Ihr Widerrufsrecht auszu\u00fcben, m\u00fcssen Sie uns<\/p>\n<h4 style=\"padding-left: 40px;\">Laboklin GmbH &amp; Co. KG<\/h4>\n<p style=\"padding-left: 40px;\"><strong>Seminarabteilung<\/strong><br \/>\n<strong>Steubenstr. 4<\/strong><br \/>\n<strong>97688 Bad Kissingen<\/strong><br \/>\n<strong>Tel.: 0971 \/ 7202 777<\/strong><br \/>\n<strong>Fax: 0971 \/ 7202 997<\/strong><br \/>\n<strong>E-Mail:<\/strong> <a href=\"mailto:seminare@laboklin.com\">seminare@laboklin.com<\/a> \/ <a href=\"mailto:webseminare@laboklin.com\">webseminare@laboklin.com<\/a><\/p>\n<p>mittels einer eindeutigen Erkl\u00e4rung (z. B. ein mit der Post versandter Brief, Telefax oder E-Mail) \u00fcber Ihren Entschluss, diesen Vertrag zu widerrufen, informieren. Machen Sie von dieser M\u00f6glichkeit Gebrauch, so werden wir Ihnen unverz\u00fcglich (z. B. per E-Mail) eine Best\u00e4tigung \u00fcber den Eingang eines solchen Widerrufs \u00fcbermitteln. Zur Wahrung der Widerrufsfrist reicht es aus, dass Sie die Mitteilung \u00fcber die Aus\u00fcbung des Widerrufsrechts vor Ablauf der Widerrufsfrist absenden.<\/p>\n<h3>Folgen des Widerrufs<\/h3>\n<p>Wenn Sie diesen Vertrag widerrufen, haben wir Ihnen alle Zahlungen, die wir von Ihnen erhalten haben, unverz\u00fcglich und sp\u00e4testens binnen vierzehn Tagen ab dem Tag zur\u00fcckzuzahlen, an dem die Mitteilung \u00fcber Ihren Widerruf dieses Vertrags bei uns eingegangen ist. F\u00fcr diese R\u00fcckzahlung verwenden wir dasselbe Zahlungsmittel, das Sie bei der urspr\u00fcnglichen Transaktion eingesetzt haben, es sei denn, mit Ihnen wurde ausdr\u00fccklich etwas anderes vereinbart; in keinem Fall werden Ihnen wegen dieser R\u00fcckzahlung Entgelte berechnet.<br \/>\nNutzen Sie die Dienstleistung bereits w\u00e4hrend der Widerrufsfrist, so haben Sie uns einen angemessenen Betrag zu zahlen, der dem Anteil, der bis zum Zeitpunkt, zu dem Sie uns vor der Aus\u00fcbung des Widerrufsrechts hinsichtlich des Vertrages unterrichten, bereits erbrachten Dienstleistungen im Vergleich zum Gesamtumfang, der im Vertrag vorgesehenen Dienstleistung entspricht.<\/p>\n<h3>Teilnahme an Fortbildungsveranstaltungen und Geb\u00fchren<\/h3>\n<p>Mit Ihrer Anmeldung willigen Sie ein, dass Ihre personenbezogenen Daten zu jeglichen Zwecken im Rahmen des gebuchten Seminars bzw. Web-Seminars genutzt werden d\u00fcrfen. Dies beinhaltet im Falle einer Kooperationsveranstaltung ebenso die Weitergabe der Daten an die Kooperationsfirma. Diese Einwilligung k\u00f6nnen Sie jederzeit ohne Angabe von Gr\u00fcnden widerrufen.<\/p>\n<p>Die Teilnahme an der Fortbildungsveranstaltung ist erst mit Zahlungseingang der Teilnahmegeb\u00fchr in vollem Umfang garantiert.<\/p>\n<p>Im Falle einer Stornierung bis zu drei Tage vor dem Veranstaltungstermin wird die Teilnahmegeb\u00fchr zur\u00fcckerstattet. Danach erfolgt keine Erstattung. Im Falle einer Nichtbegleichung der Teilnahmegeb\u00fchr in voller H\u00f6he bis zum offiziellen Seminarbeginn wird Ihnen die Geb\u00fchr ebenfalls in vollem Umfang in Rechnung gestellt. Sollten Sie zwar angemeldet sein, aber nicht zum Seminar erscheinen und haben es unterlassen, das Seminar mindestens drei Tage vor dem Veranstaltungstermin zu stornieren, wird Ihnen ebenfalls die volle Geb\u00fchr in Rechnung gestellt.[\/vc_column_text][\/vc_column][\/vc_row][vc_row type=&#8220;vc_default&#8220; disable_element=&#8220;yes&#8220; css=&#8220;.vc_custom_1678693647184{margin-top: 30px !important;}&#8220;][vc_column width=&#8220;2\/3&#8243;][vc_column_text]<\/p>\n<h3 class=\"fancy-title entry-title color-accent start-animation-done start-animation\"><strong>Widerrufsbelehrung und Teilnahmebedingungen<\/strong><\/h3>\n<p>[\/vc_column_text][\/vc_column][vc_column width=&#8220;1\/3&#8243;]<style type=\"text\/css\" data-type=\"the7_shortcodes-inline-css\">#default-btn-957c21570ad1e560784a291d8b3596ec.ico-right-side > i {\n  margin-right: 0px;\n  margin-left: 12px;\n}\n#default-btn-957c21570ad1e560784a291d8b3596ec > i {\n  margin-right: 12px;\n}<\/style><a href=\"https:\/\/laboklin.de\/de\/wp-content\/uploads\/2022\/12\/Widerrufsbelehrung-und-Teilnahmebedingungen.pdf\" class=\"default-btn-shortcode dt-btn dt-btn-m link-hover-off btn-inline-right \" target=\"_blank\" id=\"default-btn-957c21570ad1e560784a291d8b3596ec\" title=\"Widerrufsbelehrung und Teilnahmebedingungen\" rel=\"noopener\"><i class=\"fa fa-arrow-circle-right\"><\/i><span>Widerrufsbelehrung. PDF<\/span><\/a>[\/vc_column][\/vc_row]<\/p>\n<\/div>","protected":false},"excerpt":{"rendered":"<p>[vc_row css=&#8220;.vc_custom_1678695759329{margin-top: 20px !important;}&#8220;][vc_column css=&#8220;.vc_custom_1678695794016{margin-top: 20px !important;}&#8220;][vc_tabs interval=&#8220;0&#8243; title_size=&#8220;h5&#8243;][vc_tab title=&#8220;Widerrufsbelehrung und Teilnahmebedingungen&#8220; tab_id=&#8220;42047a33-ec03-4&#8243;][vc_column_text css=&#8220;.vc_custom_1678693433682{margin-top: 20px !important;}&#8220;] Widerrufsbelehrung und Teilnahmebedingungen Sie haben das Recht, binnen vierzehn Tagen ohne Angabe von Gr\u00fcnden diesen Vertrag zu widerrufen. Die Widerrufsfrist betr\u00e4gt vierzehn Tage ab dem Tag des Vertragsabschlusses. Um Ihr Widerrufsrecht auszu\u00fcben, m\u00fcssen Sie uns Laboklin GmbH &amp; Co.&hellip;<\/p>\n","protected":false},"author":1,"featured_media":0,"parent":1302412,"menu_order":0,"comment_status":"closed","ping_status":"closed","template":"","meta":{"_seopress_robots_primary_cat":"","_seopress_titles_title":"","_seopress_titles_desc":"","_seopress_robots_index":"","footnotes":""},"class_list":["post-1320061","page","type-page","status-publish","hentry","description-off"],"_links":{"self":[{"href":"https:\/\/laboklin.de\/de\/wp-json\/wp\/v2\/pages\/1320061","targetHints":{"allow":["GET"]}}],"collection":[{"href":"https:\/\/laboklin.de\/de\/wp-json\/wp\/v2\/pages"}],"about":[{"href":"https:\/\/laboklin.de\/de\/wp-json\/wp\/v2\/types\/page"}],"author":[{"embeddable":true,"href":"https:\/\/laboklin.de\/de\/wp-json\/wp\/v2\/users\/1"}],"replies":[{"embeddable":true,"href":"https:\/\/laboklin.de\/de\/wp-json\/wp\/v2\/comments?post=1320061"}],"version-history":[{"count":11,"href":"https:\/\/laboklin.de\/de\/wp-json\/wp\/v2\/pages\/1320061\/revisions"}],"predecessor-version":[{"id":1430351,"href":"https:\/\/laboklin.de\/de\/wp-json\/wp\/v2\/pages\/1320061\/revisions\/1430351"}],"up":[{"embeddable":true,"href":"https:\/\/laboklin.de\/de\/wp-json\/wp\/v2\/pages\/1302412"}],"wp:attachment":[{"href":"https:\/\/laboklin.de\/de\/wp-json\/wp\/v2\/media?parent=1320061"}],"curies":[{"name":"wp","href":"https:\/\/api.w.org\/{rel}","templated":true}]}}