{"id":1319865,"date":"2022-11-29T12:24:17","date_gmt":"2022-11-29T11:24:17","guid":{"rendered":"https:\/\/laboklin.de\/de\/?page_id=1319865"},"modified":"2025-02-25T12:27:28","modified_gmt":"2025-02-25T11:27:28","slug":"skeletale-dysplasie-sd","status":"publish","type":"page","link":"https:\/\/laboklin.de\/de\/leistungen\/genetik\/erbkrankheiten\/katze\/skeletale-dysplasie-sd\/","title":{"rendered":"Skeletale Dysplasie (SD)"},"content":{"rendered":"<h3 class=\"csc-firstHeader\">Skeletale Dysplasie (SD)<\/h3><p><span>LABOKLIN Leistungs-ID: 8808<\/span><\/p><p class=\"bodytext\">Bei der Rasse Britisch Kurzhaar wurde eine Mutation im Gen LTBP3 gefunden, die eine skeletale Dysplasie (angeborene St\u00f6rung des Knochengewebes und Knorpelgewebes) verursacht.<br \/>\nErste Symptome wie eine L\u00e4hmung der Hinterbeine konnten bei betroffenen Kitten bereits im Alter von 8 Wochen beobachtet werden. Weitere Symptome waren zum einen eine Kr\u00fcmmung der Wirbels\u00e4ule (Lordose und Skoliose) und die Sch\u00e4digung des Nervengewebes im R\u00fcckenmark (Myelopathie). Ebenfalls wurde ein verminderte Bewegungsaktivit\u00e4t des Magen-Darm-Trakts im Alter von 10 Wochen festgestellt. Auf R\u00f6ntgenaufnahmen wurde eine krankhafte Verformung der Wirbels\u00e4ule sichtbar. <br \/>\nBetroffene Kitten zeigten eine zunehmende L\u00e4hmung der Beine, eine Deformation mehrerer Brustwirbelk\u00f6rper, eine Verengung des Wirbelkanals, Kompression des R\u00fcckenmarksgewebes und Koprostasen. Aufgrund der Schwere der Symptome mussten die betroffenen Kitten eingeschl\u00e4fert werden.<br \/>\n<\/p><table class=\"tx-laboklinleistung-table contenttable contenttable-2\" style=\"margin-top: 35px;\"><tr><td class=\"td-0\"><strong>Methode<\/strong><\/td><td class=\"td-1\"><p class=\"bodytext\">Sequenzierung<\/p><\/td><\/tr><tr><td class=\"td-0\"><strong>Rasse<\/strong><\/td><td class=\"td-1\"><p class=\"bodytext\">Britisch Kurzhaar, Scottish Fold Longhair, Scottish Fold Shorthair<\/p><\/td><\/tr><tr><td class=\"td-0\"><strong>Erbgang<\/strong><\/td><td class=\"td-1\"><p class=\"bodytext\">autosomal-rezessiv<\/p><\/td><\/tr><tr><td class=\"td-0\"><strong>Dauer<\/strong><\/td><td class=\"td-1\"><p class=\"bodytext\">1 - 2 Wochen nach Erhalt der Probe<\/p><\/td><\/tr><\/table>\n","protected":false},"excerpt":{"rendered":"<p>Skeletale Dysplasie (SD)LABOKLIN Leistungs-ID: 8808Bei der Rasse Britisch Kurzhaar wurde eine Mutation im Gen LTBP3 gefunden, die eine skeletale Dysplasie (angeborene St\u00f6rung des Knochengewebes und Knorpelgewebes) verursacht. Erste Symptome wie eine L\u00e4hmung der Hinterbeine konnten bei betroffenen Kitten bereits im Alter von 8 Wochen beobachtet werden. Weitere Symptome waren zum einen eine Kr\u00fcmmung der Wirbels\u00e4ule&hellip;<\/p>\n","protected":false},"author":16,"featured_media":0,"parent":1212000,"menu_order":7,"comment_status":"closed","ping_status":"closed","template":"","meta":{"_seopress_robots_primary_cat":"","_seopress_titles_title":"","_seopress_titles_desc":"","_seopress_robots_index":"","footnotes":""},"class_list":["post-1319865","page","type-page","status-publish","hentry","description-off"],"_links":{"self":[{"href":"https:\/\/laboklin.de\/de\/wp-json\/wp\/v2\/pages\/1319865","targetHints":{"allow":["GET"]}}],"collection":[{"href":"https:\/\/laboklin.de\/de\/wp-json\/wp\/v2\/pages"}],"about":[{"href":"https:\/\/laboklin.de\/de\/wp-json\/wp\/v2\/types\/page"}],"author":[{"embeddable":true,"href":"https:\/\/laboklin.de\/de\/wp-json\/wp\/v2\/users\/16"}],"replies":[{"embeddable":true,"href":"https:\/\/laboklin.de\/de\/wp-json\/wp\/v2\/comments?post=1319865"}],"version-history":[{"count":2,"href":"https:\/\/laboklin.de\/de\/wp-json\/wp\/v2\/pages\/1319865\/revisions"}],"predecessor-version":[{"id":1319867,"href":"https:\/\/laboklin.de\/de\/wp-json\/wp\/v2\/pages\/1319865\/revisions\/1319867"}],"up":[{"embeddable":true,"href":"https:\/\/laboklin.de\/de\/wp-json\/wp\/v2\/pages\/1212000"}],"wp:attachment":[{"href":"https:\/\/laboklin.de\/de\/wp-json\/wp\/v2\/media?parent=1319865"}],"curies":[{"name":"wp","href":"https:\/\/api.w.org\/{rel}","templated":true}]}}