{"id":1319863,"date":"2022-11-29T12:21:46","date_gmt":"2022-11-29T11:21:46","guid":{"rendered":"https:\/\/laboklin.de\/de\/?page_id=1319863"},"modified":"2025-02-25T12:12:31","modified_gmt":"2025-02-25T11:12:31","slug":"faktor-xii-defizienz-f12","status":"publish","type":"page","link":"https:\/\/laboklin.de\/de\/leistungen\/genetik\/erbkrankheiten\/katze\/faktor-xii-defizienz-f12\/","title":{"rendered":"Faktor XII-Defizienz (F12)"},"content":{"rendered":"<h3 class=\"csc-firstHeader\">Faktor XII-Defizienz (F12)<\/h3><p><span>LABOKLIN Leistungs-ID: 8806<\/span><\/p><p class=\"bodytext\">Der Koagulationsfaktor XII ist beteiligt an der intrinsischen Kaskade der Blutgerinnung. Im Faktor XII-Gen wurden zwei unterschiedliche Varianten beschrieben, die einen FXII-Mangel ausl\u00f6sen. Homozygot betroffene Katzen besitzen eine stark reduzierte FXII-Aktivit\u00e4t, w\u00e4hrend in heterozygot betroffenen Katzen nur eine moderat verringerte FXII-Aktivit\u00e4t messbar ist. Liegen beide Varianten heterozygot vor, ist davon auszugehen, dass kein funktionsf\u00e4higes FXII-Protein gebildet wird. Die Katze ist somit wie eine homozygot betroffene Katze anzusehen.  Ein FXII-Mangel verl\u00e4ngert die partielle Thromboplastinzeit (PTT) im Plasma, ohne die Blutungsneigung bei betroffenen Katzen zu erh\u00f6hen.<\/p><table class=\"tx-laboklinleistung-table contenttable contenttable-2\" style=\"margin-top: 35px;\"><tr><td class=\"td-0\"><strong>Methode<\/strong><\/td><td class=\"td-1\"><p class=\"bodytext\">Sequenzierung<\/p><\/td><\/tr><tr><td class=\"td-0\"><strong>Erbgang<\/strong><\/td><td class=\"td-1\"><p class=\"bodytext\">autosomal-rezessiv<\/p><\/td><\/tr><tr><td class=\"td-0\"><strong>Dauer<\/strong><\/td><td class=\"td-1\"><p class=\"bodytext\">1 - 2 Wochen nach Erhalt der Probe<\/p><\/td><\/tr><\/table>\n","protected":false},"excerpt":{"rendered":"<p>Faktor XII-Defizienz (F12)LABOKLIN Leistungs-ID: 8806Der Koagulationsfaktor XII ist beteiligt an der intrinsischen Kaskade der Blutgerinnung. Im Faktor XII-Gen wurden zwei unterschiedliche Varianten beschrieben, die einen FXII-Mangel ausl\u00f6sen. Homozygot betroffene Katzen besitzen eine stark reduzierte FXII-Aktivit\u00e4t, w\u00e4hrend in heterozygot betroffenen Katzen nur eine moderat verringerte FXII-Aktivit\u00e4t messbar ist. Liegen beide Varianten heterozygot vor, ist davon auszugehen,&hellip;<\/p>\n","protected":false},"author":16,"featured_media":0,"parent":1212000,"menu_order":13,"comment_status":"closed","ping_status":"closed","template":"","meta":{"_seopress_robots_primary_cat":"","_seopress_titles_title":"","_seopress_titles_desc":"","_seopress_robots_index":"","footnotes":""},"class_list":["post-1319863","page","type-page","status-publish","hentry","description-off"],"_links":{"self":[{"href":"https:\/\/laboklin.de\/de\/wp-json\/wp\/v2\/pages\/1319863","targetHints":{"allow":["GET"]}}],"collection":[{"href":"https:\/\/laboklin.de\/de\/wp-json\/wp\/v2\/pages"}],"about":[{"href":"https:\/\/laboklin.de\/de\/wp-json\/wp\/v2\/types\/page"}],"author":[{"embeddable":true,"href":"https:\/\/laboklin.de\/de\/wp-json\/wp\/v2\/users\/16"}],"replies":[{"embeddable":true,"href":"https:\/\/laboklin.de\/de\/wp-json\/wp\/v2\/comments?post=1319863"}],"version-history":[{"count":2,"href":"https:\/\/laboklin.de\/de\/wp-json\/wp\/v2\/pages\/1319863\/revisions"}],"predecessor-version":[{"id":1486667,"href":"https:\/\/laboklin.de\/de\/wp-json\/wp\/v2\/pages\/1319863\/revisions\/1486667"}],"up":[{"embeddable":true,"href":"https:\/\/laboklin.de\/de\/wp-json\/wp\/v2\/pages\/1212000"}],"wp:attachment":[{"href":"https:\/\/laboklin.de\/de\/wp-json\/wp\/v2\/media?parent=1319863"}],"curies":[{"name":"wp","href":"https:\/\/api.w.org\/{rel}","templated":true}]}}