{"id":1319223,"date":"2023-01-05T16:34:49","date_gmt":"2023-01-05T15:34:49","guid":{"rendered":"https:\/\/laboklin.de\/de\/?page_id=1319223"},"modified":"2024-09-27T08:45:19","modified_gmt":"2024-09-27T06:45:19","slug":"crenosoma","status":"publish","type":"page","link":"https:\/\/laboklin.de\/de\/leistungen\/infektionskrankheiten-erreger-und-antikoerpernachweise\/parasiten\/crenosoma\/","title":{"rendered":"Crenosoma"},"content":{"rendered":"<div class=\"wpb-content-wrapper\"><p>[vc_row][vc_column][vc_column_text css=&#8220;&#8220;]<h3>Leistungsspektrum<\/h3><div class=\"vc_tta-panels-container\"><div class=\"vc_tta-panels\"><li class=\"menu-item sub-page\"><a href=\"https:\/\/laboklin.de\/de\/leistungen\/infektionskrankheiten-erreger-und-antikoerpernachweise\/parasiten\/crenosoma\/crenosoma-vulpis-pcr\/\">Crenosoma vulpis - PCR<\/a><\/li><\/div><\/div><div class=\"gap\" style=\"line-height: 20px; height: 20px;\"><\/div>\n<p>siehe auch \u00a0\u00a0 =&gt; \u00a0 \u00a0\u00a0 <a href=\"https:\/\/laboklin.de\/de\/leistungen\/profile\/profile-screenings-kleintiere\/pcr-profile\/lungenwurmprofil-hund-pcr\/\">Lungenwurmprofil Hund<\/a> (Leistung 8789)<div class=\"gap\" style=\"line-height: 20px; height: 20px;\"><\/div>\n<p>Crenosoma vulpis kann auch mittels <a href=\"https:\/\/laboklin.de\/de\/leistungen\/mikrobiologie-parasitologie\/parasitologie\/parasitologische-untersuchungen-kot\/auswanderungsverfahren\/\">Auswanderungsverfahren<\/a> nachgewiesen werden.<\/p>\n<div class=\"gap\" style=\"line-height: 20px; height: 20px;\"><\/div>\n<h3>Allgemeine Informationen<\/h3>\n<p>Die 0,4 bis 1,5 cm gro\u00dfen, adulten Nematoden sitzen in Bronchien und Trachea von Wildcaniden, gelegentlich auch von Hunden. Dort werden von den Weibchen Eier abgelegt, aus denen die L1-Larven schl\u00fcpfen. Diese L1-Larven werden hochgehustet, geschluckt und anschlie\u00dfend mit dem Kot ausgeschieden. Sie infizieren dann verschiedene Schneckenarten, in denen sie sich bis zum infekti\u00f6sen dritten Larvenstadium (L3) entwickeln. Endwirte wiederum infizieren sich durch die Aufnahme dieser Zwischenwirte oder von Transportwirten (kleine Amphibien und Reptilien). Nach Eindringen in die Darmwand wandern die L3 \u00fcber Pfortader, Leber und rechtes Herz in die Lunge, wo sie zu Adulten heranreifen.<\/p>\n<p>Lungenwurminfektionen k\u00f6nnen asymptomatisch verlaufen, Nachweise von Lungenwurmlarven sind h\u00e4ufig Zufallsbefunde bei routinem\u00e4\u00dfigen, koproskopischen Untersuchungen. Daneben sind milde bis schwerwiegende respiratorische Symptome m\u00f6glich, dazu z\u00e4hlen v. a. Husten, Nasenausfluss, Tachypnoe, Dyspnoe. Jungtiere sind h\u00e4ufiger betroffen und erkranken meist schwerer.[\/vc_column_text][\/vc_column][\/vc_row]<\/p>\n<\/div>","protected":false},"excerpt":{"rendered":"<p>[vc_row][vc_column][vc_column_text css=&#8220;&#8220;] siehe auch \u00a0\u00a0 =&gt; \u00a0 \u00a0\u00a0 Lungenwurmprofil Hund (Leistung 8789) Crenosoma vulpis kann auch mittels Auswanderungsverfahren nachgewiesen werden. Allgemeine Informationen Die 0,4 bis 1,5 cm gro\u00dfen, adulten Nematoden sitzen in Bronchien und Trachea von Wildcaniden, gelegentlich auch von Hunden. Dort werden von den Weibchen Eier abgelegt, aus denen die L1-Larven schl\u00fcpfen. Diese L1-Larven&hellip;<\/p>\n","protected":false},"author":10,"featured_media":0,"parent":940000,"menu_order":2,"comment_status":"closed","ping_status":"closed","template":"","meta":{"_seopress_robots_primary_cat":"","_seopress_titles_title":"","_seopress_titles_desc":"","_seopress_robots_index":"","footnotes":""},"class_list":["post-1319223","page","type-page","status-publish","hentry","description-off"],"_links":{"self":[{"href":"https:\/\/laboklin.de\/de\/wp-json\/wp\/v2\/pages\/1319223","targetHints":{"allow":["GET"]}}],"collection":[{"href":"https:\/\/laboklin.de\/de\/wp-json\/wp\/v2\/pages"}],"about":[{"href":"https:\/\/laboklin.de\/de\/wp-json\/wp\/v2\/types\/page"}],"author":[{"embeddable":true,"href":"https:\/\/laboklin.de\/de\/wp-json\/wp\/v2\/users\/10"}],"replies":[{"embeddable":true,"href":"https:\/\/laboklin.de\/de\/wp-json\/wp\/v2\/comments?post=1319223"}],"version-history":[{"count":7,"href":"https:\/\/laboklin.de\/de\/wp-json\/wp\/v2\/pages\/1319223\/revisions"}],"predecessor-version":[{"id":1487132,"href":"https:\/\/laboklin.de\/de\/wp-json\/wp\/v2\/pages\/1319223\/revisions\/1487132"}],"up":[{"embeddable":true,"href":"https:\/\/laboklin.de\/de\/wp-json\/wp\/v2\/pages\/940000"}],"wp:attachment":[{"href":"https:\/\/laboklin.de\/de\/wp-json\/wp\/v2\/media?parent=1319223"}],"curies":[{"name":"wp","href":"https:\/\/api.w.org\/{rel}","templated":true}]}}