{"id":1319080,"date":"2022-10-14T10:50:36","date_gmt":"2022-10-14T08:50:36","guid":{"rendered":"https:\/\/laboklin.de\/de\/?page_id=1319080"},"modified":"2022-10-14T10:50:36","modified_gmt":"2022-10-14T08:50:36","slug":"mikrobiologie-klein-pilze","status":"publish","type":"page","link":"https:\/\/laboklin.de\/de\/leistungen\/wasseruntersuchungen\/traenkwasser\/traenkwasser-profile-mikrobiologische\/mikrobiologie-klein-pilze\/","title":{"rendered":"Mikrobiologie klein + Pilze"},"content":{"rendered":"<div class=\"wpb-content-wrapper\"><p>[vc_row type=&#8220;vc_default&#8220;][vc_column][vc_column_text]<h3 class=\"csc-firstHeader\">Profil Tr\u00e4nkwasser - Mikrobiologie klein + Pilze<\/h3><p><span>LABOKLIN Leistungs-ID: 5035<\/span><\/p><table class=\"tx-laboklinleistung-table contenttable contenttable-2\" style=\"margin-top: 35px;\"><tr><td class=\"td-0\"><strong>Material<\/strong><\/td><td class=\"td-1\"><p class=\"bodytext\">500 ml Tr\u00e4nkwasser <\/p><\/td><\/tr><tr><td class=\"td-0\"><strong>Parameter<\/strong><\/td><td class=\"td-1\"><p class=\"bodytext\">Escherichia coli, coliforme Keime, Gesamtkeimzahl bei 20\u00b0C und 36\u00b0C, Hefen und Schimmelpilze<\/p><\/td><\/tr><tr><td class=\"td-0\"><strong>Dauer<\/strong><\/td><td class=\"td-1\"><p class=\"bodytext\">7 Tage<\/p><\/td><\/tr><tr><td class=\"td-0\"><strong>Anmerkung<\/strong><\/td><td class=\"td-1\"><p class=\"bodytext\">Entnahme nach Desinfektion der Probenahmestelle (Abflammen oder Tauchen in eine Alkoholl\u00f6sung oder Desinfektionstuch) und nach Ablaufen des Wassers f\u00fcr mind. 2-3 Minuten. <br> Falls kein steriles Probengef\u00e4\u00df verf\u00fcgbar: Abf\u00fcllen in Mineralwasserflasche.<\/p><\/td><\/tr><\/table>[\/vc_column_text][\/vc_column][\/vc_row]<\/p>\n<\/div>","protected":false},"excerpt":{"rendered":"<p>[vc_row type=&#8220;vc_default&#8220;][vc_column][vc_column_text][\/vc_column_text][\/vc_column][\/vc_row]<\/p>\n","protected":false},"author":10,"featured_media":0,"parent":1319066,"menu_order":5,"comment_status":"closed","ping_status":"closed","template":"","meta":{"_seopress_robots_primary_cat":"","_seopress_titles_title":"","_seopress_titles_desc":"","_seopress_robots_index":"","footnotes":""},"class_list":["post-1319080","page","type-page","status-publish","hentry","description-off"],"_links":{"self":[{"href":"https:\/\/laboklin.de\/de\/wp-json\/wp\/v2\/pages\/1319080","targetHints":{"allow":["GET"]}}],"collection":[{"href":"https:\/\/laboklin.de\/de\/wp-json\/wp\/v2\/pages"}],"about":[{"href":"https:\/\/laboklin.de\/de\/wp-json\/wp\/v2\/types\/page"}],"author":[{"embeddable":true,"href":"https:\/\/laboklin.de\/de\/wp-json\/wp\/v2\/users\/10"}],"replies":[{"embeddable":true,"href":"https:\/\/laboklin.de\/de\/wp-json\/wp\/v2\/comments?post=1319080"}],"version-history":[{"count":1,"href":"https:\/\/laboklin.de\/de\/wp-json\/wp\/v2\/pages\/1319080\/revisions"}],"predecessor-version":[{"id":1319081,"href":"https:\/\/laboklin.de\/de\/wp-json\/wp\/v2\/pages\/1319080\/revisions\/1319081"}],"up":[{"embeddable":true,"href":"https:\/\/laboklin.de\/de\/wp-json\/wp\/v2\/pages\/1319066"}],"wp:attachment":[{"href":"https:\/\/laboklin.de\/de\/wp-json\/wp\/v2\/media?parent=1319080"}],"curies":[{"name":"wp","href":"https:\/\/api.w.org\/{rel}","templated":true}]}}