{"id":1317653,"date":"2022-08-25T17:58:51","date_gmt":"2022-08-25T15:58:51","guid":{"rendered":"https:\/\/laboklin.de\/de\/?page_id=1317653"},"modified":"2025-11-21T16:40:22","modified_gmt":"2025-11-21T15:40:22","slug":"echinokokken","status":"publish","type":"page","link":"https:\/\/laboklin.de\/de\/leistungen\/infektionskrankheiten-erreger-und-antikoerpernachweise\/parasiten\/echinokokken\/","title":{"rendered":"Echinokokken"},"content":{"rendered":"<div class=\"wpb-content-wrapper\"><p>[vc_row][vc_column][vc_column_text]<h3>Leistungsspektrum<\/h3><div class=\"vc_tta-panels-container\"><div class=\"vc_tta-panels\"><li class=\"menu-item sub-page\"><a href=\"https:\/\/laboklin.de\/de\/leistungen\/infektionskrankheiten-erreger-und-antikoerpernachweise\/parasiten\/echinokokken\/echinococcus-multilocularis-granulosus-pcr\/\">Echinococcus multilocularis\/granulosus - PCR<\/a><\/li><li class=\"menu-item sub-page\"><a href=\"https:\/\/laboklin.de\/de\/leistungen\/infektionskrankheiten-erreger-und-antikoerpernachweise\/parasiten\/echinokokken\/echinokokken-antikoerper\/\">Echinokokken - Antik\u00f6rper<\/a><\/li><\/div><\/div>[\/vc_column_text][\/vc_column][\/vc_row][vc_row][vc_column][vc_column_text css=&#8220;.vc_custom_1604579977249{margin-top: 40px !important;}&#8220;]<\/p>\n<h3>Allgemeine Informationen<\/h3>\n<p>Echinococcus (E.) multilocularis bef\u00e4llt als Endwirte neben F\u00fcchsen auch Hunde und Katzen und kommt in Mitteleuropa (v.a. S\u00fcddeutschland, Nordschweiz, West\u00f6sterreich), West- und Osteuropa und fokal in Skandinavien vor. Endwirte von E. granulosus sind Hunde und andere Caniden. E. granulosus wird v.a. im Baltikum, Ost- und S\u00fcdeuropa inkl. Mittelmeerraum nachgewiesen und kommt andernorts nur selten vor.<\/p>\n<p>Echinokokken sind f\u00fcr die Endwirte harmlose Darmparasiten, w\u00e4hrend bei Zwischenwirten (Herbi- und Omnivoren) die Metacestoden-Zysten v.a. in Leber und Lunge entstehen, auch beim Menschen als akzidentiellem Wirt. Bei der zystischen Echinokokkose durch E. granolosus entstehen abgekapselte Herde. Dagegen zeigen die Zysten bei der alveol\u00e4re Echinokokkose durch E. multilocularis invasives Wachstum mit Metastasierung, so dass die Krankheit unbehandelt zum Tod f\u00fchrt. Erh\u00f6htes Risiko eines Echinokokkenbefalls und der Ausscheidung der Bandwurmeier besteht bei Hunden, die Nagetiere fressen oder zur Fuchsjagd im Bau eingesetzt werden.<\/p>\n<p>Die Echinokokkose ist in Deutschland eine bei Hund, Katze, Kaninchen, Hase, Einhufern sowie bei Rind, Schaf und Ziege <strong>meldepflichtige Tierkrankheit.<\/strong>[\/vc_column_text][\/vc_column][\/vc_row]<\/p>\n<\/div>","protected":false},"excerpt":{"rendered":"<p>Erfahren Sie alles \u00fcber Echinococcus bei Hund und Katze: Verbreitung, Risiken und meldepflichtige Tierkrankheiten in Deutschland.<\/p>\n","protected":false},"author":10,"featured_media":0,"parent":940000,"menu_order":5,"comment_status":"closed","ping_status":"closed","template":"","meta":{"_seopress_robots_primary_cat":"","_seopress_titles_title":"Echinokokkose bei Hund und Katze verstehen","_seopress_titles_desc":"Erfahren Sie alles \u00fcber Echinococcus bei Hund und Katze: Verbreitung, Risiken und meldepflichtige Tierkrankheiten in Deutschland.","_seopress_robots_index":"","footnotes":""},"class_list":["post-1317653","page","type-page","status-publish","hentry","description-off"],"_links":{"self":[{"href":"https:\/\/laboklin.de\/de\/wp-json\/wp\/v2\/pages\/1317653","targetHints":{"allow":["GET"]}}],"collection":[{"href":"https:\/\/laboklin.de\/de\/wp-json\/wp\/v2\/pages"}],"about":[{"href":"https:\/\/laboklin.de\/de\/wp-json\/wp\/v2\/types\/page"}],"author":[{"embeddable":true,"href":"https:\/\/laboklin.de\/de\/wp-json\/wp\/v2\/users\/10"}],"replies":[{"embeddable":true,"href":"https:\/\/laboklin.de\/de\/wp-json\/wp\/v2\/comments?post=1317653"}],"version-history":[{"count":3,"href":"https:\/\/laboklin.de\/de\/wp-json\/wp\/v2\/pages\/1317653\/revisions"}],"predecessor-version":[{"id":1574252,"href":"https:\/\/laboklin.de\/de\/wp-json\/wp\/v2\/pages\/1317653\/revisions\/1574252"}],"up":[{"embeddable":true,"href":"https:\/\/laboklin.de\/de\/wp-json\/wp\/v2\/pages\/940000"}],"wp:attachment":[{"href":"https:\/\/laboklin.de\/de\/wp-json\/wp\/v2\/media?parent=1317653"}],"curies":[{"name":"wp","href":"https:\/\/api.w.org\/{rel}","templated":true}]}}