{"id":1317503,"date":"2022-08-18T13:55:14","date_gmt":"2022-08-18T11:55:14","guid":{"rendered":"https:\/\/laboklin.de\/de\/?page_id=1317503"},"modified":"2025-02-25T12:42:49","modified_gmt":"2025-02-25T11:42:49","slug":"zwergwuchs-acan-chondrodysplasie","status":"publish","type":"page","link":"https:\/\/laboklin.de\/de\/leistungen\/genetik\/erbkrankheiten\/pferd\/zwergwuchs-acan-chondrodysplasie\/","title":{"rendered":"Zwergwuchs (ACAN, Chondrodysplasie)"},"content":{"rendered":"<h3 class=\"csc-firstHeader\">Zwergwuchs (ACAN, Chondrodysplasie)<\/h3><p><span>LABOKLIN Leistungs-ID: 8548<\/span><\/p><p class=\"bodytext\">Der Zwergwuchs tritt am h\u00e4ufigsten bei Shetlandponys sowie Miniaturpferden auf. Ph\u00e4notypische Merkmale dieser Erbkrankheit sind Atemprobleme durch eine Gaumenspalte, deformierte M\u00e4uler, eine abnormale Beinl\u00e4nge und gebeugte Vorderbeine, ein unproportional gro\u00dfer Kopf und kurzer Hals, hervorgequollene Augen, abdominale Hernien sowie ein verk\u00fcrzter Brustkorb. Infolgedessen sind betroffene Tiere oft nicht lebensf\u00e4hig oder m\u00fcssen aufgrund der schlechten Lebensqualit\u00e4t euthanasiert werden. Eine Mutation im ACAN-Gen ist verantwortlich f\u00fcr diese Form des Zwergwuchs. Bisher sind 4 unterschiedliche Mutationen bekannt, welche die autosomal-rezessiv vererbbare Krankheit ausl\u00f6sen. Diese werden mit D1, D2, D3 und D4 bezeichnet und k\u00f6nnen auch kombiniert heterozygot krankheitsausl\u00f6send sein. Kombiniert heterozygote Variationen zusammen mit der D1-Variante (au\u00dfer N\/D1) sind sehr sch\u00e4dlich und f\u00fchren oft zum Tod des Pferdes. Eine Kombination mit der D2-Variante wird als die mildeste Form des Zwergwuchs eingestuft. <\/p><table class=\"tx-laboklinleistung-table contenttable contenttable-2\" style=\"margin-top: 35px;\"><tr><td class=\"td-0\"><strong>Methode<\/strong><\/td><td class=\"td-1\"><p class=\"bodytext\">Sequenzierung<\/p><\/td><\/tr><tr><td class=\"td-0\"><strong>Rasse<\/strong><\/td><td class=\"td-1\"><p class=\"bodytext\">American Miniature Horse, Shetlandpony<\/p><\/td><\/tr><tr><td class=\"td-0\"><strong>Erbgang<\/strong><\/td><td class=\"td-1\"><p class=\"bodytext\">siehe Text<\/p><\/td><\/tr><tr><td class=\"td-0\"><strong>Dauer<\/strong><\/td><td class=\"td-1\"><p class=\"bodytext\">1 - 2 Wochen nach Erhalt der Probe<\/p><\/td><\/tr><\/table>\n","protected":false},"excerpt":{"rendered":"<p>Zwergwuchs (ACAN, Chondrodysplasie)LABOKLIN Leistungs-ID: 8548Der Zwergwuchs tritt am h\u00e4ufigsten bei Shetlandponys sowie Miniaturpferden auf. Ph\u00e4notypische Merkmale dieser Erbkrankheit sind Atemprobleme durch eine Gaumenspalte, deformierte M\u00e4uler, eine abnormale Beinl\u00e4nge und gebeugte Vorderbeine, ein unproportional gro\u00dfer Kopf und kurzer Hals, hervorgequollene Augen, abdominale Hernien sowie ein verk\u00fcrzter Brustkorb. Infolgedessen sind betroffene Tiere oft nicht lebensf\u00e4hig oder m\u00fcssen&hellip;<\/p>\n","protected":false},"author":10,"featured_media":0,"parent":1213000,"menu_order":6,"comment_status":"closed","ping_status":"closed","template":"","meta":{"_seopress_robots_primary_cat":"","_seopress_titles_title":"","_seopress_titles_desc":"","_seopress_robots_index":"","footnotes":""},"class_list":["post-1317503","page","type-page","status-publish","hentry","description-off"],"_links":{"self":[{"href":"https:\/\/laboklin.de\/de\/wp-json\/wp\/v2\/pages\/1317503","targetHints":{"allow":["GET"]}}],"collection":[{"href":"https:\/\/laboklin.de\/de\/wp-json\/wp\/v2\/pages"}],"about":[{"href":"https:\/\/laboklin.de\/de\/wp-json\/wp\/v2\/types\/page"}],"author":[{"embeddable":true,"href":"https:\/\/laboklin.de\/de\/wp-json\/wp\/v2\/users\/10"}],"replies":[{"embeddable":true,"href":"https:\/\/laboklin.de\/de\/wp-json\/wp\/v2\/comments?post=1317503"}],"version-history":[{"count":1,"href":"https:\/\/laboklin.de\/de\/wp-json\/wp\/v2\/pages\/1317503\/revisions"}],"predecessor-version":[{"id":1317504,"href":"https:\/\/laboklin.de\/de\/wp-json\/wp\/v2\/pages\/1317503\/revisions\/1317504"}],"up":[{"embeddable":true,"href":"https:\/\/laboklin.de\/de\/wp-json\/wp\/v2\/pages\/1213000"}],"wp:attachment":[{"href":"https:\/\/laboklin.de\/de\/wp-json\/wp\/v2\/media?parent=1317503"}],"curies":[{"name":"wp","href":"https:\/\/api.w.org\/{rel}","templated":true}]}}