{"id":1317000,"date":"2022-07-13T16:29:33","date_gmt":"2022-07-13T14:29:33","guid":{"rendered":"https:\/\/laboklin.de\/de\/?page_id=1317000"},"modified":"2022-07-13T16:29:33","modified_gmt":"2022-07-13T14:29:33","slug":"paket-barbet","status":"publish","type":"page","link":"https:\/\/laboklin.de\/de\/leistungen\/genetik\/genetikpakete\/hund\/paket-barbet\/","title":{"rendered":"Paket Barbet"},"content":{"rendered":"<h3 class=\"csc-firstHeader\">Paket Barbet<\/h3><p><span>LABOKLIN Leistungs-ID: 8783<\/span><\/p><p class=\"bodytext\">Das Paket enth\u00e4lt folgende Tests: <br>Progressive Retinaatrophie (prcd-PRA), von Willebrand Erkrankung Typ 1 (vWD1), D-Lokus d1 (Farbverd\u00fcnnung), K-Lokus<\/p><table class=\"tx-laboklinleistung-table contenttable contenttable-2\" style=\"margin-top: 35px;\"><tr><td class=\"td-0\"><strong>Rasse<\/strong><\/td><td class=\"td-1\"><p class=\"bodytext\">Franz\u00f6sischer Wasserhund (Barbet)<\/p><\/td><\/tr><tr><td class=\"td-0\"><strong>Erbgang<\/strong><\/td><td class=\"td-1\"><p class=\"bodytext\">Weitere Informationen finden Sie in der Beschreibung der jeweiligen Erbkrankheit<\/p><\/td><\/tr><tr><td class=\"td-0\"><strong>Dauer<\/strong><\/td><td class=\"td-1\"><p class=\"bodytext\">1 - 2 Wochen nach Erhalt der Probe<\/p><\/td><\/tr><\/table>\n","protected":false},"excerpt":{"rendered":"<p>Paket BarbetLABOKLIN Leistungs-ID: 8783Das Paket enth\u00e4lt folgende Tests: Progressive Retinaatrophie (prcd-PRA), von Willebrand Erkrankung Typ 1 (vWD1), D-Lokus d1 (Farbverd\u00fcnnung), K-LokusRasseFranz\u00f6sischer Wasserhund (Barbet)ErbgangWeitere Informationen finden Sie in der Beschreibung der jeweiligen ErbkrankheitDauer1 &#8211; 2 Wochen nach Erhalt der Probe<\/p>\n","protected":false},"author":10,"featured_media":0,"parent":1312062,"menu_order":6,"comment_status":"closed","ping_status":"closed","template":"","meta":{"_seopress_robots_primary_cat":"","_seopress_titles_title":"","_seopress_titles_desc":"","_seopress_robots_index":"","footnotes":""},"class_list":["post-1317000","page","type-page","status-publish","hentry","description-off"],"_links":{"self":[{"href":"https:\/\/laboklin.de\/de\/wp-json\/wp\/v2\/pages\/1317000","targetHints":{"allow":["GET"]}}],"collection":[{"href":"https:\/\/laboklin.de\/de\/wp-json\/wp\/v2\/pages"}],"about":[{"href":"https:\/\/laboklin.de\/de\/wp-json\/wp\/v2\/types\/page"}],"author":[{"embeddable":true,"href":"https:\/\/laboklin.de\/de\/wp-json\/wp\/v2\/users\/10"}],"replies":[{"embeddable":true,"href":"https:\/\/laboklin.de\/de\/wp-json\/wp\/v2\/comments?post=1317000"}],"version-history":[{"count":1,"href":"https:\/\/laboklin.de\/de\/wp-json\/wp\/v2\/pages\/1317000\/revisions"}],"predecessor-version":[{"id":1317001,"href":"https:\/\/laboklin.de\/de\/wp-json\/wp\/v2\/pages\/1317000\/revisions\/1317001"}],"up":[{"embeddable":true,"href":"https:\/\/laboklin.de\/de\/wp-json\/wp\/v2\/pages\/1312062"}],"wp:attachment":[{"href":"https:\/\/laboklin.de\/de\/wp-json\/wp\/v2\/media?parent=1317000"}],"curies":[{"name":"wp","href":"https:\/\/api.w.org\/{rel}","templated":true}]}}