{"id":1316966,"date":"2022-07-12T08:14:11","date_gmt":"2022-07-12T06:14:11","guid":{"rendered":"https:\/\/laboklin.de\/de\/?page_id=1316966"},"modified":"2025-01-29T12:53:39","modified_gmt":"2025-01-29T11:53:39","slug":"%ce%b1-chloralose","status":"publish","type":"page","link":"https:\/\/laboklin.de\/de\/leistungen\/vitamine-medikamentenspiegel-vergiftungen\/vergiftungsnachweis\/%ce%b1-chloralose\/","title":{"rendered":"Alpha-Chloralose"},"content":{"rendered":"<h3 class=\"csc-firstHeader\">\u03b1-Chloralose<\/h3><p><span>LABOKLIN Leistungs-ID: 548<\/span><\/p><p class=\"bodytext\"><br>Alpha-Chloralose ist ein frei verk\u00e4ufliches Gift zur Sch\u00e4dlingsbek\u00e4mpfung, das immer h\u00e4ufiger eingesetzt wird. Es wird von Hunden und Katzen direkt oder beim Fressen vergifteter M\u00e4use und Ratten aufgenommen.<br \/>\r\nAlpha-Chloralose wirkt narkotisch und beeintr\u00e4chtigt die Thermoregulation. Es kann zu massiver Unterk\u00fchlung,  neurologischen Symptomen, Silvation, Hypoglyc\u00e4mie und zu Kreislaufversagen kommen und zum Tod f\u00fchren.<br \/>\r\n<\/p><table class=\"tx-laboklinleistung-table contenttable contenttable-2\" style=\"margin-top: 35px;\"><tr><td class=\"td-0\"><strong>Material<\/strong><\/td><td class=\"td-1\"><p class=\"bodytext\">Serum oder Harn 0,5 ml<\/p><\/td><\/tr><tr><td class=\"td-0\"><strong>Methode<\/strong><\/td><td class=\"td-1\"><p class=\"bodytext\">Fl\u00fcssigchromatographie-Massenspektrometrie (LCMS)<\/p><\/td><\/tr><tr><td class=\"td-0\"><strong>Dauer<\/strong><\/td><td class=\"td-1\"><p class=\"bodytext\">1\u20132 Arbeitstage<\/p><\/td><\/tr><\/table>\n","protected":false},"excerpt":{"rendered":"<p>\u03b1-ChloraloseLABOKLIN Leistungs-ID: 548Alpha-Chloralose ist ein frei verk\u00e4ufliches Gift zur Sch\u00e4dlingsbek\u00e4mpfung, das immer h\u00e4ufiger eingesetzt wird. Es wird von Hunden und Katzen direkt oder beim Fressen vergifteter M\u00e4use und Ratten aufgenommen. Alpha-Chloralose wirkt narkotisch und beeintr\u00e4chtigt die Thermoregulation. Es kann zu massiver Unterk\u00fchlung, neurologischen Symptomen, Silvation, Hypoglyc\u00e4mie und zu Kreislaufversagen kommen und zum Tod f\u00fchren. MaterialSerum&hellip;<\/p>\n","protected":false},"author":10,"featured_media":0,"parent":730000,"menu_order":3,"comment_status":"closed","ping_status":"closed","template":"","meta":{"_seopress_robots_primary_cat":"","_seopress_titles_title":"","_seopress_titles_desc":"","_seopress_robots_index":"","footnotes":""},"class_list":["post-1316966","page","type-page","status-publish","hentry","description-off"],"_links":{"self":[{"href":"https:\/\/laboklin.de\/de\/wp-json\/wp\/v2\/pages\/1316966","targetHints":{"allow":["GET"]}}],"collection":[{"href":"https:\/\/laboklin.de\/de\/wp-json\/wp\/v2\/pages"}],"about":[{"href":"https:\/\/laboklin.de\/de\/wp-json\/wp\/v2\/types\/page"}],"author":[{"embeddable":true,"href":"https:\/\/laboklin.de\/de\/wp-json\/wp\/v2\/users\/10"}],"replies":[{"embeddable":true,"href":"https:\/\/laboklin.de\/de\/wp-json\/wp\/v2\/comments?post=1316966"}],"version-history":[{"count":3,"href":"https:\/\/laboklin.de\/de\/wp-json\/wp\/v2\/pages\/1316966\/revisions"}],"predecessor-version":[{"id":1316969,"href":"https:\/\/laboklin.de\/de\/wp-json\/wp\/v2\/pages\/1316966\/revisions\/1316969"}],"up":[{"embeddable":true,"href":"https:\/\/laboklin.de\/de\/wp-json\/wp\/v2\/pages\/730000"}],"wp:attachment":[{"href":"https:\/\/laboklin.de\/de\/wp-json\/wp\/v2\/media?parent=1316966"}],"curies":[{"name":"wp","href":"https:\/\/api.w.org\/{rel}","templated":true}]}}