{"id":1316780,"date":"2022-08-26T09:47:36","date_gmt":"2022-08-26T07:47:36","guid":{"rendered":"https:\/\/laboklin.de\/de\/?page_id=1316780"},"modified":"2025-12-08T13:29:03","modified_gmt":"2025-12-08T12:29:03","slug":"referenzwerte","status":"publish","type":"page","link":"https:\/\/laboklin.de\/de\/fachinformationen\/referenzwerte\/","title":{"rendered":"Referenzwerte"},"content":{"rendered":"<div class=\"wpb-content-wrapper\"><p>[vc_row][vc_column][vc_single_image image=&#8220;1320590&#8243; img_size=&#8220;full&#8220;][vc_column_text css=&#8220;.vc_custom_1674201034520{margin-top: 20px !important;margin-bottom: 20px !important;}&#8220;]<\/p>\n<h3><strong>Referenzwerte<\/strong> \u2013 immer und \u00fcberall abrufbar<\/h3>\n<p>In der Labordiagnostik stellen Referenzwerte f\u00fcr klinisch-chemische, h\u00e4matologische und endokrinologische Parameter eine wertvolle Hilfe zur Erkennung pathologischer Prozesse dar. Umso wichtiger ist es, die g\u00e4ngigsten Referenzwerte immer und \u00fcberall zur Hand \u00a0zu haben.<\/p>\n<p>Laboklin macht\u2019s m\u00f6glich: Mit der brandneuen LaboRef-App stehen h\u00e4ufig ben\u00f6tigte Referenzwerte, sortiert nach Kategorie und Tierart, jederzeit und \u00fcberall zum Abruf bereit. Dar\u00fcber hinaus stellen wir als akkreditiertes Fachlabor f\u00fcr veterin\u00e4rmedizinische Diagnostik Referenzwerte-Poster zur Verf\u00fcgung.<\/p>\n<p><strong>Behalten Sie den \u00dcberblick und erleichtern Sie sich die Arbeit mit dem kostenfreien Service von Laboklin zu Referenzwerten bei Haus- und Nutztieren. <\/strong><\/p>\n<p>N\u00e4here Informationen finden Sie im <a href=\"https:\/\/apps.apple.com\/de\/app\/laboref\/id1102850110\" target=\"_blank\" rel=\"noopener\"><span style=\"color: #ff0000;\"> <u><strong>App Store<\/strong><\/u><\/span> <\/a>und im <a style=\"color: #ff0000;\" href=\"https:\/\/play.google.com\/store\/apps\/details?id=de.laboklin.LaboRef&amp;gl=DE\" target=\"_blank\" rel=\"noopener\"><u><strong>Play Store<\/strong><\/u><\/a>.[\/vc_column_text][vc_row_inner][vc_column_inner width=&#8220;1\/3&#8243;][vc_single_image image=&#8220;1320600&#8243; img_size=&#8220;150&#215;151&#8243; alignment=&#8220;center&#8220;][\/vc_column_inner][vc_column_inner width=&#8220;1\/3&#8243;][vc_single_image image=&#8220;1320591&#8243; img_size=&#8220;medium&#8220;][\/vc_column_inner][vc_column_inner width=&#8220;1\/3&#8243;][vc_single_image image=&#8220;1320592&#8243; img_size=&#8220;medium&#8220; alignment=&#8220;right&#8220;][\/vc_column_inner][\/vc_row_inner][\/vc_column][\/vc_row][vc_row type=&#8220;vc_default&#8220; disable_element=&#8220;yes&#8220; css=&#8220;.vc_custom_1725368189457{margin-top: 40px !important;margin-bottom: 1px !important;}&#8220;][vc_column]<div class=\"dt-fancy-separator title-left h1-size accent-title-color\" style=\"width: 100%;\"><div class=\"dt-fancy-title bg-on\"><span class=\"separator-holder separator-left\"><\/span>Referenzwerte<span class=\"separator-holder separator-right\"><\/span><\/div><\/div>[\/vc_column][\/vc_row][vc_row type=&#8220;vc_default&#8220; disable_element=&#8220;yes&#8220; css=&#8220;.vc_custom_1725368180440{margin-top: 20px !important;margin-bottom: 30px !important;}&#8220;][vc_column][vc_column_text css=&#8220;.vc_custom_1679562573008{padding-left: 35px !important;}&#8220;]<\/p>\n<p style=\"text-size-adjust: none; padding: 0px; margin: 0px 0px 10px; color: #344251; font-family: 'Open Sans', Helvetica, Arial, Verdana, sans-serif; font-size: 15px;\">Die Referenzwerte der Enzyme beziehen sich auf eine Messtemperatur von 37\u00b0C.<\/p>\n<h6 style=\"text-size-adjust: none; padding: 0px; margin: 0px 0px 10px; color: #344251; font-family: 'Open Sans', Helvetica, Arial, Verdana, sans-serif; font-size: 15px;\"><strong>Aktualisierung <span style=\"color: #ff0000;\">03.2023<\/span><\/strong><\/h6>\n<p>[\/vc_column_text][\/vc_column][\/vc_row][vc_row type=&#8220;vc_default&#8220; disable_element=&#8220;yes&#8220;][vc_column][vc_tta_tabs style=&#8220;modern&#8220; shape=&#8220;square&#8220; color=&#8220;juicy-pink&#8220; active_section=&#8220;0&#8243; no_fill_content_area=&#8220;true&#8220;][vc_tta_section i_icon_fontawesome=&#8220;fas fa-chevron-right&#8220; add_icon=&#8220;true&#8220; title=&#8220;Hund, Katze, Pferd&#8220; tab_id=&#8220;1611140349354-f58f6958-5301&#8243;][vc_single_image image=&#8220;1338900&#8243; img_size=&#8220;full&#8220; style=&#8220;vc_box_border&#8220; onclick=&#8220;custom_link&#8220; img_link_target=&#8220;_blank&#8220; css=&#8220;.vc_custom_1679994863251{margin-bottom: 10px !important;}&#8220; title=&#8220;(1) Klinisch-chemische Werte&#8220; link=&#8220;https:\/\/laboklin.de\/wp-content\/uploads\/2023\/03\/Referenztabelle_03.2023_HKP-klinisch-chemische_S1.pdf&#8220;][vc_single_image image=&#8220;1317667&#8243; img_size=&#8220;full&#8220; style=&#8220;vc_box_border&#8220; onclick=&#8220;custom_link&#8220; img_link_target=&#8220;_blank&#8220; css=&#8220;.vc_custom_1661499773312{margin-bottom: 10px !important;}&#8220; title=&#8220;(2) H\u00e4matologische Werte&#8220; link=&#8220;https:\/\/laboklin.de\/wp-content\/uploads\/2022\/08\/Referenzwerte_HKP-Heamatologie_S2.pdf&#8220;][vc_single_image image=&#8220;1320570&#8243; img_size=&#8220;full&#8220; style=&#8220;vc_box_border&#8220; onclick=&#8220;custom_link&#8220; img_link_target=&#8220;_blank&#8220; title=&#8220;(3) Hormone&#8220; link=&#8220;https:\/\/laboklin.de\/wp-content\/uploads\/2023\/01\/12_Referenzwerte_HKP-Hormone_S3.pdf&#8220;][\/vc_tta_section][vc_tta_section i_icon_fontawesome=&#8220;fas fa-chevron-right&#8220; add_icon=&#8220;true&#8220; title=&#8220;Kaninchen, Meerschweinchen und Frettchen&#8220; tab_id=&#8220;1611141082930-af9046df-80fb&#8220;][vc_single_image image=&#8220;1320577&#8243; img_size=&#8220;full&#8220; style=&#8220;vc_box_border&#8220; onclick=&#8220;custom_link&#8220; img_link_target=&#8220;_blank&#8220; css=&#8220;.vc_custom_1674056988928{margin-bottom: 10px !important;}&#8220; lazy_loading=&#8220;true&#8220; title=&#8220;(1) Klinisch-chemische Werte&#8220; link=&#8220;https:\/\/laboklin.de\/wp-content\/uploads\/2023\/01\/12_Referenzwerte_Kleintier-klinisch-chemische_S4.pdf&#8220;][vc_single_image image=&#8220;1320576&#8243; img_size=&#8220;full&#8220; style=&#8220;vc_box_border&#8220; onclick=&#8220;custom_link&#8220; img_link_target=&#8220;_blank&#8220; title=&#8220;(2) H\u00e4matologische Werte&#8220; link=&#8220;https:\/\/laboklin.de\/wp-content\/uploads\/2023\/01\/12_Referenzwerte_Kleintier-Heamatologie_S5.pdf&#8220;][\/vc_tta_section][vc_tta_section i_icon_fontawesome=&#8220;fas fa-chevron-right&#8220; add_icon=&#8220;true&#8220; title=&#8220;Nutztier&#8220; tab_id=&#8220;1611140349370-8be2f7bb-5764&#8243;][vc_single_image image=&#8220;1320574&#8243; img_size=&#8220;full&#8220; style=&#8220;vc_box_border&#8220; onclick=&#8220;custom_link&#8220; img_link_target=&#8220;_blank&#8220; css=&#8220;.vc_custom_1674055692217{margin-bottom: 10px !important;}&#8220; title=&#8220;(1) Klinisch-chemische Werte&#8220; link=&#8220;https:\/\/laboklin.de\/wp-content\/uploads\/2023\/01\/12_Referenzwerte_Nutztier-klinisch-chemische_S8-9.pdf&#8220;][vc_single_image image=&#8220;1320598&#8243; img_size=&#8220;full&#8220; style=&#8220;vc_box_border&#8220; onclick=&#8220;custom_link&#8220; img_link_target=&#8220;_blank&#8220; title=&#8220;(2) H\u00e4matologische Werte&#8220; link=&#8220;https:\/\/laboklin.de\/wp-content\/uploads\/2023\/01\/12_Referenzwerte_Nutztier-Heamatologie_S10.pdf&#8220;][\/vc_tta_section][vc_tta_section i_icon_fontawesome=&#8220;fas fa-chevron-right&#8220; add_icon=&#8220;true&#8220; title=&#8220;V\u00f6gel&#8220; tab_id=&#8220;1611141100593-233d7e25-8de5&#8243;][vc_single_image image=&#8220;1317682&#8243; img_size=&#8220;full&#8220; style=&#8220;vc_box_border&#8220; onclick=&#8220;custom_link&#8220; img_link_target=&#8220;_blank&#8220; css=&#8220;.vc_custom_1661500008920{margin-bottom: 10px !important;}&#8220; title=&#8220;(1) Klinisch-chemische Werte&#8220; link=&#8220;https:\/\/laboklin.de\/wp-content\/uploads\/2022\/08\/Referenzwerte_Voegel-klinisch-chemische_S6.pdf&#8220;][vc_single_image image=&#8220;1317681&#8243; img_size=&#8220;full&#8220; style=&#8220;vc_box_border&#8220; onclick=&#8220;custom_link&#8220; img_link_target=&#8220;_blank&#8220; title=&#8220;(2) H\u00e4matologische Werte&#8220; link=&#8220;https:\/\/laboklin.de\/wp-content\/uploads\/2022\/08\/Referenzwerte_Voegel-Heamatologie_S7.pdf&#8220;][\/vc_tta_section][\/vc_tta_tabs][\/vc_column][\/vc_row][vc_row type=&#8220;vc_default&#8220; css=&#8220;.vc_custom_1672744157926{margin-top: 40px !important;margin-bottom: 1px !important;}&#8220;][vc_column]<div class=\"dt-fancy-separator title-left h1-size accent-title-color\" style=\"width: 100%;\"><div class=\"dt-fancy-title bg-on\"><span class=\"separator-holder separator-left\"><\/span>Referenzwerte<span class=\"separator-holder separator-right\"><\/span><\/div><\/div>[\/vc_column][\/vc_row][vc_row type=&#8220;vc_default&#8220; css=&#8220;.vc_custom_1672743374724{margin-top: 20px !important;margin-bottom: 30px !important;}&#8220;][vc_column css=&#8220;.vc_custom_1672743917107{margin-top: 0px !important;}&#8220;][vc_column_text css=&#8220;.vc_custom_1748338827314{padding-left: 35px !important;}&#8220;]<strong>als POSTER zum downloaden <\/strong>(Stand:<strong> <span style=\"color: #ff0000;\">April 2025<\/span>)<\/strong>[\/vc_column_text][\/vc_column][\/vc_row][vc_row][vc_column][vc_tta_tabs style=&#8220;modern&#8220; shape=&#8220;square&#8220; color=&#8220;juicy-pink&#8220; active_section=&#8220;1&#8243; no_fill_content_area=&#8220;true&#8220;][vc_tta_section i_icon_fontawesome=&#8220;fas fa-chevron-right&#8220; add_icon=&#8220;true&#8220; title=&#8220;Hund, Katze, Kaninchen, Meerschweinchen&#8220; tab_id=&#8220;1672743004090-d74bb495-9132&#8243;][vc_single_image image=&#8220;1577392&#8243; img_size=&#8220;full&#8220; style=&#8220;vc_box_border&#8220; onclick=&#8220;custom_link&#8220; img_link_target=&#8220;_blank&#8220; css=&#8220;.vc_custom_1765196938976{margin-top: 30px !important;}&#8220; title=&#8220;REFERENZWERTE HUND, KATZE, KANINCHEN, MEERSCHWEINCHEN&#8220; link=&#8220;https:\/\/laboklin.de\/wp-content\/uploads\/2025\/12\/bestell-poster_referenzwerte_hd_ktz_kan_meerschw_1225.pdf&#8220;][\/vc_tta_section][vc_tta_section i_icon_fontawesome=&#8220;fas fa-chevron-right&#8220; add_icon=&#8220;true&#8220; title=&#8220;Pferd, Esel, Alpaka, Lama&#8220; tab_id=&#8220;1672743004144-4517396e-4e4c&#8220;][vc_single_image image=&#8220;1550833&#8243; img_size=&#8220;full&#8220; add_caption=&#8220;yes&#8220; style=&#8220;vc_box_border&#8220; onclick=&#8220;custom_link&#8220; img_link_target=&#8220;_blank&#8220; css=&#8220;.vc_custom_1753167603673{margin-top: 30px !important;}&#8220; title=&#8220;REFERENZWERTE PFERD, ESEL, ALPAKA, LAMA&#8220; link=&#8220;https:\/\/laboklin.de\/wp-content\/uploads\/2025\/07\/poster_referenzwerte_pferd-esel-alpaka-lama.pdf&#8220;][\/vc_tta_section][vc_tta_section i_icon_fontawesome=&#8220;fas fa-chevron-right&#8220; add_icon=&#8220;true&#8220; title=&#8220;Rind, Schaf, Ziege, Schwein&#8220; tab_id=&#8220;1672743004189-70e6e19f-f17f&#8220;][vc_single_image image=&#8220;1523482&#8243; img_size=&#8220;full&#8220; add_caption=&#8220;yes&#8220; style=&#8220;vc_box_border&#8220; onclick=&#8220;custom_link&#8220; img_link_target=&#8220;_blank&#8220; css=&#8220;.vc_custom_1753167660607{margin-top: 30px !important;}&#8220; title=&#8220;REFERENZWERTE RIND, SCHAF, ZIEGE, SCHWEIN&#8220; link=&#8220;https:\/\/laboklin.de\/wp-content\/uploads\/2025\/05\/referenzwerte_rind-schaf-ziege-schwein_04-2025.pdf&#8220;][\/vc_tta_section][\/vc_tta_tabs][\/vc_column][\/vc_row][vc_row type=&#8220;vc_default&#8220; disable_element=&#8220;yes&#8220;][vc_column width=&#8220;1\/2&#8243;]<div class=\"flip-box-wrap\" tabindex=\"0\" style=\"\"><div class=\"flip-box ifb-jq-height  horizontal_flip_left flip-ifb-jq-height\" data-animation=\"\" data-animation-delay=\"03\" style=\"\" ><div class=\"ifb-flip-box\" id=\"flip-box-wrap-4179\"><div class=\"ifb-face ifb-front \" style=\"color:#333333;background:#efefef;  border-color:#A4A4A4; \">\n\t\t\t\t\t\t\t<div class=\"ifb-flip-box-section ifb-flip-box-section-vertical-middle\">\n\t\t\t\t\t\t\t<div class=\"flip-box-icon\"><div class=\"ult-just-icon-wrapper  \"><div class=\"align-icon\" style=\"text-align:center;\">\n<div class=\"aio-icon-img \" style=\"font-size:600px;display:inline-block;\" >\n\t<img decoding=\"async\" class=\"img-icon\" alt=\"null\" src=\"https:\/\/laboklin.de\/wp-content\/uploads\/2022\/12\/plakat_referenzwert_594x420_221010_web-scaled.jpg\"\/>\n<\/div><\/div><\/div><\/div><\/div><\/div><!-- END .front -->\n\t\t\t\t\t\t<div class=\"ifb-face ifb-back\" style=\"color:#333333;background:#efefef;  border-color:#A4A4A4; \">\n\t\t\t\t\t\t\t<div class=\"ifb-flip-box-section ifb-flip-box-section-vertical-middle\"><div class=\"flip_link\"><a href=\"https:\/\/laboklin.de\/de\/wp-content\/uploads\/2022\/12\/plakat_referenzwert_594x420_221010_web.pdf\" title=\"LABOKLIN Poster Referenzwerte Hund Katze Kaninchen Meerschweinchen\" target=\"_blank\" rel=\"noopener\"  style=\"background:#e51e1e; color:#ffffff;\">POSTER als .PDF downloaden<\/a><\/div><\/div><\/div><!-- END .back --><\/div> <!-- ifb-flip-box --><\/div> <!-- flip-box --><\/div><!-- End icon block -->[\/vc_column][vc_column width=&#8220;1\/2&#8243;]<div class=\"flip-box-wrap\" tabindex=\"0\" style=\"\"><div class=\"flip-box ifb-jq-height  horizontal_flip_left flip-ifb-jq-height\" data-animation=\"\" data-animation-delay=\"03\" style=\"\" ><div class=\"ifb-flip-box\" id=\"flip-box-wrap-6491\"><div class=\"ifb-face ifb-front \" style=\"color:#333333;background:#efefef;  border-color:#A4A4A4; \">\n\t\t\t\t\t\t\t<div class=\"ifb-flip-box-section ifb-flip-box-section-vertical-middle\">\n\t\t\t\t\t\t\t<div class=\"flip-box-icon\"><div class=\"ult-just-icon-wrapper  \"><div class=\"align-icon\" style=\"text-align:center;\">\n<div class=\"aio-icon-img \" style=\"font-size:600px;display:inline-block;\" >\n\t<img decoding=\"async\" class=\"img-icon\" alt=\"null\" src=\"https:\/\/laboklin.de\/wp-content\/uploads\/2022\/12\/referenzwerte_pferd-esel-lama-alpaka_420x594_221111_ansicht-scaled.jpg\"\/>\n<\/div><\/div><\/div><\/div><\/div><\/div><!-- END .front -->\n\t\t\t\t\t\t<div class=\"ifb-face ifb-back\" style=\"color:#333333;background:#efefef;  border-color:#A4A4A4; \">\n\t\t\t\t\t\t\t<div class=\"ifb-flip-box-section ifb-flip-box-section-vertical-middle\"><div class=\"flip_link\"><a href=\"https:\/\/laboklin.de\/de\/wp-content\/uploads\/2022\/12\/referenzwerte_pferd-esel-lama-alpaka_420x594_221111_ansicht-1.pdf\" title=\"LABOKLIN Poster Referenzwerte Pferd Esel Lama Alpaka\" target=\"_blank\" rel=\"noopener\"  style=\"background:#e51e1e; color:#ffffff;\">POSTER als .PDF downloaden<\/a><\/div><\/div><\/div><!-- END .back --><\/div> <!-- ifb-flip-box --><\/div> <!-- flip-box --><\/div><!-- End icon block -->[\/vc_column][\/vc_row][vc_row type=&#8220;vc_default&#8220; disable_element=&#8220;yes&#8220;][vc_column width=&#8220;1\/2&#8243;]<div class=\"flip-box-wrap\" tabindex=\"0\" style=\"\"><div class=\"flip-box ifb-jq-height  horizontal_flip_left flip-ifb-jq-height\" data-animation=\"\" data-animation-delay=\"03\" style=\"\" ><div class=\"ifb-flip-box\" id=\"flip-box-wrap-6976\"><div class=\"ifb-face ifb-front \" style=\"color:#333333;background:#efefef;  border-color:#A4A4A4; \">\n\t\t\t\t\t\t\t<div class=\"ifb-flip-box-section ifb-flip-box-section-vertical-middle\">\n\t\t\t\t\t\t\t<div class=\"flip-box-icon\"><div class=\"ult-just-icon-wrapper  \"><div class=\"align-icon\" style=\"text-align:center;\">\n<div class=\"aio-icon-img \" style=\"font-size:600px;display:inline-block;\" >\n\t<img decoding=\"async\" class=\"img-icon\" alt=\"null\" src=\"https:\/\/laboklin.de\/wp-content\/uploads\/2022\/12\/Referenzwerte_Rind-Schaf-Ziege-Schwein_A2-scaled.jpg\"\/>\n<\/div><\/div><\/div><\/div><\/div><\/div><!-- END .front -->\n\t\t\t\t\t\t<div class=\"ifb-face ifb-back\" style=\"color:#333333;background:#efefef;  border-color:#A4A4A4; \">\n\t\t\t\t\t\t\t<div class=\"ifb-flip-box-section ifb-flip-box-section-vertical-middle\"><div class=\"flip_link\"><a href=\"https:\/\/laboklin.de\/de\/wp-content\/uploads\/2022\/12\/Referenzwerte_Rind-Schaf-Ziege-Schwein_A2.pdf\" title=\"LABOKLIN Poster Referenzwerte Rind Schaf Ziege Schwein\" target=\"_blank\" rel=\"noopener\"  style=\"background:#e51e1e; color:#ffffff;\">POSTER als .PDF downloaden<\/a><\/div><\/div><\/div><!-- END .back --><\/div> <!-- ifb-flip-box --><\/div> <!-- flip-box --><\/div><!-- End icon block -->[\/vc_column][vc_column width=&#8220;1\/2&#8243;][\/vc_column][\/vc_row]<\/p>\n<\/div>","protected":false},"excerpt":{"rendered":"<p>[vc_row][vc_column][vc_single_image image=&#8220;1320590&#8243; img_size=&#8220;full&#8220;][vc_column_text css=&#8220;.vc_custom_1674201034520{margin-top: 20px !important;margin-bottom: 20px !important;}&#8220;] Referenzwerte \u2013 immer und \u00fcberall abrufbar In der Labordiagnostik stellen Referenzwerte f\u00fcr klinisch-chemische, h\u00e4matologische und endokrinologische Parameter eine wertvolle Hilfe zur Erkennung pathologischer Prozesse dar. Umso wichtiger ist es, die g\u00e4ngigsten Referenzwerte immer und \u00fcberall zur Hand \u00a0zu haben. Laboklin macht\u2019s m\u00f6glich: Mit der brandneuen LaboRef-App stehen&hellip;<\/p>\n","protected":false},"author":10,"featured_media":0,"parent":251,"menu_order":13,"comment_status":"closed","ping_status":"closed","template":"","meta":{"_seopress_robots_primary_cat":"","_seopress_titles_title":"","_seopress_titles_desc":"","_seopress_robots_index":"","footnotes":""},"class_list":["post-1316780","page","type-page","status-publish","hentry","description-off"],"_links":{"self":[{"href":"https:\/\/laboklin.de\/de\/wp-json\/wp\/v2\/pages\/1316780","targetHints":{"allow":["GET"]}}],"collection":[{"href":"https:\/\/laboklin.de\/de\/wp-json\/wp\/v2\/pages"}],"about":[{"href":"https:\/\/laboklin.de\/de\/wp-json\/wp\/v2\/types\/page"}],"author":[{"embeddable":true,"href":"https:\/\/laboklin.de\/de\/wp-json\/wp\/v2\/users\/10"}],"replies":[{"embeddable":true,"href":"https:\/\/laboklin.de\/de\/wp-json\/wp\/v2\/comments?post=1316780"}],"version-history":[{"count":66,"href":"https:\/\/laboklin.de\/de\/wp-json\/wp\/v2\/pages\/1316780\/revisions"}],"predecessor-version":[{"id":1577411,"href":"https:\/\/laboklin.de\/de\/wp-json\/wp\/v2\/pages\/1316780\/revisions\/1577411"}],"up":[{"embeddable":true,"href":"https:\/\/laboklin.de\/de\/wp-json\/wp\/v2\/pages\/251"}],"wp:attachment":[{"href":"https:\/\/laboklin.de\/de\/wp-json\/wp\/v2\/media?parent=1316780"}],"curies":[{"name":"wp","href":"https:\/\/api.w.org\/{rel}","templated":true}]}}