{"id":1316321,"date":"2022-05-20T12:06:55","date_gmt":"2022-05-20T10:06:55","guid":{"rendered":"https:\/\/laboklin.de\/de\/?page_id=1316321"},"modified":"2025-02-25T13:15:27","modified_gmt":"2025-02-25T12:15:27","slug":"farbvariante-tabby-mackerel-blotched","status":"publish","type":"page","link":"https:\/\/laboklin.de\/de\/leistungen\/genetik\/fellfarbe-haarstruktur\/katze\/farbvariante-tabby-mackerel-blotched\/","title":{"rendered":"Farbvariante Tabby (Mackerel, Blotched)"},"content":{"rendered":"<h3 class=\"csc-firstHeader\">Farbvariante Tabby (Mackerel, Blotched)<\/h3><p><span>LABOKLIN Leistungs-ID: 8778<\/span><\/p><p class=\"bodytext\">Die genetische Untersuchung auf Tabby erm\u00f6glicht eine Unterscheidung zwischen einer getigerten Fellzeichnung (Mackerel Tabby) und einer gestromten Fellzeichnung (Blotched oder Classic Tabby). Mackerel-Tabby-Katzen kennzeichnen sich durch vertikale Streifen mit regelm\u00e4\u00dfigen Abst\u00e4nden aus, Blotched-Tabby-Katzen durch eine breite, weniger regelm\u00e4\u00dfige dunkle Musterung auf einem hellen Hintergrund. Verantwortlich f\u00fcr die Anordnung der dunklen Farbmuster sind verschiedene Varianten des Taqpep-Gens. Um die Allele des Tabby-Lokus auspr\u00e4gen zu k\u00f6nnen, muss die Katze am A-Lokus den Genotyp AA oder Aa aufweisen. Mackerel Tabby wird dominant \u00fcber Blotched Tabby vererbt. <\/p><table class=\"tx-laboklinleistung-table contenttable contenttable-2\" style=\"margin-top: 35px;\"><tr><td class=\"td-0\"><strong>Methode<\/strong><\/td><td class=\"td-1\"><p class=\"bodytext\">Sequenzierung <\/p><\/td><\/tr><tr><td class=\"td-0\"><strong>Dauer<\/strong><\/td><td class=\"td-1\"><p class=\"bodytext\">1 - 2 Wochen nach Erhalt der Probe <\/p><\/td><\/tr><\/table>\n","protected":false},"excerpt":{"rendered":"<p>Farbvariante Tabby (Mackerel, Blotched)LABOKLIN Leistungs-ID: 8778Die genetische Untersuchung auf Tabby erm\u00f6glicht eine Unterscheidung zwischen einer getigerten Fellzeichnung (Mackerel Tabby) und einer gestromten Fellzeichnung (Blotched oder Classic Tabby). Mackerel-Tabby-Katzen kennzeichnen sich durch vertikale Streifen mit regelm\u00e4\u00dfigen Abst\u00e4nden aus, Blotched-Tabby-Katzen durch eine breite, weniger regelm\u00e4\u00dfige dunkle Musterung auf einem hellen Hintergrund. Verantwortlich f\u00fcr die Anordnung der dunklen&hellip;<\/p>\n","protected":false},"author":10,"featured_media":0,"parent":1222000,"menu_order":1,"comment_status":"closed","ping_status":"closed","template":"","meta":{"_seopress_robots_primary_cat":"","_seopress_titles_title":"","_seopress_titles_desc":"","_seopress_robots_index":"","footnotes":""},"class_list":["post-1316321","page","type-page","status-publish","hentry","description-off"],"_links":{"self":[{"href":"https:\/\/laboklin.de\/de\/wp-json\/wp\/v2\/pages\/1316321","targetHints":{"allow":["GET"]}}],"collection":[{"href":"https:\/\/laboklin.de\/de\/wp-json\/wp\/v2\/pages"}],"about":[{"href":"https:\/\/laboklin.de\/de\/wp-json\/wp\/v2\/types\/page"}],"author":[{"embeddable":true,"href":"https:\/\/laboklin.de\/de\/wp-json\/wp\/v2\/users\/10"}],"replies":[{"embeddable":true,"href":"https:\/\/laboklin.de\/de\/wp-json\/wp\/v2\/comments?post=1316321"}],"version-history":[{"count":1,"href":"https:\/\/laboklin.de\/de\/wp-json\/wp\/v2\/pages\/1316321\/revisions"}],"predecessor-version":[{"id":1316322,"href":"https:\/\/laboklin.de\/de\/wp-json\/wp\/v2\/pages\/1316321\/revisions\/1316322"}],"up":[{"embeddable":true,"href":"https:\/\/laboklin.de\/de\/wp-json\/wp\/v2\/pages\/1222000"}],"wp:attachment":[{"href":"https:\/\/laboklin.de\/de\/wp-json\/wp\/v2\/media?parent=1316321"}],"curies":[{"name":"wp","href":"https:\/\/api.w.org\/{rel}","templated":true}]}}