{"id":1316317,"date":"2022-05-20T11:56:09","date_gmt":"2022-05-20T09:56:09","guid":{"rendered":"https:\/\/laboklin.de\/de\/?page_id=1316317"},"modified":"2025-11-24T08:25:03","modified_gmt":"2025-11-24T07:25:03","slug":"farbvariante-gold-kupfer-sunshine-extreme-sunshine","status":"publish","type":"page","link":"https:\/\/laboklin.de\/de\/leistungen\/genetik\/fellfarbe-haarstruktur\/katze\/farbvariante-gold-kupfer-sunshine-extreme-sunshine\/","title":{"rendered":"Farbvariante Gold (Kupfer, Sunshine, extreme Sunshine)"},"content":{"rendered":"<h3 class=\"csc-firstHeader\">Farbvariante Gold (Kupfer, Sunshine, extreme Sunshine)<\/h3><p><span>LABOKLIN Leistungs-ID: 8775<\/span><\/p><p class=\"bodytext\">Bei der Farbvariante Gold handelt es sich um eine Modifikation der Tabby-Zeichnung bei der Rasse Britisch Kurzhaar. Eine Mutation im CORIN-Gen bewirkt eine Zunahme der Ph\u00e4nomelanin-Bande der Einzelhaare sowie eine Verdr\u00e4ngung des Eumelanins an die Haarspitze. Reinerbige Tiere sind gekennzeichnet durch eine Aufhellung der Tabby-Zeichnung und eine Goldf\u00e4rbung des Fells, die von einem warmen Farbton bis hin zu einem kupferfarbenen Ph\u00e4notyp mit rot-goldenem Mantel und cremefarbenen Abzeichen an Bauch und Pfotenoberseiten reichen kann. Die Farbvariante kann sich nur auspr\u00e4gen, wenn die Katze am Agouti-Lokus den Genotyp AA oder Aa aufweist.Bei der Farbvariante Gold bzw. Sunshine handelt es sich um eine Modifikation der Tabby-Zeichnung, die f\u00fcr Sibirische Katzen, Kurilen Bobtail und Toy Bob beschrieben ist. Eine Mutation im CORIN-Gen bewirkt eine Zunahme der Ph\u00e4omelanin-Bande der Einzelhaare sowie eine stellenweise Farbintensivierung des Ph\u00e4omelanins. Reinerbige Tiere sind gekennzeichnet durch eine Aufhellung der Tabby-Kennzeichen, einen cremefarbenen bis wei\u00dfen Bereich um die Nase, der sich bis auf die Brust erstreckt und eine rosa Nase ohne die f\u00fcr Tabby-Katzen typische dunkle Umrandung. Die Farbvariante kann sich nur auspr\u00e4gen, wenn die Katze am Agouti-Lokus den Genotyp A\/A (\u201esunshine\u201c) oder A\/a (\u201edark sunshine\u201c) aufweist. Zus\u00e4tzlich wurde eine weitere Mutation entdeckt, die zu einer noch st\u00e4rkeren Farbmodifikation f\u00fchrt und als \u201eextreme Sunshine\u201c bezeichnet wird. Extrem-Sunshine-Katzen haben eine starke Aufhellung der Tabby-Zeichen, einen hellen, cremefarbenen Bauch und die gleiche rosa Nase ohne die dunkle Linie, die bei Sunshine-Katzen zu beobachten ist. Der Erbgang erfolgt nach der allelischen Reihe: N > wbeSib > wbSib.<\/p><table class=\"tx-laboklinleistung-table contenttable contenttable-2\" style=\"margin-top: 35px;\"><tr><td class=\"td-0\"><strong>Methode<\/strong><\/td><td class=\"td-1\"><p class=\"bodytext\">Sequenzierung<\/p><\/td><\/tr><tr><td class=\"td-0\"><strong>Rasse<\/strong><\/td><td class=\"td-1\"><p class=\"bodytext\">Britisch Kurzhaar, Kurilen Bobtail, Sibirische Katze<\/p><\/td><\/tr><tr><td class=\"td-0\"><strong>Dauer<\/strong><\/td><td class=\"td-1\"><p class=\"bodytext\">1 - 2 Wochen nach Erhalt der Probe <\/p><\/td><\/tr><\/table>\n","protected":false},"excerpt":{"rendered":"<p>Gold, Kupfer, Sunshine &#038; extreme Sunshine: CORIN-Gen-Mutation ver\u00e4ndert Tabby-Muster bei Britisch Kurzhaar &#038; Sibirischer Katze.<\/p>\n","protected":false},"author":10,"featured_media":0,"parent":1222000,"menu_order":3,"comment_status":"closed","ping_status":"closed","template":"","meta":{"_seopress_robots_primary_cat":"","_seopress_titles_title":"Genetik der Fellfarbe: Gold, Kupfer & Sunshine Katze","_seopress_titles_desc":"Gold, Kupfer, Sunshine & extreme Sunshine: CORIN-Gen-Mutation ver\u00e4ndert Tabby-Muster bei Britisch Kurzhaar & Sibirischer Katze.","_seopress_robots_index":"","footnotes":""},"class_list":["post-1316317","page","type-page","status-publish","hentry","description-off"],"_links":{"self":[{"href":"https:\/\/laboklin.de\/de\/wp-json\/wp\/v2\/pages\/1316317","targetHints":{"allow":["GET"]}}],"collection":[{"href":"https:\/\/laboklin.de\/de\/wp-json\/wp\/v2\/pages"}],"about":[{"href":"https:\/\/laboklin.de\/de\/wp-json\/wp\/v2\/types\/page"}],"author":[{"embeddable":true,"href":"https:\/\/laboklin.de\/de\/wp-json\/wp\/v2\/users\/10"}],"replies":[{"embeddable":true,"href":"https:\/\/laboklin.de\/de\/wp-json\/wp\/v2\/comments?post=1316317"}],"version-history":[{"count":4,"href":"https:\/\/laboklin.de\/de\/wp-json\/wp\/v2\/pages\/1316317\/revisions"}],"predecessor-version":[{"id":1574610,"href":"https:\/\/laboklin.de\/de\/wp-json\/wp\/v2\/pages\/1316317\/revisions\/1574610"}],"up":[{"embeddable":true,"href":"https:\/\/laboklin.de\/de\/wp-json\/wp\/v2\/pages\/1222000"}],"wp:attachment":[{"href":"https:\/\/laboklin.de\/de\/wp-json\/wp\/v2\/media?parent=1316317"}],"curies":[{"name":"wp","href":"https:\/\/api.w.org\/{rel}","templated":true}]}}