{"id":1316315,"date":"2022-05-20T11:54:56","date_gmt":"2022-05-20T09:54:56","guid":{"rendered":"https:\/\/laboklin.de\/de\/?page_id=1316315"},"modified":"2025-02-25T13:15:53","modified_gmt":"2025-02-25T12:15:53","slug":"farbvariante-ticked","status":"publish","type":"page","link":"https:\/\/laboklin.de\/de\/leistungen\/genetik\/fellfarbe-haarstruktur\/katze\/farbvariante-ticked\/","title":{"rendered":"Farbvariante Ticked"},"content":{"rendered":"<h3 class=\"csc-firstHeader\">Farbvariante Ticked<\/h3><p><span>LABOKLIN Leistungs-ID: 8777<\/span><\/p><p class=\"bodytext\">Als Ticked wird eine Fellzeichnung bei der Katze bezeichnet, bei der die Einzelhaare eine B\u00e4nderung aufweisen, die Katze selbst aber keine Musterung besitzt. Zwei verschiedene Varianten auf dem DKK4-Gen k\u00f6nnen zur Auspr\u00e4gung des Ph\u00e4notypes f\u00fchren. Um die Allele des Ticked-Lokus auspr\u00e4gen zu k\u00f6nnen, muss die Katze am A-Lokus den Genotyp AA oder Aa aufweisen. Nur bei Katzen, die am Ticked-Lokus N\/N sind, kann der Tabby-Lokus ausgepr\u00e4gt werden.<\/p><table class=\"tx-laboklinleistung-table contenttable contenttable-2\" style=\"margin-top: 35px;\"><tr><td class=\"td-0\"><strong>Methode<\/strong><\/td><td class=\"td-1\"><p class=\"bodytext\">TaqMan SNP Assay, ggf. Sequenzierung<\/p><\/td><\/tr><tr><td class=\"td-0\"><strong>Dauer<\/strong><\/td><td class=\"td-1\"><p class=\"bodytext\">3 - 5 Werktage nach Erhalt der Probe (bei Sequenzierung 1 - 2 Wochen)<\/p><\/td><\/tr><\/table>\n","protected":false},"excerpt":{"rendered":"<p>Farbvariante TickedLABOKLIN Leistungs-ID: 8777Als Ticked wird eine Fellzeichnung bei der Katze bezeichnet, bei der die Einzelhaare eine B\u00e4nderung aufweisen, die Katze selbst aber keine Musterung besitzt. Zwei verschiedene Varianten auf dem DKK4-Gen k\u00f6nnen zur Auspr\u00e4gung des Ph\u00e4notypes f\u00fchren. Um die Allele des Ticked-Lokus auspr\u00e4gen zu k\u00f6nnen, muss die Katze am A-Lokus den Genotyp AA oder&hellip;<\/p>\n","protected":false},"author":10,"featured_media":0,"parent":1222000,"menu_order":4,"comment_status":"closed","ping_status":"closed","template":"","meta":{"_seopress_robots_primary_cat":"","_seopress_titles_title":"","_seopress_titles_desc":"","_seopress_robots_index":"","footnotes":""},"class_list":["post-1316315","page","type-page","status-publish","hentry","description-off"],"_links":{"self":[{"href":"https:\/\/laboklin.de\/de\/wp-json\/wp\/v2\/pages\/1316315","targetHints":{"allow":["GET"]}}],"collection":[{"href":"https:\/\/laboklin.de\/de\/wp-json\/wp\/v2\/pages"}],"about":[{"href":"https:\/\/laboklin.de\/de\/wp-json\/wp\/v2\/types\/page"}],"author":[{"embeddable":true,"href":"https:\/\/laboklin.de\/de\/wp-json\/wp\/v2\/users\/10"}],"replies":[{"embeddable":true,"href":"https:\/\/laboklin.de\/de\/wp-json\/wp\/v2\/comments?post=1316315"}],"version-history":[{"count":1,"href":"https:\/\/laboklin.de\/de\/wp-json\/wp\/v2\/pages\/1316315\/revisions"}],"predecessor-version":[{"id":1316316,"href":"https:\/\/laboklin.de\/de\/wp-json\/wp\/v2\/pages\/1316315\/revisions\/1316316"}],"up":[{"embeddable":true,"href":"https:\/\/laboklin.de\/de\/wp-json\/wp\/v2\/pages\/1222000"}],"wp:attachment":[{"href":"https:\/\/laboklin.de\/de\/wp-json\/wp\/v2\/media?parent=1316315"}],"curies":[{"name":"wp","href":"https:\/\/api.w.org\/{rel}","templated":true}]}}