{"id":1316076,"date":"2022-05-06T17:28:06","date_gmt":"2022-05-06T15:28:06","guid":{"rendered":"https:\/\/laboklin.de\/de\/?page_id=1316076"},"modified":"2025-02-17T10:14:23","modified_gmt":"2025-02-17T09:14:23","slug":"progressive-retinaatrophie-jph2-pra","status":"publish","type":"page","link":"https:\/\/laboklin.de\/de\/leistungen\/genetik\/erbkrankheiten\/hund\/progressive-retinaatrophie-jph2-pra\/","title":{"rendered":"Progressive Retinaatrophie (JPH2-PRA)"},"content":{"rendered":"<h3 class=\"csc-firstHeader\">Progressive Retinaatrophie (JPH2-PRA)<\/h3><p><span>LABOKLIN Leistungs-ID: 8752<\/span><\/p><p class=\"bodytext\">Progressive Retinaatrophien beim Hund stellen eine heterogene Gruppe genetisch bedingter Erkrankungen dar, die sich durch eine Retinadegeneration und in den meisten F\u00e4llen eine damit einhergehende Blindheit kennzeichnen lassen. W\u00e4hrend einige PRA-verursachende Varianten in mehreren Rassen vorkommen k\u00f6nnen, wurden manche Varianten nur in bestimmten Rassen gefunden bzw. in Rassen desselben Ursprungs. Bei einer klinischen Augenuntersuchung k\u00f6nnen folgende typische Anzeichen einer PRA gefunden werden: bilaterale tapetale Hyperreflexion und retinale Gef\u00e4\u00dfverengungen . Die genetische Untersuchung erg\u00e4nzt die klinische Augenuntersuchung mit dem Vorteil, dass PRA-verursachende Varianten bereits vor dem Zuchtalter und vor dem Auftreten klinischer Symptome erkannt werden k\u00f6nnen.<br \/>\n<br \/>\nBeim Shih Tzu konnte eine genetische Variante im JPH2 (Junctophilin)-Gen gefunden werden, die mit einer PRA assoziiert sein kann. Proteine der sogenannten Junctophilin-Proteinfamilie sind f\u00fcr die Aufrechterhaltung der subzellul\u00e4ren Architektur zust\u00e4ndig und regulieren wichtige calciumtransportierende Proteine bei einer Vielzahl an neuronalen Netzwerken. Die ersten Anzeichen der PRA bei dieser Rasse wurden von den Besitzern betroffener Hunde ab einem Alter von 5-9 Jahren berichtet.<\/p><table class=\"tx-laboklinleistung-table contenttable contenttable-2\" style=\"margin-top: 35px;\"><tr><td class=\"td-0\"><strong>Methode<\/strong><\/td><td class=\"td-1\"><p class=\"bodytext\">TaqMan SNP Assay<\/p><\/td><\/tr><tr><td class=\"td-0\"><strong>Rasse<\/strong><\/td><td class=\"td-1\"><p class=\"bodytext\">Shih Tzu<\/p><\/td><\/tr><tr><td class=\"td-0\"><strong>Erbgang<\/strong><\/td><td class=\"td-1\"><p class=\"bodytext\">autosomal-rezessiv<\/p><\/td><\/tr><tr><td class=\"td-0\"><strong>Dauer<\/strong><\/td><td class=\"td-1\"><p class=\"bodytext\">3 - 5 Werktage nach Erhalt der Probe<\/p><\/td><\/tr><\/table>\n","protected":false},"excerpt":{"rendered":"<p>Progressive Retinaatrophie (JPH2-PRA)LABOKLIN Leistungs-ID: 8752Progressive Retinaatrophien beim Hund stellen eine heterogene Gruppe genetisch bedingter Erkrankungen dar, die sich durch eine Retinadegeneration und in den meisten F\u00e4llen eine damit einhergehende Blindheit kennzeichnen lassen. W\u00e4hrend einige PRA-verursachende Varianten in mehreren Rassen vorkommen k\u00f6nnen, wurden manche Varianten nur in bestimmten Rassen gefunden bzw. in Rassen desselben Ursprungs. Bei&hellip;<\/p>\n","protected":false},"author":10,"featured_media":0,"parent":1211000,"menu_order":111,"comment_status":"closed","ping_status":"closed","template":"","meta":{"_seopress_robots_primary_cat":"","_seopress_titles_title":"","_seopress_titles_desc":"","_seopress_robots_index":"","footnotes":""},"class_list":["post-1316076","page","type-page","status-publish","hentry","description-off"],"_links":{"self":[{"href":"https:\/\/laboklin.de\/de\/wp-json\/wp\/v2\/pages\/1316076","targetHints":{"allow":["GET"]}}],"collection":[{"href":"https:\/\/laboklin.de\/de\/wp-json\/wp\/v2\/pages"}],"about":[{"href":"https:\/\/laboklin.de\/de\/wp-json\/wp\/v2\/types\/page"}],"author":[{"embeddable":true,"href":"https:\/\/laboklin.de\/de\/wp-json\/wp\/v2\/users\/10"}],"replies":[{"embeddable":true,"href":"https:\/\/laboklin.de\/de\/wp-json\/wp\/v2\/comments?post=1316076"}],"version-history":[{"count":1,"href":"https:\/\/laboklin.de\/de\/wp-json\/wp\/v2\/pages\/1316076\/revisions"}],"predecessor-version":[{"id":1316077,"href":"https:\/\/laboklin.de\/de\/wp-json\/wp\/v2\/pages\/1316076\/revisions\/1316077"}],"up":[{"embeddable":true,"href":"https:\/\/laboklin.de\/de\/wp-json\/wp\/v2\/pages\/1211000"}],"wp:attachment":[{"href":"https:\/\/laboklin.de\/de\/wp-json\/wp\/v2\/media?parent=1316076"}],"curies":[{"name":"wp","href":"https:\/\/api.w.org\/{rel}","templated":true}]}}