{"id":1315417,"date":"2022-03-29T08:44:13","date_gmt":"2022-03-29T06:44:13","guid":{"rendered":"https:\/\/laboklin.de\/de\/?page_id=1315417"},"modified":"2025-02-05T11:39:53","modified_gmt":"2025-02-05T10:39:53","slug":"cerebellare-ataxie-ca","status":"publish","type":"page","link":"https:\/\/laboklin.de\/de\/leistungen\/genetik\/erbkrankheiten\/hund\/cerebellare-ataxie-ca\/","title":{"rendered":"Cerebellare Ataxie* (CA)"},"content":{"rendered":"<h3 class=\"csc-firstHeader\">Cerebell\u00e4re Ataxie* (CA)<\/h3><p><span>LABOKLIN Leistungs-ID: 8772<\/span><\/p><p class=\"bodytext\">Die cerebellae Ataxie beim Spinone Italiano ist eine progressive, neurodegenerative Erkrankung, die das Zerebellum betrifft. Das Zerebellum ist Teil des Gehirns und f\u00fcr die Koordination von Bewegungen verantwortlich. Typische Anzeichen der Erkrankung sind Hypermetrie und Hyperextensionen, unkoordinierte Bewegungen (Ataxie), eingeschr\u00e4nkte Balance, Kopftremor sowie Nystagmus. Die auff\u00e4llige Gangweise beginnt \u00fcblicherweise ab einem Alter von vier Monaten und verschlechtert sich immer weiter, so dass die betroffenen Hunde im Alter von durchschnittlich einem Jahr nicht mehr im Stande sind aufzustehen und eingeschl\u00e4fert werden m\u00fcssen.  <br \/>\nDie Erkrankung wird durch die Expansion einer repetitiven Basensequenz im ITPR1-Gen verursacht, welches f\u00fcr einen Calcium-Kanal kodiert und bei einer Vielzahl an zellul\u00e4ren Prozessen, wie Zellteilung, synaptische \u00dcbertragung oder Genexpression, beteiligt ist. <br \/>\nAnhand des Gentest kann bei Hunden mit Symptomen die Erbkrankheit einfach diagnostiziert werden. Zudem k\u00f6nnen Tr\u00e4gertiere sicher identifiziert und durch die Wahl geeigneter Zuchtpartner die Entstehung betroffener Welpen vermieden werden.<br \/>\n<\/p><table class=\"tx-laboklinleistung-table contenttable contenttable-2\" style=\"margin-top: 35px;\"><tr><td class=\"td-0\"><strong>Methode<\/strong><\/td><td class=\"td-1\"><p class=\"bodytext\">Partnerlabor <\/p><\/td><\/tr><tr><td class=\"td-0\"><strong>Rasse<\/strong><\/td><td class=\"td-1\"><p class=\"bodytext\">Spinone Italiano<\/p><\/td><\/tr><tr><td class=\"td-0\"><strong>Erbgang<\/strong><\/td><td class=\"td-1\"><p class=\"bodytext\">autosomal-rezessiv<\/p><\/td><\/tr><tr><td class=\"td-0\"><strong>Dauer<\/strong><\/td><td class=\"td-1\"><p class=\"bodytext\">4 - 6 Wochen nach Erhalt der Probe<\/p><\/td><\/tr><\/table>\n","protected":false},"excerpt":{"rendered":"<p>Cerebell\u00e4re Ataxie* (CA)LABOKLIN Leistungs-ID: 8772Die cerebellae Ataxie beim Spinone Italiano ist eine progressive, neurodegenerative Erkrankung, die das Zerebellum betrifft. Das Zerebellum ist Teil des Gehirns und f\u00fcr die Koordination von Bewegungen verantwortlich. Typische Anzeichen der Erkrankung sind Hypermetrie und Hyperextensionen, unkoordinierte Bewegungen (Ataxie), eingeschr\u00e4nkte Balance, Kopftremor sowie Nystagmus. Die auff\u00e4llige Gangweise beginnt \u00fcblicherweise ab einem&hellip;<\/p>\n","protected":false},"author":10,"featured_media":0,"parent":1211000,"menu_order":123,"comment_status":"closed","ping_status":"closed","template":"","meta":{"_seopress_robots_primary_cat":"","_seopress_titles_title":"","_seopress_titles_desc":"","_seopress_robots_index":"","footnotes":""},"class_list":["post-1315417","page","type-page","status-publish","hentry","description-off"],"_links":{"self":[{"href":"https:\/\/laboklin.de\/de\/wp-json\/wp\/v2\/pages\/1315417","targetHints":{"allow":["GET"]}}],"collection":[{"href":"https:\/\/laboklin.de\/de\/wp-json\/wp\/v2\/pages"}],"about":[{"href":"https:\/\/laboklin.de\/de\/wp-json\/wp\/v2\/types\/page"}],"author":[{"embeddable":true,"href":"https:\/\/laboklin.de\/de\/wp-json\/wp\/v2\/users\/10"}],"replies":[{"embeddable":true,"href":"https:\/\/laboklin.de\/de\/wp-json\/wp\/v2\/comments?post=1315417"}],"version-history":[{"count":3,"href":"https:\/\/laboklin.de\/de\/wp-json\/wp\/v2\/pages\/1315417\/revisions"}],"predecessor-version":[{"id":1315423,"href":"https:\/\/laboklin.de\/de\/wp-json\/wp\/v2\/pages\/1315417\/revisions\/1315423"}],"up":[{"embeddable":true,"href":"https:\/\/laboklin.de\/de\/wp-json\/wp\/v2\/pages\/1211000"}],"wp:attachment":[{"href":"https:\/\/laboklin.de\/de\/wp-json\/wp\/v2\/media?parent=1315417"}],"curies":[{"name":"wp","href":"https:\/\/api.w.org\/{rel}","templated":true}]}}