{"id":1313517,"date":"2022-01-05T10:21:29","date_gmt":"2022-01-05T09:21:29","guid":{"rendered":"https:\/\/laboklin.de\/de\/?page_id=1313517"},"modified":"2025-02-17T11:12:02","modified_gmt":"2025-02-17T10:12:02","slug":"progressive-retinaatrophie-pra3","status":"publish","type":"page","link":"https:\/\/laboklin.de\/de\/leistungen\/genetik\/erbkrankheiten\/hund\/progressive-retinaatrophie-pra3\/","title":{"rendered":"Progressive Retinaatrophie (PRA3)"},"content":{"rendered":"<h3 class=\"csc-firstHeader\">Progressive Retinaatrophie (PRA3)<\/h3><p><span>LABOKLIN Leistungs-ID: 8767<\/span><\/p><p class=\"bodytext\">Progressive Retinaatrophien beim Hund stellen eine heterogene Gruppe genetisch bedingter Erkrankungen dar, die sich durch eine Retinadegeneration und in den meisten F\u00e4llen eine damit einhergehende Blindheit kennzeichnen lassen. W\u00e4hrend einige PRA-verursachende Varianten in mehreren Rassen vorkommen k\u00f6nnen, wurden manche Varianten nur in bestimmten Rassen gefunden bzw. in Rassen desselben Ursprungs. Bei einer klinischen Augenuntersuchung k\u00f6nnen folgende typische Anzeichen einer PRA gefunden werden: bilaterale Hyperreflexion des Tapetums und R\u00fcckbildung der Netzhautgef\u00e4\u00dfe. Die genetische Untersuchung erg\u00e4nzt die  klinische Augenuntersuchung mit dem Vorteil, dass PRA-verursachende Varianten bereits vor dem Zuchtalter und vor dem Auftreten klinischer Symptome erkannt werden k\u00f6nnen.<br \/>\n<br \/>\nBei den Rassen Tibet Spaniel und Tibet Terrier konnte eine genetische Variante des FAM161A-Gens gefunden werden, welche die sogenannte PRA3 ausl\u00f6st. Das FAM161A-Gen codiert f\u00fcr ein Protein der Zilien und wird an den Photorezeptorzellen der Retina exprimiert. Betroffene Hunde zeigen die PRA-typischen Symptome erst in einem relativ sp\u00e4ten Alter, etwa ab 5 Jahre. Jedoch k\u00f6nnen nicht alle ophthalmologisch von PRA betroffenen F\u00e4lle der Tibet Spaniels und Tibet Terrier anhand der PRA3-Variante erkl\u00e4rt werden. Man geht davon aus, dass weitere bislang unbekannte PRA-ausl\u00f6sende Varianten neben der PRA3-Variante, und auch neben der rcd4-PRA-Variante beim Tibet Terrier, vorkommen k\u00f6nnen. <br \/>\n<\/p><table class=\"tx-laboklinleistung-table contenttable contenttable-2\" style=\"margin-top: 35px;\"><tr><td class=\"td-0\"><strong>Methode<\/strong><\/td><td class=\"td-1\"><p class=\"bodytext\">Sequenzierung<\/p><\/td><\/tr><tr><td class=\"td-0\"><strong>Rasse<\/strong><\/td><td class=\"td-1\"><p class=\"bodytext\">Tibet Spaniel, Tibet-Terrier<\/p><\/td><\/tr><tr><td class=\"td-0\"><strong>Erbgang<\/strong><\/td><td class=\"td-1\"><p class=\"bodytext\">autosomal-rezessiv<\/p><\/td><\/tr><tr><td class=\"td-0\"><strong>Dauer<\/strong><\/td><td class=\"td-1\"><p class=\"bodytext\">1 - 2 Wochen nach Erhalt der Probe<\/p><\/td><\/tr><\/table>\n","protected":false},"excerpt":{"rendered":"<p>Progressive Retinaatrophie (PRA3)LABOKLIN Leistungs-ID: 8767Progressive Retinaatrophien beim Hund stellen eine heterogene Gruppe genetisch bedingter Erkrankungen dar, die sich durch eine Retinadegeneration und in den meisten F\u00e4llen eine damit einhergehende Blindheit kennzeichnen lassen. W\u00e4hrend einige PRA-verursachende Varianten in mehreren Rassen vorkommen k\u00f6nnen, wurden manche Varianten nur in bestimmten Rassen gefunden bzw. in Rassen desselben Ursprungs. Bei&hellip;<\/p>\n","protected":false},"author":10,"featured_media":0,"parent":1211000,"menu_order":1,"comment_status":"closed","ping_status":"closed","template":"","meta":{"_seopress_robots_primary_cat":"","_seopress_titles_title":"","_seopress_titles_desc":"","_seopress_robots_index":"","footnotes":""},"class_list":["post-1313517","page","type-page","status-publish","hentry","description-off"],"_links":{"self":[{"href":"https:\/\/laboklin.de\/de\/wp-json\/wp\/v2\/pages\/1313517","targetHints":{"allow":["GET"]}}],"collection":[{"href":"https:\/\/laboklin.de\/de\/wp-json\/wp\/v2\/pages"}],"about":[{"href":"https:\/\/laboklin.de\/de\/wp-json\/wp\/v2\/types\/page"}],"author":[{"embeddable":true,"href":"https:\/\/laboklin.de\/de\/wp-json\/wp\/v2\/users\/10"}],"replies":[{"embeddable":true,"href":"https:\/\/laboklin.de\/de\/wp-json\/wp\/v2\/comments?post=1313517"}],"version-history":[{"count":1,"href":"https:\/\/laboklin.de\/de\/wp-json\/wp\/v2\/pages\/1313517\/revisions"}],"predecessor-version":[{"id":1313518,"href":"https:\/\/laboklin.de\/de\/wp-json\/wp\/v2\/pages\/1313517\/revisions\/1313518"}],"up":[{"embeddable":true,"href":"https:\/\/laboklin.de\/de\/wp-json\/wp\/v2\/pages\/1211000"}],"wp:attachment":[{"href":"https:\/\/laboklin.de\/de\/wp-json\/wp\/v2\/media?parent=1313517"}],"curies":[{"name":"wp","href":"https:\/\/api.w.org\/{rel}","templated":true}]}}