{"id":1313475,"date":"2022-01-04T11:48:11","date_gmt":"2022-01-04T10:48:11","guid":{"rendered":"https:\/\/laboklin.de\/de\/?page_id=1313475"},"modified":"2026-03-02T11:54:33","modified_gmt":"2026-03-02T10:54:33","slug":"carnitin-gesamt","status":"publish","type":"page","link":"https:\/\/laboklin.de\/de\/leistungen\/haematologie-klin-chemie-endokrinologie\/klinisch-chemische-parameter\/substrate\/carnitin-gesamt\/","title":{"rendered":"Carnitin (L-Carnitin)"},"content":{"rendered":"<div class=\"wpb-content-wrapper\"><p>[vc_row][vc_column][vc_column_text css=&#8220;&#8220;]<h3 class=\"csc-firstHeader\">Carnitin (L-Carnitin)<\/h3><p><span>LABOKLIN Leistungs-ID: 2035<\/span><\/p><table class=\"tx-laboklinleistung-table contenttable contenttable-2\" style=\"margin-top: 35px;\"><tr><td class=\"td-0\"><strong>Material<\/strong><\/td><td class=\"td-1\"><p class=\"bodytext\">Serum 0,5 ml (zeitnah nach Koagulation abzentrifugiert, abpipettiert; gek\u00fchlt bis zur Ankunft im Labor)<\/p><\/td><\/tr><tr><td class=\"td-0\"><strong>Methode<\/strong><\/td><td class=\"td-1\"><p class=\"bodytext\">LCMS<\/p><\/td><\/tr><tr><td class=\"td-0\"><strong>Tierart(en)<\/strong><\/td><td class=\"td-1\"><p class=\"bodytext\">Hund, Katze<\/p><\/td><\/tr><tr><td class=\"td-0\"><strong>Dauer<\/strong><\/td><td class=\"td-1\"><p class=\"bodytext\">2\u20136 Arbeitstage<\/p><\/td><\/tr><tr><td class=\"td-0\"><strong>Anmerkung<\/strong><\/td><td class=\"td-1\"><p class=\"bodytext\"><ul><li>Die Carnitinmessung beim <strong>Hund<\/strong> (und ggf. bei der Katze) dient der Beurteilung des Energiestoffwechsels, insbesondere der mitochondrialen \u03b2-Oxidation langkettiger Fetts\u00e4uren. Carnitin fungiert als essentieller Carrier, der Fetts\u00e4uren in die Mitochondrien transportiert. Ein Mangel kann prim\u00e4r (genetisch bedingt, selten) oder sekund\u00e4r durch Erkrankungen wie Leberinsuffizienz, Pankreatitis, Malabsorption, Kardiomyopathien oder langfristige Fehlern\u00e4hrung entstehen.<\/li><li>Bei <strong>Katzen<\/strong> ist die Bedeutung \u00e4hnlich, jedoch k\u00f6nnen sie Carnitin weniger effizient synthetisieren und reagieren empfindlicher auf Mangelzust\u00e4nde, etwa bei Anorexie oder hepatischer Lipidose.<\/li><\/ul><\/p><\/td><\/tr><\/table>[\/vc_column_text][\/vc_column][\/vc_row]<\/p>\n<\/div>","protected":false},"excerpt":{"rendered":"<p>Gesamt-Carnitin im Serum: Wichtiger Marker f\u00fcr Stoffwechselst\u00f6rungen, Energiehaushalt und Muskelfunktion.<\/p>\n","protected":false},"author":10,"featured_media":0,"parent":622000,"menu_order":0,"comment_status":"closed","ping_status":"closed","template":"","meta":{"_seopress_robots_primary_cat":"","_seopress_titles_title":"","_seopress_titles_desc":"Gesamt-Carnitin im Serum: Wichtiger Marker f\u00fcr Stoffwechselst\u00f6rungen, Energiehaushalt und Muskelfunktion.","_seopress_robots_index":"","footnotes":""},"class_list":["post-1313475","page","type-page","status-publish","hentry","description-off"],"_links":{"self":[{"href":"https:\/\/laboklin.de\/de\/wp-json\/wp\/v2\/pages\/1313475","targetHints":{"allow":["GET"]}}],"collection":[{"href":"https:\/\/laboklin.de\/de\/wp-json\/wp\/v2\/pages"}],"about":[{"href":"https:\/\/laboklin.de\/de\/wp-json\/wp\/v2\/types\/page"}],"author":[{"embeddable":true,"href":"https:\/\/laboklin.de\/de\/wp-json\/wp\/v2\/users\/10"}],"replies":[{"embeddable":true,"href":"https:\/\/laboklin.de\/de\/wp-json\/wp\/v2\/comments?post=1313475"}],"version-history":[{"count":6,"href":"https:\/\/laboklin.de\/de\/wp-json\/wp\/v2\/pages\/1313475\/revisions"}],"predecessor-version":[{"id":1594154,"href":"https:\/\/laboklin.de\/de\/wp-json\/wp\/v2\/pages\/1313475\/revisions\/1594154"}],"up":[{"embeddable":true,"href":"https:\/\/laboklin.de\/de\/wp-json\/wp\/v2\/pages\/622000"}],"wp:attachment":[{"href":"https:\/\/laboklin.de\/de\/wp-json\/wp\/v2\/media?parent=1313475"}],"curies":[{"name":"wp","href":"https:\/\/api.w.org\/{rel}","templated":true}]}}