{"id":1313437,"date":"2022-01-03T16:43:34","date_gmt":"2022-01-03T15:43:34","guid":{"rendered":"https:\/\/laboklin.de\/de\/?page_id=1313437"},"modified":"2022-01-03T16:43:34","modified_gmt":"2022-01-03T15:43:34","slug":"paket-rhodesian-ridgeback","status":"publish","type":"page","link":"https:\/\/laboklin.de\/de\/leistungen\/genetik\/genetikpakete\/hund\/paket-rhodesian-ridgeback\/","title":{"rendered":"Paket Rhodesian Ridgeback"},"content":{"rendered":"<h3 class=\"csc-firstHeader\">Paket Rhodesian Ridgeback<\/h3><p><span>LABOKLIN Leistungs-ID: 8647<\/span><\/p><p class=\"bodytext\">Das Paket enth\u00e4lt folgende Tests:<br \/>\nDegenerative Myelopathie (DM Exon2), Erbliche Taubheit (EOAD), H\u00e4mophilie B (Faktor IX Defizienz), Juvenile myoklonische Epilepsie (JME), B-Lokus (liver(-nose)) und D-Lokus d1 (Farbverd\u00fcnnung).<br \/>\n<\/p><table class=\"tx-laboklinleistung-table contenttable contenttable-2\" style=\"margin-top: 35px;\"><tr><td class=\"td-0\"><strong>Rasse<\/strong><\/td><td class=\"td-1\"><p class=\"bodytext\">Rhodesian Ridgeback<\/p><\/td><\/tr><tr><td class=\"td-0\"><strong>Erbgang<\/strong><\/td><td class=\"td-1\"><p class=\"bodytext\">Weitere Informationen finden Sie in der Beschreibung der jeweiligen Erbkrankheit bzw. Fellfarbe.<\/p><\/td><\/tr><tr><td class=\"td-0\"><strong>Dauer<\/strong><\/td><td class=\"td-1\"><p class=\"bodytext\">1 - 2 Wochen nach Erhalt der Probe<\/p><\/td><\/tr><\/table>\n","protected":false},"excerpt":{"rendered":"<p>Paket Rhodesian RidgebackLABOKLIN Leistungs-ID: 8647Das Paket enth\u00e4lt folgende Tests: Degenerative Myelopathie (DM Exon2), Erbliche Taubheit (EOAD), H\u00e4mophilie B (Faktor IX Defizienz), Juvenile myoklonische Epilepsie (JME), B-Lokus (liver(-nose)) und D-Lokus d1 (Farbverd\u00fcnnung). RasseRhodesian RidgebackErbgangWeitere Informationen finden Sie in der Beschreibung der jeweiligen Erbkrankheit bzw. Fellfarbe.Dauer1 &#8211; 2 Wochen nach Erhalt der Probe<\/p>\n","protected":false},"author":10,"featured_media":0,"parent":1312062,"menu_order":11,"comment_status":"closed","ping_status":"closed","template":"","meta":{"_seopress_robots_primary_cat":"","_seopress_titles_title":"","_seopress_titles_desc":"","_seopress_robots_index":"","footnotes":""},"class_list":["post-1313437","page","type-page","status-publish","hentry","description-off"],"_links":{"self":[{"href":"https:\/\/laboklin.de\/de\/wp-json\/wp\/v2\/pages\/1313437","targetHints":{"allow":["GET"]}}],"collection":[{"href":"https:\/\/laboklin.de\/de\/wp-json\/wp\/v2\/pages"}],"about":[{"href":"https:\/\/laboklin.de\/de\/wp-json\/wp\/v2\/types\/page"}],"author":[{"embeddable":true,"href":"https:\/\/laboklin.de\/de\/wp-json\/wp\/v2\/users\/10"}],"replies":[{"embeddable":true,"href":"https:\/\/laboklin.de\/de\/wp-json\/wp\/v2\/comments?post=1313437"}],"version-history":[{"count":1,"href":"https:\/\/laboklin.de\/de\/wp-json\/wp\/v2\/pages\/1313437\/revisions"}],"predecessor-version":[{"id":1313438,"href":"https:\/\/laboklin.de\/de\/wp-json\/wp\/v2\/pages\/1313437\/revisions\/1313438"}],"up":[{"embeddable":true,"href":"https:\/\/laboklin.de\/de\/wp-json\/wp\/v2\/pages\/1312062"}],"wp:attachment":[{"href":"https:\/\/laboklin.de\/de\/wp-json\/wp\/v2\/media?parent=1313437"}],"curies":[{"name":"wp","href":"https:\/\/api.w.org\/{rel}","templated":true}]}}