{"id":1312146,"date":"2021-11-11T16:35:01","date_gmt":"2021-11-11T15:35:01","guid":{"rendered":"https:\/\/laboklin.de\/de\/?page_id=1312146"},"modified":"2021-11-11T16:35:01","modified_gmt":"2021-11-11T15:35:01","slug":"paket-belgischer-hollaendischer-schaeferhund","status":"publish","type":"page","link":"https:\/\/laboklin.de\/de\/leistungen\/genetik\/genetikpakete\/hund\/paket-belgischer-hollaendischer-schaeferhund\/","title":{"rendered":"Paket Belgischer\/Holl\u00e4ndischer Sch\u00e4ferhund"},"content":{"rendered":"<h3 class=\"csc-firstHeader\">Paket Belgischer\/Holl\u00e4ndischer Sch\u00e4ferhund<\/h3><p><span>LABOKLIN Leistungs-ID: 8634<\/span><\/p><p class=\"bodytext\">Das Paket enth\u00e4lt folgende Tests:<br \/>\r\nCardiomyopathie mit Welpensterblichkeit (CJM), Degenerative Myelopathie (DM Exon2), Spongi\u00f6se Degeneration mit cerebellarer Ataxie Typ 1 und Typ 2 (SDCA1 + SDCA2) und ZNS-Atrophie mit cerebellarer Ataxie (CACA)<br \/>\r\n<br \/>\r\n<\/p><table class=\"tx-laboklinleistung-table contenttable contenttable-2\" style=\"margin-top: 35px;\"><tr><td class=\"td-0\"><strong>Rasse<\/strong><\/td><td class=\"td-1\"><p class=\"bodytext\">Belgischer Sch\u00e4ferhund, Groenendael, Holl\u00e4ndischer Sch\u00e4ferhund, Laekenois, Malinois, Tervueren<\/p><\/td><\/tr><tr><td class=\"td-0\"><strong>Erbgang<\/strong><\/td><td class=\"td-1\"><p class=\"bodytext\">Weitere Informationen finden Sie in der Beschreibung der jeweiligen Erbkrankheit.<\/p><\/td><\/tr><tr><td class=\"td-0\"><strong>Dauer<\/strong><\/td><td class=\"td-1\"><p class=\"bodytext\">1 - 2 Wochen nach Erhalt der Probe<\/p><\/td><\/tr><\/table>\n","protected":false},"excerpt":{"rendered":"<p>Paket Belgischer\/Holl\u00e4ndischer Sch\u00e4ferhundLABOKLIN Leistungs-ID: 8634Das Paket enth\u00e4lt folgende Tests: Cardiomyopathie mit Welpensterblichkeit (CJM), Degenerative Myelopathie (DM Exon2), Spongi\u00f6se Degeneration mit cerebellarer Ataxie Typ 1 und Typ 2 (SDCA1 + SDCA2) und ZNS-Atrophie mit cerebellarer Ataxie (CACA) RasseBelgischer Sch\u00e4ferhund, Groenendael, Holl\u00e4ndischer Sch\u00e4ferhund, Laekenois, Malinois, TervuerenErbgangWeitere Informationen finden Sie in der Beschreibung der jeweiligen Erbkrankheit.Dauer1 &#8211; 2&hellip;<\/p>\n","protected":false},"author":1,"featured_media":0,"parent":1312062,"menu_order":18,"comment_status":"closed","ping_status":"closed","template":"","meta":{"_seopress_robots_primary_cat":"","_seopress_titles_title":"","_seopress_titles_desc":"","_seopress_robots_index":"","footnotes":""},"class_list":["post-1312146","page","type-page","status-publish","hentry","description-off"],"_links":{"self":[{"href":"https:\/\/laboklin.de\/de\/wp-json\/wp\/v2\/pages\/1312146","targetHints":{"allow":["GET"]}}],"collection":[{"href":"https:\/\/laboklin.de\/de\/wp-json\/wp\/v2\/pages"}],"about":[{"href":"https:\/\/laboklin.de\/de\/wp-json\/wp\/v2\/types\/page"}],"author":[{"embeddable":true,"href":"https:\/\/laboklin.de\/de\/wp-json\/wp\/v2\/users\/1"}],"replies":[{"embeddable":true,"href":"https:\/\/laboklin.de\/de\/wp-json\/wp\/v2\/comments?post=1312146"}],"version-history":[{"count":1,"href":"https:\/\/laboklin.de\/de\/wp-json\/wp\/v2\/pages\/1312146\/revisions"}],"predecessor-version":[{"id":1312147,"href":"https:\/\/laboklin.de\/de\/wp-json\/wp\/v2\/pages\/1312146\/revisions\/1312147"}],"up":[{"embeddable":true,"href":"https:\/\/laboklin.de\/de\/wp-json\/wp\/v2\/pages\/1312062"}],"wp:attachment":[{"href":"https:\/\/laboklin.de\/de\/wp-json\/wp\/v2\/media?parent=1312146"}],"curies":[{"name":"wp","href":"https:\/\/api.w.org\/{rel}","templated":true}]}}