{"id":1312142,"date":"2021-11-11T16:33:41","date_gmt":"2021-11-11T15:33:41","guid":{"rendered":"https:\/\/laboklin.de\/de\/?page_id=1312142"},"modified":"2021-11-11T16:33:41","modified_gmt":"2021-11-11T15:33:41","slug":"paket-bobtail","status":"publish","type":"page","link":"https:\/\/laboklin.de\/de\/leistungen\/genetik\/genetikpakete\/hund\/paket-bobtail\/","title":{"rendered":"Paket Bobtail"},"content":{"rendered":"<h3 class=\"csc-firstHeader\">Paket Bobtail<\/h3><p><span>LABOKLIN Leistungs-ID: 8633<\/span><\/p><p class=\"bodytext\">Das Paket enth\u00e4lt folgende Tests:<br \/>\nDegenerative Myelopathie (DM Exon2), Exercise induced Collapse (EIC), Heredit\u00e4re Ataxie (HA), MDR1-Genvariante (Ivermectin-\u00dcberempfindlichkeit) und Prim\u00e4re cilli\u00e4re Dyskinesie (PCD).<\/p><table class=\"tx-laboklinleistung-table contenttable contenttable-2\" style=\"margin-top: 35px;\"><tr><td class=\"td-0\"><strong>Rasse<\/strong><\/td><td class=\"td-1\"><p class=\"bodytext\">Bobtail<\/p><\/td><\/tr><tr><td class=\"td-0\"><strong>Erbgang<\/strong><\/td><td class=\"td-1\"><p class=\"bodytext\">Weitere Informationen finden Sie in der Beschreibung der jeweiligen Erbkrankheit.<\/p><\/td><\/tr><tr><td class=\"td-0\"><strong>Dauer<\/strong><\/td><td class=\"td-1\"><p class=\"bodytext\">3 - 14 Werktage nach Erhalt der Probe<\/p><\/td><\/tr><\/table>\n","protected":false},"excerpt":{"rendered":"<p>Paket BobtailLABOKLIN Leistungs-ID: 8633Das Paket enth\u00e4lt folgende Tests: Degenerative Myelopathie (DM Exon2), Exercise induced Collapse (EIC), Heredit\u00e4re Ataxie (HA), MDR1-Genvariante (Ivermectin-\u00dcberempfindlichkeit) und Prim\u00e4re cilli\u00e4re Dyskinesie (PCD).RasseBobtailErbgangWeitere Informationen finden Sie in der Beschreibung der jeweiligen Erbkrankheit.Dauer3 &#8211; 14 Werktage nach Erhalt der Probe<\/p>\n","protected":false},"author":1,"featured_media":0,"parent":1312062,"menu_order":20,"comment_status":"closed","ping_status":"closed","template":"","meta":{"_seopress_robots_primary_cat":"","_seopress_titles_title":"","_seopress_titles_desc":"","_seopress_robots_index":"","footnotes":""},"class_list":["post-1312142","page","type-page","status-publish","hentry","description-off"],"_links":{"self":[{"href":"https:\/\/laboklin.de\/de\/wp-json\/wp\/v2\/pages\/1312142","targetHints":{"allow":["GET"]}}],"collection":[{"href":"https:\/\/laboklin.de\/de\/wp-json\/wp\/v2\/pages"}],"about":[{"href":"https:\/\/laboklin.de\/de\/wp-json\/wp\/v2\/types\/page"}],"author":[{"embeddable":true,"href":"https:\/\/laboklin.de\/de\/wp-json\/wp\/v2\/users\/1"}],"replies":[{"embeddable":true,"href":"https:\/\/laboklin.de\/de\/wp-json\/wp\/v2\/comments?post=1312142"}],"version-history":[{"count":1,"href":"https:\/\/laboklin.de\/de\/wp-json\/wp\/v2\/pages\/1312142\/revisions"}],"predecessor-version":[{"id":1312143,"href":"https:\/\/laboklin.de\/de\/wp-json\/wp\/v2\/pages\/1312142\/revisions\/1312143"}],"up":[{"embeddable":true,"href":"https:\/\/laboklin.de\/de\/wp-json\/wp\/v2\/pages\/1312062"}],"wp:attachment":[{"href":"https:\/\/laboklin.de\/de\/wp-json\/wp\/v2\/media?parent=1312142"}],"curies":[{"name":"wp","href":"https:\/\/api.w.org\/{rel}","templated":true}]}}