{"id":1312083,"date":"2021-11-11T15:57:48","date_gmt":"2021-11-11T14:57:48","guid":{"rendered":"https:\/\/laboklin.de\/de\/?page_id=1312083"},"modified":"2021-11-11T15:57:48","modified_gmt":"2021-11-11T14:57:48","slug":"paket-russell-terrier-2","status":"publish","type":"page","link":"https:\/\/laboklin.de\/de\/leistungen\/genetik\/genetikpakete\/hund\/paket-russell-terrier-2\/","title":{"rendered":"Paket Russell Terrier 2"},"content":{"rendered":"<h3 class=\"csc-firstHeader\">Paket Russell Terrier 2<\/h3><p><span>LABOKLIN Leistungs-ID: 8571<\/span><\/p><p class=\"bodytext\">Das Paket enth\u00e4lt folgende Tests:<br \/>\nDegenerative Myelopathie (DM Exon 2), Juvenile Enzephalopathie (JBD), Late onset Ataxie (LOA), Prim\u00e4re Linsenluxation (PLL) and Spinocerebell\u00e4re Ataxie (SCA).<\/p><table class=\"tx-laboklinleistung-table contenttable contenttable-2\" style=\"margin-top: 35px;\"><tr><td class=\"td-0\"><strong>Rasse<\/strong><\/td><td class=\"td-1\"><p class=\"bodytext\">Jack Russell Terrier, Parson Russell Terrier<\/p><\/td><\/tr><tr><td class=\"td-0\"><strong>Erbgang<\/strong><\/td><td class=\"td-1\"><p class=\"bodytext\">Weitere Informationen finden Sie in der Beschreibung der jeweiligen Erbkrankheit.<\/p><\/td><\/tr><tr><td class=\"td-0\"><strong>Dauer<\/strong><\/td><td class=\"td-1\"><p class=\"bodytext\">3 - 5 Arbeitstage nach Erhalt der Probe<\/p><\/td><\/tr><\/table>\n","protected":false},"excerpt":{"rendered":"<p>Paket Russell Terrier 2LABOKLIN Leistungs-ID: 8571Das Paket enth\u00e4lt folgende Tests: Degenerative Myelopathie (DM Exon 2), Juvenile Enzephalopathie (JBD), Late onset Ataxie (LOA), Prim\u00e4re Linsenluxation (PLL) and Spinocerebell\u00e4re Ataxie (SCA).RasseJack Russell Terrier, Parson Russell TerrierErbgangWeitere Informationen finden Sie in der Beschreibung der jeweiligen Erbkrankheit.Dauer3 &#8211; 5 Arbeitstage nach Erhalt der Probe<\/p>\n","protected":false},"author":1,"featured_media":0,"parent":1312062,"menu_order":48,"comment_status":"closed","ping_status":"closed","template":"","meta":{"_seopress_robots_primary_cat":"","_seopress_titles_title":"","_seopress_titles_desc":"","_seopress_robots_index":"","footnotes":""},"class_list":["post-1312083","page","type-page","status-publish","hentry","description-off"],"_links":{"self":[{"href":"https:\/\/laboklin.de\/de\/wp-json\/wp\/v2\/pages\/1312083","targetHints":{"allow":["GET"]}}],"collection":[{"href":"https:\/\/laboklin.de\/de\/wp-json\/wp\/v2\/pages"}],"about":[{"href":"https:\/\/laboklin.de\/de\/wp-json\/wp\/v2\/types\/page"}],"author":[{"embeddable":true,"href":"https:\/\/laboklin.de\/de\/wp-json\/wp\/v2\/users\/1"}],"replies":[{"embeddable":true,"href":"https:\/\/laboklin.de\/de\/wp-json\/wp\/v2\/comments?post=1312083"}],"version-history":[{"count":1,"href":"https:\/\/laboklin.de\/de\/wp-json\/wp\/v2\/pages\/1312083\/revisions"}],"predecessor-version":[{"id":1312084,"href":"https:\/\/laboklin.de\/de\/wp-json\/wp\/v2\/pages\/1312083\/revisions\/1312084"}],"up":[{"embeddable":true,"href":"https:\/\/laboklin.de\/de\/wp-json\/wp\/v2\/pages\/1312062"}],"wp:attachment":[{"href":"https:\/\/laboklin.de\/de\/wp-json\/wp\/v2\/media?parent=1312083"}],"curies":[{"name":"wp","href":"https:\/\/api.w.org\/{rel}","templated":true}]}}