{"id":1312067,"date":"2021-11-11T15:46:56","date_gmt":"2021-11-11T14:46:56","guid":{"rendered":"https:\/\/laboklin.de\/de\/?page_id=1312067"},"modified":"2025-10-01T13:47:55","modified_gmt":"2025-10-01T11:47:55","slug":"paket-dm-exon2-mdr1","status":"publish","type":"page","link":"https:\/\/laboklin.de\/de\/leistungen\/genetik\/genetikpakete\/hund\/paket-dm-exon2-mdr1\/","title":{"rendered":"Paket &#8211; DM Exon2 + MDR1"},"content":{"rendered":"<div class=\"wpb-content-wrapper\"><p>[vc_row][vc_column][vc_column_text css=&#8220;&#8220;]<h3 class=\"csc-firstHeader\">DM Exon2 + MDR1<\/h3><p><span>LABOKLIN Leistungs-ID: 8344<\/span><\/p><p class=\"bodytext\">Das Paket enth\u00e4lt folgende Tests: <br \/>\r\nDegenerative Myelopathie (DM Exon2) und MDR1-Genvariante (Ivermectin-\u00dcberempfindlichkeit)<br \/>\r\n<\/p><table class=\"tx-laboklinleistung-table contenttable contenttable-2\" style=\"margin-top: 35px;\"><tr><td class=\"td-0\"><strong>Methode<\/strong><\/td><td class=\"td-1\"><p class=\"bodytext\">TaqMan SNP-Assay<\/p><\/td><\/tr><tr><td class=\"td-0\"><strong>Rasse<\/strong><\/td><td class=\"td-1\"><p class=\"bodytext\">Australian Shepherd, Bobtail, Border Collie, Collie (Kurzhaar\/Langhaar), Deutscher Sch\u00e4ferhund, Elo, McNab\u00a0, Miniature American Shepherd, Shetland Sheepdog (Sheltie) , Silken Windhound, Silken Windsprite (Langhaar-Whippet), Wei\u00dfer Schweizer Sch\u00e4ferhund, W\u00e4ller<\/p><\/td><\/tr><tr><td class=\"td-0\"><strong>Erbgang<\/strong><\/td><td class=\"td-1\"><p class=\"bodytext\">Weitere Informationen finden Sie in der Beschreibung der jeweiligen Erbkrankheit.<\/p><\/td><\/tr><tr><td class=\"td-0\"><strong>Dauer<\/strong><\/td><td class=\"td-1\"><p class=\"bodytext\">3 - 5 Werktage nach Erhalt der Probe<\/p><\/td><\/tr><\/table>[\/vc_column_text][\/vc_column][\/vc_row]<\/p>\n<\/div>","protected":false},"excerpt":{"rendered":"<p>[vc_row][vc_column][vc_column_text css=&#8220;&#8220;][\/vc_column_text][\/vc_column][\/vc_row]<\/p>\n","protected":false},"author":1,"featured_media":0,"parent":1312062,"menu_order":1,"comment_status":"closed","ping_status":"closed","template":"","meta":{"_seopress_robots_primary_cat":"","_seopress_titles_title":"","_seopress_titles_desc":"","_seopress_robots_index":"","footnotes":""},"class_list":["post-1312067","page","type-page","status-publish","hentry","description-off"],"_links":{"self":[{"href":"https:\/\/laboklin.de\/de\/wp-json\/wp\/v2\/pages\/1312067","targetHints":{"allow":["GET"]}}],"collection":[{"href":"https:\/\/laboklin.de\/de\/wp-json\/wp\/v2\/pages"}],"about":[{"href":"https:\/\/laboklin.de\/de\/wp-json\/wp\/v2\/types\/page"}],"author":[{"embeddable":true,"href":"https:\/\/laboklin.de\/de\/wp-json\/wp\/v2\/users\/1"}],"replies":[{"embeddable":true,"href":"https:\/\/laboklin.de\/de\/wp-json\/wp\/v2\/comments?post=1312067"}],"version-history":[{"count":5,"href":"https:\/\/laboklin.de\/de\/wp-json\/wp\/v2\/pages\/1312067\/revisions"}],"predecessor-version":[{"id":1565339,"href":"https:\/\/laboklin.de\/de\/wp-json\/wp\/v2\/pages\/1312067\/revisions\/1565339"}],"up":[{"embeddable":true,"href":"https:\/\/laboklin.de\/de\/wp-json\/wp\/v2\/pages\/1312062"}],"wp:attachment":[{"href":"https:\/\/laboklin.de\/de\/wp-json\/wp\/v2\/media?parent=1312067"}],"curies":[{"name":"wp","href":"https:\/\/api.w.org\/{rel}","templated":true}]}}