{"id":1312065,"date":"2021-11-11T15:47:11","date_gmt":"2021-11-11T14:47:11","guid":{"rendered":"https:\/\/laboklin.de\/de\/?page_id=1312065"},"modified":"2025-09-20T00:44:47","modified_gmt":"2025-09-19T22:44:47","slug":"paket-fellfarben-hund","status":"publish","type":"page","link":"https:\/\/laboklin.de\/de\/leistungen\/genetik\/genetikpakete\/hund\/paket-fellfarben-hund\/","title":{"rendered":"Paket &#8211; Fellfarben Hund"},"content":{"rendered":"<h3 class=\"csc-firstHeader\">Paket Fellfarben Hund<\/h3><p><span>LABOKLIN Leistungs-ID: 8654<\/span><\/p><p class=\"bodytext\">Das Paket enth\u00e4lt folgende Tests:<br \/>\nA-Lokus, B-Lokus, D-Lokus (d1), E-Lokus (e1), I-Lokus (Ph\u00e4omelanin Intensit\u00e4t), K-Lokus und S-Lokus (Weissscheckung, Piebald).<\/p><table class=\"tx-laboklinleistung-table contenttable contenttable-2\" style=\"margin-top: 35px;\"><tr><td class=\"td-0\"><strong>Erbgang<\/strong><\/td><td class=\"td-1\"><p class=\"bodytext\">Weitere Informationen finden Sie in der Beschreibung des jeweiligen Fellfarbmerkmals.<\/p><\/td><\/tr><tr><td class=\"td-0\"><strong>Dauer<\/strong><\/td><td class=\"td-1\"><p class=\"bodytext\">1 - 2 Wochen nach Erhalt der Probe<\/p><\/td><\/tr><\/table>\n","protected":false},"excerpt":{"rendered":"<p>Paket Fellfarben HundLABOKLIN Leistungs-ID: 8654Das Paket enth\u00e4lt folgende Tests: A-Lokus, B-Lokus, D-Lokus (d1), E-Lokus (e1), I-Lokus (Ph\u00e4omelanin Intensit\u00e4t), K-Lokus und S-Lokus (Weissscheckung, Piebald).ErbgangWeitere Informationen finden Sie in der Beschreibung des jeweiligen Fellfarbmerkmals.Dauer1 &#8211; 2 Wochen nach Erhalt der Probe<\/p>\n","protected":false},"author":1,"featured_media":0,"parent":1312062,"menu_order":0,"comment_status":"closed","ping_status":"closed","template":"","meta":{"_seopress_robots_primary_cat":"","_seopress_titles_title":"","_seopress_titles_desc":"","_seopress_robots_index":"","footnotes":""},"class_list":["post-1312065","page","type-page","status-publish","hentry","description-off"],"_links":{"self":[{"href":"https:\/\/laboklin.de\/de\/wp-json\/wp\/v2\/pages\/1312065","targetHints":{"allow":["GET"]}}],"collection":[{"href":"https:\/\/laboklin.de\/de\/wp-json\/wp\/v2\/pages"}],"about":[{"href":"https:\/\/laboklin.de\/de\/wp-json\/wp\/v2\/types\/page"}],"author":[{"embeddable":true,"href":"https:\/\/laboklin.de\/de\/wp-json\/wp\/v2\/users\/1"}],"replies":[{"embeddable":true,"href":"https:\/\/laboklin.de\/de\/wp-json\/wp\/v2\/comments?post=1312065"}],"version-history":[{"count":4,"href":"https:\/\/laboklin.de\/de\/wp-json\/wp\/v2\/pages\/1312065\/revisions"}],"predecessor-version":[{"id":1563338,"href":"https:\/\/laboklin.de\/de\/wp-json\/wp\/v2\/pages\/1312065\/revisions\/1563338"}],"up":[{"embeddable":true,"href":"https:\/\/laboklin.de\/de\/wp-json\/wp\/v2\/pages\/1312062"}],"wp:attachment":[{"href":"https:\/\/laboklin.de\/de\/wp-json\/wp\/v2\/media?parent=1312065"}],"curies":[{"name":"wp","href":"https:\/\/api.w.org\/{rel}","templated":true}]}}