{"id":1312058,"date":"2021-11-11T15:34:57","date_gmt":"2021-11-11T14:34:57","guid":{"rendered":"https:\/\/laboklin.de\/de\/?page_id=1312058"},"modified":"2025-02-25T12:07:16","modified_gmt":"2025-02-25T11:07:16","slug":"acrodermatitis-enteropathica-ae","status":"publish","type":"page","link":"https:\/\/laboklin.de\/de\/leistungen\/genetik\/erbkrankheiten\/katze\/acrodermatitis-enteropathica-ae\/","title":{"rendered":"Acrodermatitis enteropathica (AE)"},"content":{"rendered":"<h3 class=\"csc-firstHeader\">Acrodermatitis enteropathica (AE)<\/h3><p><span>LABOKLIN Leistungs-ID: 8763<\/span><\/p><p class=\"bodytext\">Bei der T\u00fcrkisch Van l\u00f6st eine genetische Variante im SLC39A4-Gen eine Erkrankung namens Acrodermatitis enteropathica aus. Das SLC39A4-Gen kodiert f\u00fcr einen sich im Darm befindlichen Zinktransporter; der Verlust dieses Transporters f\u00fchrt zum systemischen Zinkmangel. Zinkionen spielen bei vielen biologischen Prozessen eine wichtige Rolle, insbesondere als enzymatische Co-Faktoren. <br \/>\r\nDie betroffenen Kitten entwickeln sich bis zu einem Alter von 6 Wochen zun\u00e4chst normal. Im Alter von 6-8 Wochen zeigen sie jedoch Wachstumsverz\u00f6gerungen und Durchfall. Zudem leiden sie an schweren, schnell fortschreitenden dermatologischen Symptomen wie Schuppen, Alopezie (Haarlosigkeit), n\u00e4ssenden Hautentz\u00fcndungen und auch schwere Erosionen und L\u00e4sionen an Bauch und Gliedma\u00dfen.  Massive sekund\u00e4re Infektionen k\u00f6nnen bei den Hautl\u00e4sionen entstehen. Die Erkrankung kann durch die orale Einnahme von hohen Zinkdosen behandelt werden, da ein weiterer intestinaler Zink-Transportweg existiert, der den Zinkmangel ausgleichen kann.  <br \/>\r\n<\/p><table class=\"tx-laboklinleistung-table contenttable contenttable-2\" style=\"margin-top: 35px;\"><tr><td class=\"td-0\"><strong>Methode<\/strong><\/td><td class=\"td-1\"><p class=\"bodytext\">Sequenzierung<\/p><\/td><\/tr><tr><td class=\"td-0\"><strong>Rasse<\/strong><\/td><td class=\"td-1\"><p class=\"bodytext\">T\u00fcrkisch Van<\/p><\/td><\/tr><tr><td class=\"td-0\"><strong>Erbgang<\/strong><\/td><td class=\"td-1\"><p class=\"bodytext\">autosomal-rezessiv<\/p><\/td><\/tr><tr><td class=\"td-0\"><strong>Dauer<\/strong><\/td><td class=\"td-1\"><p class=\"bodytext\">1 - 2 Wochen nach Erhalt der Probe<\/p><\/td><\/tr><\/table>\n","protected":false},"excerpt":{"rendered":"<p>Acrodermatitis enteropathica (AE)LABOKLIN Leistungs-ID: 8763Bei der T\u00fcrkisch Van l\u00f6st eine genetische Variante im SLC39A4-Gen eine Erkrankung namens Acrodermatitis enteropathica aus. Das SLC39A4-Gen kodiert f\u00fcr einen sich im Darm befindlichen Zinktransporter; der Verlust dieses Transporters f\u00fchrt zum systemischen Zinkmangel. Zinkionen spielen bei vielen biologischen Prozessen eine wichtige Rolle, insbesondere als enzymatische Co-Faktoren. Die betroffenen Kitten entwickeln&hellip;<\/p>\n","protected":false},"author":1,"featured_media":0,"parent":1212000,"menu_order":19,"comment_status":"closed","ping_status":"closed","template":"","meta":{"_seopress_robots_primary_cat":"","_seopress_titles_title":"","_seopress_titles_desc":"","_seopress_robots_index":"","footnotes":""},"class_list":["post-1312058","page","type-page","status-publish","hentry","description-off"],"_links":{"self":[{"href":"https:\/\/laboklin.de\/de\/wp-json\/wp\/v2\/pages\/1312058","targetHints":{"allow":["GET"]}}],"collection":[{"href":"https:\/\/laboklin.de\/de\/wp-json\/wp\/v2\/pages"}],"about":[{"href":"https:\/\/laboklin.de\/de\/wp-json\/wp\/v2\/types\/page"}],"author":[{"embeddable":true,"href":"https:\/\/laboklin.de\/de\/wp-json\/wp\/v2\/users\/1"}],"replies":[{"embeddable":true,"href":"https:\/\/laboklin.de\/de\/wp-json\/wp\/v2\/comments?post=1312058"}],"version-history":[{"count":1,"href":"https:\/\/laboklin.de\/de\/wp-json\/wp\/v2\/pages\/1312058\/revisions"}],"predecessor-version":[{"id":1312059,"href":"https:\/\/laboklin.de\/de\/wp-json\/wp\/v2\/pages\/1312058\/revisions\/1312059"}],"up":[{"embeddable":true,"href":"https:\/\/laboklin.de\/de\/wp-json\/wp\/v2\/pages\/1212000"}],"wp:attachment":[{"href":"https:\/\/laboklin.de\/de\/wp-json\/wp\/v2\/media?parent=1312058"}],"curies":[{"name":"wp","href":"https:\/\/api.w.org\/{rel}","templated":true}]}}