{"id":1309711,"date":"2021-08-10T14:44:49","date_gmt":"2021-08-10T12:44:49","guid":{"rendered":"https:\/\/laboklin.de\/de\/?page_id=1309711"},"modified":"2025-11-21T14:22:21","modified_gmt":"2025-11-21T13:22:21","slug":"haemophilie-a-faktor-viii","status":"publish","type":"page","link":"https:\/\/laboklin.de\/de\/leistungen\/genetik\/erbkrankheiten\/hund\/haemophilie-a-faktor-viii\/","title":{"rendered":"H\u00e4mophilie A (Faktor VIII)"},"content":{"rendered":"<h3 class=\"csc-firstHeader\">H\u00e4mophilie A (Faktor VIII)<\/h3><p><span>LABOKLIN Leistungs-ID: 8689<\/span><\/p><p class=\"bodytext\">Bei dieser angeborenen Blutgerinnungsst\u00f6rung kommt es zu Symptomen wie gr\u00f6\u00dferen Bluterg\u00fcssen (H\u00e4matomen), Nasenbluten, Haut-, Muskel- und Gelenkblutungen. Nach gr\u00f6\u00dferen Verletzungen oder Operationen k\u00f6nnen schwere Verl\u00e4ufe ohne Therapie oder Prophylaxe t\u00f6dlich enden. Ausl\u00f6ser der erh\u00f6hten Blutungsneigung ist ein genetisch verursachter Mangel oder eine reduzierte Aktivit\u00e4t des Faktors VIII, einem f\u00fcr die Blutgerinnung wichtigen Gerinnungsfaktor. Dieser besitzt in der Gerinnungskaskade eine Schl\u00fcsselfunktion.<\/p><table class=\"tx-laboklinleistung-table contenttable contenttable-2\" style=\"margin-top: 35px;\"><tr><td class=\"td-0\"><strong>Methode<\/strong><\/td><td class=\"td-1\"><p class=\"bodytext\">Sequenzierung (Bobtail, Boxer, Labrador Retriever);<br>TaqMan SNP Assay (Deutscher Sch\u00e4ferhund);<br>Fragmentl\u00e4ngenanalyse (Rhodesian Ridgeback)<\/p><\/td><\/tr><tr><td class=\"td-0\"><strong>Rasse<\/strong><\/td><td class=\"td-1\"><p class=\"bodytext\">Australian-Labradoodle (Cobberdog), Bobtail, Deutscher Boxer, Deutscher Sch\u00e4ferhund, Labradoodle, Labrador Retriever, Rhodesian Ridgeback<\/p><\/td><\/tr><tr><td class=\"td-0\"><strong>Erbgang<\/strong><\/td><td class=\"td-1\"><p class=\"bodytext\">X-chromosomal-rezessiv<\/p><\/td><\/tr><tr><td class=\"td-0\"><strong>Dauer<\/strong><\/td><td class=\"td-1\"><p class=\"bodytext\">1 - 2 Wochen nach Erhalt der Probe (Bobtail, Boxer, Labrador Retriever, Rhodesian Ridgeback);<br>3 - 5 Arbeitstage nach Erhalt der Probe (Deutscher Sch\u00e4ferhund)<\/p><\/td><\/tr><\/table>\n","protected":false},"excerpt":{"rendered":"<p>Erfahren Sie mehr \u00fcber den H\u00e4mophilie-A-Gentest beim Hund und wie eine fr\u00fchzeitige Diagnose zur Gesundheit Ihres Tieres beitr\u00e4gt.<\/p>\n","protected":false},"author":1,"featured_media":0,"parent":1211000,"menu_order":17,"comment_status":"closed","ping_status":"closed","template":"","meta":{"_seopress_robots_primary_cat":"","_seopress_titles_title":"H\u00e4mophilie A Gentest f\u00fcr Hunde | LABOKLIN","_seopress_titles_desc":"Erfahren Sie mehr \u00fcber den H\u00e4mophilie-A-Gentest beim Hund und wie eine fr\u00fchzeitige Diagnose zur Gesundheit Ihres Tieres beitr\u00e4gt.","_seopress_robots_index":"","footnotes":""},"class_list":["post-1309711","page","type-page","status-publish","hentry","description-off"],"_links":{"self":[{"href":"https:\/\/laboklin.de\/de\/wp-json\/wp\/v2\/pages\/1309711","targetHints":{"allow":["GET"]}}],"collection":[{"href":"https:\/\/laboklin.de\/de\/wp-json\/wp\/v2\/pages"}],"about":[{"href":"https:\/\/laboklin.de\/de\/wp-json\/wp\/v2\/types\/page"}],"author":[{"embeddable":true,"href":"https:\/\/laboklin.de\/de\/wp-json\/wp\/v2\/users\/1"}],"replies":[{"embeddable":true,"href":"https:\/\/laboklin.de\/de\/wp-json\/wp\/v2\/comments?post=1309711"}],"version-history":[{"count":6,"href":"https:\/\/laboklin.de\/de\/wp-json\/wp\/v2\/pages\/1309711\/revisions"}],"predecessor-version":[{"id":1574151,"href":"https:\/\/laboklin.de\/de\/wp-json\/wp\/v2\/pages\/1309711\/revisions\/1574151"}],"up":[{"embeddable":true,"href":"https:\/\/laboklin.de\/de\/wp-json\/wp\/v2\/pages\/1211000"}],"wp:attachment":[{"href":"https:\/\/laboklin.de\/de\/wp-json\/wp\/v2\/media?parent=1309711"}],"curies":[{"name":"wp","href":"https:\/\/api.w.org\/{rel}","templated":true}]}}