{"id":1309684,"date":"2021-08-10T12:19:08","date_gmt":"2021-08-10T10:19:08","guid":{"rendered":"https:\/\/laboklin.de\/de\/?page_id=1309684"},"modified":"2025-01-29T12:52:35","modified_gmt":"2025-01-29T11:52:35","slug":"leveteriacetam","status":"publish","type":"page","link":"https:\/\/laboklin.de\/de\/leistungen\/vitamine-medikamentenspiegel-vergiftungen\/medikamentenspiegel\/leveteriacetam\/","title":{"rendered":"Leveteriacetam"},"content":{"rendered":"<h3 class=\"csc-firstHeader\">Levetiracetam<\/h3><p><span>LABOKLIN Leistungs-ID: 1406<\/span><\/p><p class=\"bodytext\"><br><strong>Therapiekontrolle<\/strong>, Wirkspiegel nur f\u00fcr den Hund festgelegt<\/p><table class=\"tx-laboklinleistung-table contenttable contenttable-2\" style=\"margin-top: 35px;\"><tr><td class=\"td-0\"><strong>Material<\/strong><\/td><td class=\"td-1\"><p class=\"bodytext\">Serum 1 ml<\/p><\/td><\/tr><tr><td class=\"td-0\"><strong>Methode<\/strong><\/td><td class=\"td-1\"><p class=\"bodytext\">Fl\u00fcssigchromatographie-Massenspektrometrie (LCMS)<\/p><\/td><\/tr><tr><td class=\"td-0\"><strong>Dauer<\/strong><\/td><td class=\"td-1\"><p class=\"bodytext\">Testh\u00e4ufigkeit 1-mal w\u00f6chentlich<\/p><\/td><\/tr><tr><td class=\"td-0\"><strong>Anmerkung<\/strong><\/td><td class=\"td-1\"><p class=\"bodytext\"><ul><li>Zur Therapieanpassung sollte die klinische Symptomatik miteinbezogen werden.<\/li><li>Blutentnahme direkt vor Medikation bevorzugt<\/li><\/ul><\/p><\/td><\/tr><\/table>\n","protected":false},"excerpt":{"rendered":"<p>LevetiracetamLABOKLIN Leistungs-ID: 1406Therapiekontrolle, Wirkspiegel nur f\u00fcr den Hund festgelegtMaterialSerum 1 mlMethodeFl\u00fcssigchromatographie-Massenspektrometrie (LCMS)DauerTesth\u00e4ufigkeit 1-mal w\u00f6chentlichAnmerkungZur Therapieanpassung sollte die klinische Symptomatik miteinbezogen werden.Blutentnahme direkt vor Medikation bevorzugt<\/p>\n","protected":false},"author":1,"featured_media":0,"parent":720000,"menu_order":1,"comment_status":"closed","ping_status":"closed","template":"","meta":{"_seopress_robots_primary_cat":"","_seopress_titles_title":"","_seopress_titles_desc":"","_seopress_robots_index":"","footnotes":""},"class_list":["post-1309684","page","type-page","status-publish","hentry","description-off"],"_links":{"self":[{"href":"https:\/\/laboklin.de\/de\/wp-json\/wp\/v2\/pages\/1309684","targetHints":{"allow":["GET"]}}],"collection":[{"href":"https:\/\/laboklin.de\/de\/wp-json\/wp\/v2\/pages"}],"about":[{"href":"https:\/\/laboklin.de\/de\/wp-json\/wp\/v2\/types\/page"}],"author":[{"embeddable":true,"href":"https:\/\/laboklin.de\/de\/wp-json\/wp\/v2\/users\/1"}],"replies":[{"embeddable":true,"href":"https:\/\/laboklin.de\/de\/wp-json\/wp\/v2\/comments?post=1309684"}],"version-history":[{"count":3,"href":"https:\/\/laboklin.de\/de\/wp-json\/wp\/v2\/pages\/1309684\/revisions"}],"predecessor-version":[{"id":1316427,"href":"https:\/\/laboklin.de\/de\/wp-json\/wp\/v2\/pages\/1309684\/revisions\/1316427"}],"up":[{"embeddable":true,"href":"https:\/\/laboklin.de\/de\/wp-json\/wp\/v2\/pages\/720000"}],"wp:attachment":[{"href":"https:\/\/laboklin.de\/de\/wp-json\/wp\/v2\/media?parent=1309684"}],"curies":[{"name":"wp","href":"https:\/\/api.w.org\/{rel}","templated":true}]}}