{"id":1305958,"date":"2021-02-05T12:55:14","date_gmt":"2021-02-05T11:55:14","guid":{"rendered":"https:\/\/laboklin.de\/de\/?page_id=1305958"},"modified":"2025-11-12T13:54:30","modified_gmt":"2025-11-12T12:54:30","slug":"verpackung-und-transport","status":"publish","type":"page","link":"https:\/\/laboklin.de\/de\/fachinformationen\/praeanalytik\/verpackung-und-transport\/","title":{"rendered":"Verpackung und Transport"},"content":{"rendered":"<div class=\"wpb-content-wrapper\"><p>[vc_row][vc_column][vc_column_text css=&#8220;.vc_custom_1612526154583{margin-bottom: 30px !important;}&#8220;]Die Bef\u00f6rderung von ansteckungsgef\u00e4hrlichen Stoffen unterliegt besonderen Anforderungen.<\/p>\n<p>Der Absender ist f\u00fcr sein Transportgut verantwortlich (d. h. Regresspflicht f\u00fcr den Absender bei Sch\u00e4den\/Kosten durch nicht ordnungsgem\u00e4\u00df verpackte Proben).<\/p>\n<p>Bei Verpackung laut Gefahrgut-Verordnung kann kein Schaden entstehen!<\/p>\n<p><b>Sie finden Details zu:<\/b>[\/vc_column_text][\/vc_column][\/vc_row][vc_row][vc_column][vc_tta_tour style=&#8220;modern&#8220; shape=&#8220;square&#8220; controls_size=&#8220;sm&#8220; active_section=&#8220;1&#8243;][vc_tta_section title=&#8220;Verpackung laut Gefahrgut-Verordnung&#8220; tab_id=&#8220;1581887762168-425b7db1-c4e02de7-add4&#8243;][vc_column_text]Die Bef\u00f6rderung von ansteckungsgef\u00e4hrlichen Stoffen (Stoffe, von denen bekannt oder anzunehmen ist, dass sie Krankheitserreger enthalten) sowie von klinischen Abf\u00e4llen und diagnostischen Proben regelt die Gefahrgutverordnung in Verbindung mit dem Europ\u00e4ischen \u00dcbereinkommen \u00fcber die internationale Bef\u00f6rderung gef\u00e4hrlicher G\u00fcter auf der Stra\u00dfe (ADR). Die detaillierten Vorschriften zur Klassifizierung der Stoffe und zur Verpackung finden sich im ADR.<\/p>\n<p>Beim Versand von Proben als &#8222;freigestellte veterin\u00e4rmedizinische Probe&#8220; oder als &#8222;Biologischer Stoff, Kategorie B&#8220; (&#8222;UN 3373&#8220;) sind die in den beiden folgenden Kapiteln dargestellten <strong>Verpackungsvorschriften<\/strong> einzuhalten. Die Sendungen sind entsprechend zu <strong>kennzeichnen.<\/strong><\/p>\n<p>Bei Proben der Kategorie B hat die Kennzeichnung als <strong>&#8222;Biologischer Stoff, Kategorie B&#8220;<\/strong> und <strong>&#8222;UN 3373&#8220;<\/strong> zu erfolgen; die Angabe &#8222;UN 3373&#8220; muss sich in einer mind. 5 cm x 5 cm gro\u00dfen Raute befinden. Der Rand der Raute muss mind. 2 mm breit sein und die Schrifth\u00f6he beider Angaben muss mind. 6 mm betragen.<\/p>\n<p>Eine <strong>freigestellte veterin\u00e4rmedizinische Probe<\/strong> ist eine Patientenprobe, bei der nur eine minimale Wahrscheinlichkeit besteht, dass sie Krankheitserreger enth\u00e4lt (z.B. Blut und Blutbestandteile).<\/p>\n<p>Die Klassifizierung hat nach fachlicher Beurteilung auf der Grundlage der Anamnese, der Symptome, der individuellen Gegebenheiten des Patienten und der lokalen endemischen Bedingungen zu erfolgen.<\/p>\n<p>In Zweifelsf\u00e4llen empfiehlt sich der Versand als ansteckungsgef\u00e4hrlicher Stoff der Kategorie B.<\/p>\n<p>Bei anderen Stoffen f\u00fchren Freistellungen dazu, dass die Vorschriften des ADR nicht angewendet werden m\u00fcssen (sofern die Stoffe nicht Kriterien aufweisen, die eine Aufnahme in eine andere Gefahrgutklasse nach sich ziehen). Dies gilt z.B. f\u00fcr:<\/p>\n<ul>\n<li>getrocknetes Blut, das durch Aufbringen eines Bluttropfens auf eine absorbierende Fl\u00e4che gewonnen wurde,<\/li>\n<li>Stoffe, bei denen sich die Konzentration von Krankheitserregern auf einem in der Natur vorkommenden Niveau befindet (einschlie\u00dflich Wasserproben) und bei denen nicht davon auszugehen ist, dass sie ein bedeutsames Infektionsrisiko darstellen,<\/li>\n<li>Stoffe in einer Form, in der jegliche vorhandene Krankheitserreger so neutralisiert oder deaktiviert wurden, dass sie kein Gesundheitsrisiko mehr darstellen.<\/li>\n<\/ul>\n<p>Wegen des hohen Sicherheitsstandards (z.B. Dichte) ist aber auch bei solchen Proben die Verwendung der im Folgenden beschriebenen Verpackungen empfehlenswert.[\/vc_column_text][\/vc_tta_section][vc_tta_section title=&#8220;Wie verpacken?&#8220; tab_id=&#8220;1581887762192-7e387ca9-50822de7-add4&#8243;][vc_column_text]<strong>Wie muss verpackt werden?<\/strong><\/p>\n<p>F\u00fcr diagnostische Proben der UN-Nummer 3373 gilt Verpackungsanweisung P 650 (Stra\u00dfentransport) bzw. PI 650 (Lufttransport).<\/p>\n<p>Die wichtigsten Anforderungen an die Verpackung sind demnach:<\/p>\n<ul>\n<li>Gen\u00fcgend widerstandsf\u00e4hig, dass St\u00f6\u00dfe\/Belastungen (Vibrationen\/Temperatur-\/ Feuchtigkeits-\/Druck\u00e4nderungen) bei einer normalen Bef\u00f6rderung zu keiner Besch\u00e4digung\/keinem Austritt des Inhalts f\u00fchren k\u00f6nnen.<\/li>\n<li>Es ist ein Probengef\u00e4\u00df und zus\u00e4tzlich ein Versandgef\u00e4\u00df (Schutzh\u00fclle) sowie eine Au\u00dfenverpackung erforderlich, wobei entweder die Sekund\u00e4r- oder die Au\u00dfenverpackung starr sein muss. Bei Lufttransport ist immer eine starre Au\u00dfenverpackung erforderlich. (Zu den Anforderungen von Post\/DHL siehe dort).<\/li>\n<li>Die Au\u00dfenverpackung muss auf einer Oberfl\u00e4che eine Abmessung von mind. 100 mm x 100 mm aufweisen<\/li>\n<li>Das Versandst\u00fcck muss einer Fallpr\u00fcfung aus mind. 1,2 m H\u00f6he gen\u00fcgen.<\/li>\n<\/ul>\n<p>Auch f\u00fcr freigestellte veterin\u00e4rmedizinische Proben wird eine dreiteilige Verpackung (Probengef\u00e4\u00df, Versandgef\u00e4\u00df, Au\u00dfenverpackung) ben\u00f6tigt. Von der Au\u00dfenverpackung wird ausreichende Festigkeit gefordert.<\/p>\n<p><strong><span style=\"color: #000000;\">Verpackung im Einzelnen<\/span><\/strong><\/p>\n<p><em><strong>Fl\u00fcssige Stoffe<\/strong><\/em><\/p>\n<ul>\n<li>Das Probengef\u00e4\u00df muss dicht sein und eine maximale F\u00fcllmenge von 1000 ml aufweisen.<\/li>\n<li>Das Versandgef\u00e4\u00df (Umverpackung) muss ebenfalls dicht sein und ein absorbierendes Material enthalten, welches bei fl\u00fcssigen Proben in der Lage ist, die gesamte Probenmenge zu absorbieren. Werden mehrere Probengef\u00e4\u00dfe zusammen in ein Versandgef\u00e4\u00df eingesetzt, m\u00fcssen die Probengef\u00e4\u00dfe so voneinander getrennt werden, dass sie sich nicht ber\u00fchren.<\/li>\n<li>Au\u00dfenverpackung: max. 4 l<\/li>\n<\/ul>\n<p><em><strong>Feste Stoffe<\/strong><\/em><\/p>\n<ul>\n<li>Probengef\u00e4\u00df: staubdicht<\/li>\n<li>Versandgef\u00e4\u00df: staubdicht, bei Verpackung mehrerer fester Stoffe in einem Versandgef\u00e4\u00df direkte Ber\u00fchrung verhindern<\/li>\n<li>Die Au\u00dfenverpackung darf max. 4 kgenthalten. Diese Beschr\u00e4nkung gilt nicht bei Versand ganzer K\u00f6rperteile, Organe oder ganzer K\u00f6rper.<\/li>\n<\/ul>\n<p>F\u00fcr den Versand freigestellter veterin\u00e4rmedizinischer Proben werden immer wasserdichte Proben- und Versandgef\u00e4\u00dfe sowie im Fall fl\u00fcssiger Proben auch absorbierende Materialien gefordert.[\/vc_column_text][\/vc_tta_section][vc_tta_section title=&#8220;Transport gek\u00fchlter\/ gefrorener Proben&#8220; tab_id=&#8220;1664458630409-5ba2a2bd-aa0f&#8220;][vc_column_text css=&#8220;&#8220;]<strong>Transport gek\u00fchlter oder gefrorener Proben<\/strong><\/p>\n<p>F\u00fcr bestimmte Untersuchungen ist es erforderlich, dass die Proben nach der Entnahme gek\u00fchlt oder gefroren werden und die K\u00fchlkette<strong> bis zum Eintreffen im Labor <\/strong>aufrechterhalten wird.<\/p>\n<p>Hinweise, welche Proben gek\u00fchlt versendet werden m\u00fcssen, finden Sie bei den jeweiligen Leistungen. Auf den Untersuchungsauftr\u00e4gen geschieht dies mittels Sonderkennzeichnung, die im folgenden Abschnitt &#8222;Versandmaterial und Vorbereitung f\u00fcr den K\u00fchltransport&#8220; erkl\u00e4rt wird. Alle diesbez\u00fcglichen Hinweise gelten f\u00fcr Direktversand nach Bad Kissingen, bei Versand in andere Laboklin-Labore k\u00f6nnen Abweichungen bez\u00fcglich der K\u00fchl-\/Gefrieranforderungen bestehen. Die f\u00fcr das jeweilige Labor geltenden Anforderungen sind auf den landeseigenen Untersuchungsauftr\u00e4gen (\u00d6sterreich, Schweiz) sowie im Katalog Preise und Leistungen ausgewiesen.[\/vc_column_text][\/vc_tta_section][vc_tta_section title=&#8220;Versandmaterial &amp; Vorbereitung f\u00fcr d. K\u00fchltransport&#8220; tab_id=&#8220;1732133077741-5591e860-6cdd&#8220;][vc_column_text css=&#8220;&#8220;]<strong>Versandmaterial und Vorbereitung f\u00fcr den K\u00fchltransport<\/strong><\/p>\n<p>Die Proben werden weder beim Post-, noch beim Kurierversand auf dem Transportweg gek\u00fchlt. Versenden Sie daher zu k\u00fchlende\/gefrorene Proben mit einem <strong>(Tief-)K\u00fchlakku<\/strong> und bei Bedarf auch zus\u00e4tzlich in einer <strong>Styroporbox<\/strong>.<\/p>\n<p>Eine Spezialbox k\u00f6nnen Sie bei Laboklin erwerben; sie besteht aus einer Styroporbox und einem speziellen Probenk\u00fchl-\/-gefrierakku, mit dem 2 Probenr\u00f6hrchen rundherum gek\u00fchlt werden k\u00f6nnen. Diese Box k\u00f6nnen Sie \u00fcber \u201eMein Labor\u201c oder \u00fcber die speziellen Bestellkarten f\u00fcr Versandmaterialien bei Laboklin bestellen.<\/p>\n<p>Zur Vorbereitung f\u00fcr den Transport gek\u00fchlter Proben k\u00fchlen Sie die Proben bitte 1 \u2013 2 Stunden und ebenfalls das K\u00fchlmaterial vor, da die K\u00fchl-\/Gefrierleistung von Akku und Box alleine nicht ausreicht, um Proben ad\u00e4quat herunterzuk\u00fchlen oder einzufrieren. Das K\u00fchlmaterial kann auch f\u00fcr den Versand gek\u00fchlter Proben vorab gefroren werden \u2013 lediglich beim Versand einer Vollblutprobe zur Anfertigung eines Blutbildes muss der Kontakt der Probe mit Gefriergut vermieden werden.<\/p>\n<p>Vor dem <strong>Transport gefrorener Proben<\/strong> sind das K\u00fchlmaterial UND die Proben mindestens 10 Stunden im Gefrierschrank bei ca. -20 \u00b0C zu lagern.[\/vc_column_text][\/vc_tta_section][vc_tta_section title=&#8220;Probenk\u00fchlung auf d. Untersuchungsauftr\u00e4gen&#8220; tab_id=&#8220;1732133368374-4d050333-6c44&#8243;][vc_column_text css=&#8220;&#8220;]<strong>Probenk\u00fchlung auf d. Untersuchungsauftr\u00e4gen<\/strong><\/p>\n<p>Wenn Proben vor der Untersuchung zu k\u00fchlen sind, ist dies mittels \u201e!\u201c hinter dem Namen der Leistung gekennzeichnet. Wenn Gefrieren erforderlich ist, wird dies explizit angegeben. Findet sich der K\u00fchlhinweis bei Leistungen, die die Einsendung mehrerer Materialien erfordern, ist oft nur eines von ihnen zu k\u00fchlen. In diesem Fall findet sich zus\u00e4tzlich ein &#8222;!&#8220; hinter dem Material, das gek\u00fchlt werden muss.<\/p>\n<p>Beispiel:<br \/>\n\u201ePr\u00e4-OP-Screening !\u00a0\u00a0\u00a0\u00a0\u00a0\u00a0\u00a0\u00a0\u00a0\u00a0\u00a0\u00a0\u00a0\u00a0\u00a0 CP!+S+EB\/1ml\u201c<br \/>\n&#8211; nur das Citratplasma ist gek\u00fchlt einzusenden<\/p>\n<p>Wenn mindestens K\u00fchlung erforderlich ist und Gefrieren bevorzugt ist, ist zus\u00e4tzlich zum \u201e!\u201c der Hinweis \u201em\u00f6glichst gefroren\u201c erg\u00e4nzt. Dies gilt aktuell f\u00fcr die Online-Auftr\u00e4ge (und den Katalog Preise und Leistungen); f\u00fcr die Print-Auftr\u00e4ge sind entsprechende Informationen dem Infoblatt zu den pr\u00e4analytisch kritischen Parametern zu entnehmen.<\/p>\n<p>Beispiele:<br \/>\n\u201eVerhaltensprofil Hund ! (m\u00f6glichst gefroren)\u00a0\u00a0\u00a0\u00a0\u00a0\u00a0\u00a0\u00a0\u00a0\u00a0\u00a0\u00a0 S+EB\/3ml\u201c<br \/>\n&#8211; Serum und EDTA-Blut sind mindestens gek\u00fchlt, m\u00f6glichst sogar gefroren einzusenden.<\/p>\n<p>&nbsp;<\/p>\n<p>Equines Cushing\/PPID-Profil ! (S m\u00f6glichst gefroren)\u00a0\u00a0 EP!+S!+NaFB\/2ml<\/p>\n<p>&#8211; EDTA-Plasma ist gek\u00fchlt und Serum ist gek\u00fchlt oder besser gefroren einzusenden.<\/p>\n<p><strong>Achtung:<\/strong> Falls bei dieser Leistung zus\u00e4tzlich das Blutbild angefordert wird: Dann ist zus\u00e4tzlich EB und ein Blutausstrich erforderlich, die keinesfalls gefroren werden d\u00fcrfen![\/vc_column_text][\/vc_tta_section][vc_tta_section title=&#8220;Postversand&#8220; tab_id=&#8220;1612526068813-831261aa-4572&#8243;][vc_column_text]Soll der <strong>Probenversand per Post oder DHL<\/strong> erfolgen, ist die zul\u00e4ssige Versandart zu beachten.<\/p>\n<ul>\n<li>Freigestellte veterin\u00e4rmedizinische Proben d\u00fcrfen in der Versandart Brief und dann auch in einer Versandh\u00fclle als Au\u00dfenverpackung geschickt werden.<\/li>\n<li>Sendungen mit Probenmaterial der Kategorie B (UN 3373) sind in der Versandart Brief oder per DHL express zul\u00e4ssig. Der Sendung sind beim Postversand von UN 3373 schriftliche Angaben zum Inhalt beizuf\u00fcgen. Die Verpackung muss dann starr und kistenf\u00f6rmig sein und neben der o.g. Kennzeichnung der Kategorie (\u201eBiologischer Stoff, Kategorie B\u201c und \u201eUN 3373\u201c) auch eine Angabe zur Bauartpr\u00fcfung der Verpackung aufweisen. Ferner ist die Telefonnummer einer verantwortlichen Person anzugeben.<\/li>\n<\/ul>\n<p>Weitere Informationen \u00fcber \u201eRegelungen f\u00fcr die Bef\u00f6rderung von gef\u00e4hrlichen Stoffen und Gegenst\u00e4nden\u201c finden sich bei Post und DHL.<\/p>\n<p>Es ist auf ausreichende Frankierung zu achten!<br \/>\nNicht ausreichend frankierte Sendungen werden gesondert an das Labor geliefert und bedingen Zeitverlust und Nachporto, das der Praxis in Rechnung gestellt werden muss.<\/p>\n<p><strong>Bei Einsendungen aus einem Nicht-EU-Land bitte vorab bei Laboklin anfragen.<\/strong>[\/vc_column_text][\/vc_tta_section][\/vc_tta_tour][\/vc_column][\/vc_row][vc_row type=&#8220;vc_default&#8220; css=&#8220;.vc_custom_1612527221331{margin-top: 30px !important;margin-bottom: 30px !important;padding-top: 20px !important;padding-right: 20px !important;padding-bottom: 20px !important;padding-left: 20px !important;background-color: #e7e7e7 !important;}&#8220;][vc_column width=&#8220;1\/6&#8243;][vc_icon icon_fontawesome=&#8220;fas fa-exclamation&#8220; color=&#8220;custom&#8220; background_style=&#8220;rounded-outline&#8220; background_color=&#8220;custom&#8220; size=&#8220;lg&#8220; custom_color=&#8220;#e51e1e&#8220; custom_background_color=&#8220;#e51e1e&#8220;][\/vc_column][vc_column width=&#8220;5\/6&#8243;][vc_column_text]<strong>Bitte Kan\u00fclen nicht in den R\u00f6hrchen lassen!<\/strong><\/p>\n<p><strong>R\u00f6hrchen bitte nicht zukleben!<\/strong> Verschl\u00fcsse halten, wenn Versandgef\u00e4\u00df \/ Schutzh\u00fclle verwendet wird.[\/vc_column_text][\/vc_column][\/vc_row]<\/p>\n<\/div>","protected":false},"excerpt":{"rendered":"<p>[vc_row][vc_column][vc_column_text css=&#8220;.vc_custom_1612526154583{margin-bottom: 30px !important;}&#8220;]Die Bef\u00f6rderung von ansteckungsgef\u00e4hrlichen Stoffen unterliegt besonderen Anforderungen. Der Absender ist f\u00fcr sein Transportgut verantwortlich (d. h. Regresspflicht f\u00fcr den Absender bei Sch\u00e4den\/Kosten durch nicht ordnungsgem\u00e4\u00df verpackte Proben). Bei Verpackung laut Gefahrgut-Verordnung kann kein Schaden entstehen! Sie finden Details zu:[\/vc_column_text][\/vc_column][\/vc_row][vc_row][vc_column][vc_tta_tour style=&#8220;modern&#8220; shape=&#8220;square&#8220; controls_size=&#8220;sm&#8220; active_section=&#8220;1&#8243;][vc_tta_section title=&#8220;Verpackung laut Gefahrgut-Verordnung&#8220; tab_id=&#8220;1581887762168-425b7db1-c4e02de7-add4&#8243;][vc_column_text]Die Bef\u00f6rderung von ansteckungsgef\u00e4hrlichen Stoffen&hellip;<\/p>\n","protected":false},"author":1,"featured_media":0,"parent":4562,"menu_order":3,"comment_status":"closed","ping_status":"closed","template":"","meta":{"_seopress_robots_primary_cat":"","_seopress_titles_title":"","_seopress_titles_desc":"","_seopress_robots_index":"","footnotes":""},"class_list":["post-1305958","page","type-page","status-publish","hentry","description-off"],"_links":{"self":[{"href":"https:\/\/laboklin.de\/de\/wp-json\/wp\/v2\/pages\/1305958","targetHints":{"allow":["GET"]}}],"collection":[{"href":"https:\/\/laboklin.de\/de\/wp-json\/wp\/v2\/pages"}],"about":[{"href":"https:\/\/laboklin.de\/de\/wp-json\/wp\/v2\/types\/page"}],"author":[{"embeddable":true,"href":"https:\/\/laboklin.de\/de\/wp-json\/wp\/v2\/users\/1"}],"replies":[{"embeddable":true,"href":"https:\/\/laboklin.de\/de\/wp-json\/wp\/v2\/comments?post=1305958"}],"version-history":[{"count":25,"href":"https:\/\/laboklin.de\/de\/wp-json\/wp\/v2\/pages\/1305958\/revisions"}],"predecessor-version":[{"id":1573393,"href":"https:\/\/laboklin.de\/de\/wp-json\/wp\/v2\/pages\/1305958\/revisions\/1573393"}],"up":[{"embeddable":true,"href":"https:\/\/laboklin.de\/de\/wp-json\/wp\/v2\/pages\/4562"}],"wp:attachment":[{"href":"https:\/\/laboklin.de\/de\/wp-json\/wp\/v2\/media?parent=1305958"}],"curies":[{"name":"wp","href":"https:\/\/api.w.org\/{rel}","templated":true}]}}