{"id":1305954,"date":"2021-02-05T12:50:01","date_gmt":"2021-02-05T11:50:01","guid":{"rendered":"https:\/\/laboklin.de\/de\/?page_id=1305954"},"modified":"2024-11-25T14:25:54","modified_gmt":"2024-11-25T13:25:54","slug":"nachbestellung-von-untersuchungen","status":"publish","type":"page","link":"https:\/\/laboklin.de\/de\/fachinformationen\/praeanalytik\/nachbestellung-von-untersuchungen\/","title":{"rendered":"Nachbestellung von Untersuchungen"},"content":{"rendered":"<div class=\"wpb-content-wrapper\"><p>[vc_row type=&#8220;vc_default&#8220; content_placement=&#8220;top&#8220;][vc_column][vc_column_text css=&#8220;&#8220;]Sie k\u00f6nnen zu bereits eingesandtem Probenmaterial unter Angabe der Befundnummer weitere Untersuchungen nachfordern, sofern<\/p>\n<ul>\n<li>die Nachbestellung innerhalb der Aufbewahrungsfrist der Proben (siehe unten) erfolgt<\/li>\n<li>die Probe gen\u00fcgend Material beinhaltet<\/li>\n<li>f\u00fcr die Untersuchung, die neu angefordert werden soll, das ggf. angegebene maximale Probenalter nicht \u00fcberschritten ist (z.B. bei Morphologie, Durchflusszytometrie). Parameter mit besonderen Anforderungen an die Pr\u00e4analytik (gek\u00fchlt bzw. tiefgek\u00fchlt) k\u00f6nnen im Allgemeinen nicht nachbestellt werden.<\/li>\n<\/ul>\n<p>Die Nachbestellungen k\u00f6nnen erfolgen<\/p>\n<ul>\n<li>per Mail an nachbestellung@laboklin.com<\/li>\n<li>in Mein Labor<\/li>\n<li>telefonisch (0971 \/ 7202-0) in der Telefonzentrale oder im Rahmen der Fachberatung<\/li>\n<li>per Fax an 0971 \/ 68546<\/li>\n<li>per Post<\/li>\n<\/ul>\n<p>Die <strong>Aufbewahrungszeit<\/strong> h\u00e4ngt von der Art des Probenmaterials und dem Zweck der Einsendung, d.h. der Art der urspr\u00fcnglich angeforderten Untersuchung ab. Die im Folgenden angegebenen Fristen gelten f\u00fcr die in Bad Kissingen untersuchten Proben<br \/>\n(Stand Dezember 2023).<\/p>\n<h5><strong>Aufbewahrung nach klinisch-chemischen Untersuchungen, Allergietests, serologischen Untersuchungen (Antik\u00f6rpernachweise; Antigennachweise, au\u00dfer solchen aus Kot):<\/strong><\/h5>\n<ul>\n<li>Serum, Heparin-Plasma, Citratplasma, EDTA-Plasma: 14 Tage<\/li>\n<li>EDTA-Blut, Heparin-Blut: 7 Tage<\/li>\n<li>Harne: 7 Tage<\/li>\n<li>Harnsteine: 7 Tage (meist wird das Material jedoch komplett f\u00fcr die Analyse ben\u00f6tigt)<\/li>\n<li>Punktate und Liquor: 7 Tage<\/li>\n<li>Blutausstriche: 14 Tage<\/li>\n<\/ul>\n<h5><strong>Aufbewahrung nach bakteriologischer, mykologischer und parasitologischer Untersuchung (kulturelle Nachweise, alle Kotuntersuchungen inkl. Antigennachweisen aus Kot), Untersuchungen auf Maldigestion:<\/strong><\/h5>\n<ul>\n<li>Faeces: 7 Tage<\/li>\n<li>Haut\/Haare, Abstriche, Harn, Milch: 14 Tage<\/li>\n<li>Punktate: 4 Wochen<\/li>\n<li>Isolierte Keime: 7 Tage<\/li>\n<\/ul>\n<h5><strong>Aufbewahrung nach Erreger-Nachweis mittels PCR:<\/strong><\/h5>\n<ul>\n<li>unabh\u00e4ngig vom Probenmaterial (Blut, Liquor, Harn, Abstrich, Gewebe, Feder etc.): 2 \u2013 3 Wochen<\/li>\n<li>extrahierte DNA\/RNA: 1 Jahr<\/li>\n<li>Bitte beachten Sie, dass sich extrahierte DNA\/RNA ausschlie\u00dflich f\u00fcr die Nachforderung weiterer Untersuchungen mittels PCR \/ genetischer Methoden eignet, nicht jedoch fu\u0308r Untersuchungen, die ein Keimwachstum voraussetzen. Es ist daher auch nicht m\u00f6glich, einen Resistenztest nachzufordern, wenn die Probe f\u00fcr den Erregernachweis mittels PCR eingesandt wurde.<\/li>\n<\/ul>\n<h5><strong>Aufbewahrung nach histopathologischer Untersuchung:<\/strong><\/h5>\n<ul>\n<li>Nassmaterial (Gewebeproben): 3 Wochen<\/li>\n<li>Zytologie-Objekttr\u00e4ger \/ Zytologie-Proben: 3 Wochen<\/li>\n<li>Paraffinbl\u00f6cke: 3 Jahre<\/li>\n<li>Schnitte: 5 Jahre<\/li>\n<\/ul>\n<h5><strong>Aufbewahrung nach Untersuchung auf Erbkrankheiten oder Fellfarben \/ Bestimmung von Rasse, Abstammung:<\/strong><\/h5>\n<p>Aufbewahrung der extrahierten DNA: mindestens 5 Jahre<\/p>\n<h5><strong>Aufbewahrung nach Untersuchung des Geschlechts beim Vogel:<\/strong><\/h5>\n<p>Aufbewahrung der extrahierten DNA: 1 Jahr[\/vc_column_text][\/vc_column][\/vc_row]<\/p>\n<\/div>","protected":false},"excerpt":{"rendered":"<p>[vc_row type=&#8220;vc_default&#8220; content_placement=&#8220;top&#8220;][vc_column][vc_column_text css=&#8220;&#8220;]Sie k\u00f6nnen zu bereits eingesandtem Probenmaterial unter Angabe der Befundnummer weitere Untersuchungen nachfordern, sofern die Nachbestellung innerhalb der Aufbewahrungsfrist der Proben (siehe unten) erfolgt die Probe gen\u00fcgend Material beinhaltet f\u00fcr die Untersuchung, die neu angefordert werden soll, das ggf. angegebene maximale Probenalter nicht \u00fcberschritten ist (z.B. bei Morphologie, Durchflusszytometrie). Parameter mit besonderen&hellip;<\/p>\n","protected":false},"author":1,"featured_media":0,"parent":4562,"menu_order":8,"comment_status":"closed","ping_status":"closed","template":"","meta":{"_seopress_robots_primary_cat":"","_seopress_titles_title":"","_seopress_titles_desc":"","_seopress_robots_index":"","footnotes":""},"class_list":["post-1305954","page","type-page","status-publish","hentry","description-off"],"_links":{"self":[{"href":"https:\/\/laboklin.de\/de\/wp-json\/wp\/v2\/pages\/1305954","targetHints":{"allow":["GET"]}}],"collection":[{"href":"https:\/\/laboklin.de\/de\/wp-json\/wp\/v2\/pages"}],"about":[{"href":"https:\/\/laboklin.de\/de\/wp-json\/wp\/v2\/types\/page"}],"author":[{"embeddable":true,"href":"https:\/\/laboklin.de\/de\/wp-json\/wp\/v2\/users\/1"}],"replies":[{"embeddable":true,"href":"https:\/\/laboklin.de\/de\/wp-json\/wp\/v2\/comments?post=1305954"}],"version-history":[{"count":8,"href":"https:\/\/laboklin.de\/de\/wp-json\/wp\/v2\/pages\/1305954\/revisions"}],"predecessor-version":[{"id":1495430,"href":"https:\/\/laboklin.de\/de\/wp-json\/wp\/v2\/pages\/1305954\/revisions\/1495430"}],"up":[{"embeddable":true,"href":"https:\/\/laboklin.de\/de\/wp-json\/wp\/v2\/pages\/4562"}],"wp:attachment":[{"href":"https:\/\/laboklin.de\/de\/wp-json\/wp\/v2\/media?parent=1305954"}],"curies":[{"name":"wp","href":"https:\/\/api.w.org\/{rel}","templated":true}]}}