{"id":1305530,"date":"2021-02-02T10:18:04","date_gmt":"2021-02-02T09:18:04","guid":{"rendered":"https:\/\/laboklin.de\/de\/?page_id=1305530"},"modified":"2022-10-14T10:23:51","modified_gmt":"2022-10-14T08:23:51","slug":"leitungscheck-und-haertebildner","status":"publish","type":"page","link":"https:\/\/laboklin.de\/de\/leistungen\/wasseruntersuchungen\/traenkwasser\/traenkwasser-profile-chemische-und-physiko-chemische\/leitungscheck-und-haertebildner\/","title":{"rendered":"Leitungscheck und H\u00e4rtebildner"},"content":{"rendered":"<div class=\"wpb-content-wrapper\"><p>[vc_row type=&#8220;vc_default&#8220;][vc_column][vc_column_text]<h3 class=\"csc-firstHeader\">Tr\u00e4nkwasser - Leitungscheck und H\u00e4rtebildner<\/h3><p><span>LABOKLIN Leistungs-ID: 5046<\/span><\/p><table class=\"tx-laboklinleistung-table contenttable contenttable-2\" style=\"margin-top: 35px;\"><tr><td class=\"td-0\"><strong>Material<\/strong><\/td><td class=\"td-1\"><p class=\"bodytext\">Tr\u00e4nkwasser 250 ml, m\u00f6glichst gek\u00fchlt<\/p><\/td><\/tr><tr><td class=\"td-0\"><strong>Parameter<\/strong><\/td><td class=\"td-1\"><p class=\"bodytext\">Kupfer, Blei, Gesamth\u00e4rte, Karbonath\u00e4rte<\/p><\/td><\/tr><tr><td class=\"td-0\"><strong>Dauer<\/strong><\/td><td class=\"td-1\"><p class=\"bodytext\">5 Tage<\/p><\/td><\/tr><\/table>[\/vc_column_text][\/vc_column][\/vc_row]<\/p>\n<\/div>","protected":false},"excerpt":{"rendered":"<p>[vc_row type=&#8220;vc_default&#8220;][vc_column][vc_column_text][\/vc_column_text][\/vc_column][\/vc_row]<\/p>\n","protected":false},"author":1,"featured_media":0,"parent":1319052,"menu_order":3,"comment_status":"closed","ping_status":"closed","template":"","meta":{"_seopress_robots_primary_cat":"","_seopress_titles_title":"","_seopress_titles_desc":"","_seopress_robots_index":"","footnotes":""},"class_list":["post-1305530","page","type-page","status-publish","hentry","description-off"],"_links":{"self":[{"href":"https:\/\/laboklin.de\/de\/wp-json\/wp\/v2\/pages\/1305530","targetHints":{"allow":["GET"]}}],"collection":[{"href":"https:\/\/laboklin.de\/de\/wp-json\/wp\/v2\/pages"}],"about":[{"href":"https:\/\/laboklin.de\/de\/wp-json\/wp\/v2\/types\/page"}],"author":[{"embeddable":true,"href":"https:\/\/laboklin.de\/de\/wp-json\/wp\/v2\/users\/1"}],"replies":[{"embeddable":true,"href":"https:\/\/laboklin.de\/de\/wp-json\/wp\/v2\/comments?post=1305530"}],"version-history":[{"count":2,"href":"https:\/\/laboklin.de\/de\/wp-json\/wp\/v2\/pages\/1305530\/revisions"}],"predecessor-version":[{"id":1319065,"href":"https:\/\/laboklin.de\/de\/wp-json\/wp\/v2\/pages\/1305530\/revisions\/1319065"}],"up":[{"embeddable":true,"href":"https:\/\/laboklin.de\/de\/wp-json\/wp\/v2\/pages\/1319052"}],"wp:attachment":[{"href":"https:\/\/laboklin.de\/de\/wp-json\/wp\/v2\/media?parent=1305530"}],"curies":[{"name":"wp","href":"https:\/\/api.w.org\/{rel}","templated":true}]}}