{"id":1305254,"date":"2021-01-30T13:51:35","date_gmt":"2021-01-30T12:51:35","guid":{"rendered":"https:\/\/laboklin.de\/de\/?page_id=1305254"},"modified":"2025-02-04T09:31:06","modified_gmt":"2025-02-04T08:31:06","slug":"aromatogramm-bakterien","status":"publish","type":"page","link":"https:\/\/laboklin.de\/de\/leistungen\/mikrobiologie-parasitologie\/bakteriologie-mykologie\/resistenztests-empfindlichkeitspruefungen\/aromatogramm-bakterien\/","title":{"rendered":"Aromatogramm Bakterien"},"content":{"rendered":"<h3 class=\"csc-firstHeader\">Aromatogramm Bakterien<\/h3><p><span>LABOKLIN Leistungs-ID: 1071<\/span><\/p><p class=\"bodytext\"><br>Das Aromatogramm ist ein In-vitro-Test zur Empfindlichkeitspr\u00fcfung von Bakterien gegen verschiedene \u00e4therische \u00d6le<\/p><table class=\"tx-laboklinleistung-table contenttable contenttable-2\" style=\"margin-top: 35px;\"><tr><td class=\"td-0\"><strong>Parameter<\/strong><\/td><td class=\"td-1\"><p class=\"bodytext\">verschiedene \u00e4therische \u00d6le<\/p><\/td><\/tr><tr><td class=\"td-0\"><strong>Methode<\/strong><\/td><td class=\"td-1\"><p class=\"bodytext\">Agardiffusionstest<\/p><\/td><\/tr><tr><td class=\"td-0\"><strong>Dauer<\/strong><\/td><td class=\"td-1\"><p class=\"bodytext\">2 Tage<\/p><\/td><\/tr><tr><td class=\"td-0\"><strong>Anmerkung<\/strong><\/td><td class=\"td-1\"><p class=\"bodytext\">Die Einteilung der In-vitro-Wirksamkeit der \u00e4therischen \u00d6le erfolgt in 4 Kategorien: von nicht wirksam \u00fcber gering-, mittel- bis hochgradig wirksam. <\/p><\/td><\/tr><\/table>\n","protected":false},"excerpt":{"rendered":"<p>Aromatogramm BakterienLABOKLIN Leistungs-ID: 1071Das Aromatogramm ist ein In-vitro-Test zur Empfindlichkeitspr\u00fcfung von Bakterien gegen verschiedene \u00e4therische \u00d6leParameterverschiedene \u00e4therische \u00d6leMethodeAgardiffusionstestDauer2 TageAnmerkungDie Einteilung der In-vitro-Wirksamkeit der \u00e4therischen \u00d6le erfolgt in 4 Kategorien: von nicht wirksam \u00fcber gering-, mittel- bis hochgradig wirksam.<\/p>\n","protected":false},"author":1,"featured_media":0,"parent":1015000,"menu_order":2,"comment_status":"closed","ping_status":"closed","template":"","meta":{"_seopress_robots_primary_cat":"","_seopress_titles_title":"","_seopress_titles_desc":"","_seopress_robots_index":"","footnotes":""},"class_list":["post-1305254","page","type-page","status-publish","hentry","description-off"],"_links":{"self":[{"href":"https:\/\/laboklin.de\/de\/wp-json\/wp\/v2\/pages\/1305254","targetHints":{"allow":["GET"]}}],"collection":[{"href":"https:\/\/laboklin.de\/de\/wp-json\/wp\/v2\/pages"}],"about":[{"href":"https:\/\/laboklin.de\/de\/wp-json\/wp\/v2\/types\/page"}],"author":[{"embeddable":true,"href":"https:\/\/laboklin.de\/de\/wp-json\/wp\/v2\/users\/1"}],"replies":[{"embeddable":true,"href":"https:\/\/laboklin.de\/de\/wp-json\/wp\/v2\/comments?post=1305254"}],"version-history":[{"count":1,"href":"https:\/\/laboklin.de\/de\/wp-json\/wp\/v2\/pages\/1305254\/revisions"}],"predecessor-version":[{"id":1305255,"href":"https:\/\/laboklin.de\/de\/wp-json\/wp\/v2\/pages\/1305254\/revisions\/1305255"}],"up":[{"embeddable":true,"href":"https:\/\/laboklin.de\/de\/wp-json\/wp\/v2\/pages\/1015000"}],"wp:attachment":[{"href":"https:\/\/laboklin.de\/de\/wp-json\/wp\/v2\/media?parent=1305254"}],"curies":[{"name":"wp","href":"https:\/\/api.w.org\/{rel}","templated":true}]}}