{"id":1305248,"date":"2021-01-30T13:46:31","date_gmt":"2021-01-30T12:46:31","guid":{"rendered":"https:\/\/laboklin.de\/de\/?page_id=1305248"},"modified":"2025-11-21T08:26:27","modified_gmt":"2025-11-21T07:26:27","slug":"antibiogramm-aerob","status":"publish","type":"page","link":"https:\/\/laboklin.de\/de\/leistungen\/mikrobiologie-parasitologie\/bakteriologie-mykologie\/resistenztests-empfindlichkeitspruefungen\/antibiogramm-aerob\/","title":{"rendered":"Antibiogramm aerob"},"content":{"rendered":"<h3 class=\"csc-firstHeader\">Antibiogramm aerob<\/h3><p><span>LABOKLIN Leistungs-ID: 725<\/span><\/p><table class=\"tx-laboklinleistung-table contenttable contenttable-2\" style=\"margin-top: 35px;\"><tr><td class=\"td-0\"><strong>Parameter<\/strong><\/td><td class=\"td-1\"><p class=\"bodytext\">Es bestehen tierartspezifische Standardprogramme f\u00fcr<br><ul><li>Kleintiere<\/li><li>Kaninchen und Nager<\/li><li>V\u00f6gel<\/li><li>Reptilien und Amphibien<\/li><li>Gro\u00dftiere<\/li><li>Rind\/Mastitis<\/li><li>Fische<\/li><\/ul><\/p><\/td><\/tr><tr><td class=\"td-0\"><strong>Methode<\/strong><\/td><td class=\"td-1\"><p class=\"bodytext\">Mikrodilutionsmethode nach CLSI-Standards<\/p><\/td><\/tr><tr><td class=\"td-0\"><strong>Dauer<\/strong><\/td><td class=\"td-1\"><p class=\"bodytext\">2 - 3 Tage<\/p><\/td><\/tr><tr><td class=\"td-0\"><strong>Anmerkung<\/strong><\/td><td class=\"td-1\"><p class=\"bodytext\">Das Antibiogramm wird als Pauschalpreis pro bakteriologische Kultur berechnet, auch wenn mehrere Antibiogramme erstellt werden m\u00fcssen.<\/p><\/td><\/tr><\/table>\n","protected":false},"excerpt":{"rendered":"<p>Erfahren Sie mehr \u00fcber Antibiogramme und Resistenztests bei LABOKLIN. Pr\u00e4zise Empfindlichkeitspr\u00fcfungen unterst\u00fctzen die gezielte Antibiotikawahl.<\/p>\n","protected":false},"author":1,"featured_media":0,"parent":1015000,"menu_order":9,"comment_status":"closed","ping_status":"closed","template":"","meta":{"_seopress_robots_primary_cat":"","_seopress_titles_title":"Antibiogramm Aerob: Zuverl\u00e4ssige Resistenztests","_seopress_titles_desc":"Erfahren Sie mehr \u00fcber Antibiogramme und Resistenztests bei LABOKLIN. Pr\u00e4zise Empfindlichkeitspr\u00fcfungen unterst\u00fctzen die gezielte Antibiotikawahl.","_seopress_robots_index":"","footnotes":""},"class_list":["post-1305248","page","type-page","status-publish","hentry","description-off"],"_links":{"self":[{"href":"https:\/\/laboklin.de\/de\/wp-json\/wp\/v2\/pages\/1305248","targetHints":{"allow":["GET"]}}],"collection":[{"href":"https:\/\/laboklin.de\/de\/wp-json\/wp\/v2\/pages"}],"about":[{"href":"https:\/\/laboklin.de\/de\/wp-json\/wp\/v2\/types\/page"}],"author":[{"embeddable":true,"href":"https:\/\/laboklin.de\/de\/wp-json\/wp\/v2\/users\/1"}],"replies":[{"embeddable":true,"href":"https:\/\/laboklin.de\/de\/wp-json\/wp\/v2\/comments?post=1305248"}],"version-history":[{"count":4,"href":"https:\/\/laboklin.de\/de\/wp-json\/wp\/v2\/pages\/1305248\/revisions"}],"predecessor-version":[{"id":1574042,"href":"https:\/\/laboklin.de\/de\/wp-json\/wp\/v2\/pages\/1305248\/revisions\/1574042"}],"up":[{"embeddable":true,"href":"https:\/\/laboklin.de\/de\/wp-json\/wp\/v2\/pages\/1015000"}],"wp:attachment":[{"href":"https:\/\/laboklin.de\/de\/wp-json\/wp\/v2\/media?parent=1305248"}],"curies":[{"name":"wp","href":"https:\/\/api.w.org\/{rel}","templated":true}]}}