{"id":1302835,"date":"2024-01-13T10:57:02","date_gmt":"2024-01-13T09:57:02","guid":{"rendered":"https:\/\/laboklin.de\/de\/?page_id=1302835"},"modified":"2026-01-28T17:13:51","modified_gmt":"2026-01-28T16:13:51","slug":"info-broschueren","status":"publish","type":"page","link":"https:\/\/laboklin.de\/de\/fachinformationen\/info-broschueren\/","title":{"rendered":"Info-Brosch\u00fcren"},"content":{"rendered":"<div class=\"wpb-content-wrapper\"><p>[vc_row type=&#8220;vc_default&#8220; el_id=&#8220;1&#8243;][vc_column][vc_column_text]<\/p>\n<div id=\"c1864\" class=\"csc-default\">\n<h1 class=\"csc-firstHeader\">Brosch\u00fcren<\/h1>\n<p class=\"bodytext\">Hier finden Sie zur Ansicht unsere Info-Brosch\u00fcren.<\/p>\n<\/div>\n<div id=\"c3483\" class=\"csc-default\">\n<p class=\"bodytext\">Bestellen k\u00f6nnen Sie diese ganz bequem \u00fcber unser<a href=\"https:\/\/app.laboklin.com\/login\" target=\"_blank\" rel=\"noopener\"><strong> Bestellformular (Mein Labor Bereich).<\/strong><\/a><\/p>\n<p class=\"bodytext\"><div class=\"gap\" style=\"line-height: 20px; height: 20px;\"><\/div>\n<div class=\"hr-thin\"><\/div>\n<\/div>\n<p>[\/vc_column_text][\/vc_column][\/vc_row][vc_row full_width=&#8220;stretch_row_content&#8220; equal_height=&#8220;yes&#8220; anchor=&#8220;Heamatologie&#8220;][vc_column width=&#8220;1\/3&#8243;][vc_column_text css=&#8220;.vc_custom_1765468548845{margin-top: 5px !important;}&#8220;]<\/p>\n<h2>IHR PARTNER F\u00dcR<br \/>\n<strong>FORTBILDUNGEN 2026<\/strong><\/h2>\n<p>[\/vc_column_text][\/vc_column][vc_column width=&#8220;2\/3&#8243; css=&#8220;.vc_custom_1745923803877{margin-top: 0px !important;background-color: #ffffff !important;}&#8220;][vc_column_text css=&#8220;.vc_custom_1765468989780{background-color: #ffffff !important;}&#8220;]\n<!-- ipages begin -->\n<div class=\"ipgs-flipbook ipgs-38\" data-json-src=\"https:\/\/laboklin.de\/wp-content\/uploads\/ipages_flipbook\/38\/config.json?ver=1765787156\"  data-item-id=\"38\" style=\"display:none;background-color:#ffffff;\">\n<\/div>\n<!-- ipages end -->\n[\/vc_column_text][\/vc_column][\/vc_row][vc_row type=&#8220;vc_default&#8220;][vc_column css=&#8220;.vc_custom_1610542180101{margin-top: 10px !important;}&#8220;]<div class=\"hr-thin style-line hr-left\" style=\"width: 100%;border-color: #e51e1e;border-top-width: 1px;\"><\/div>[\/vc_column][\/vc_row][vc_row][vc_column width=&#8220;1\/3&#8243;][vc_column_text css=&#8220;&#8220;]<\/p>\n<h2>Darmmikrobiota und Dysbiose<\/h2>\n<p>Der Hauptkolonisationsort von Bakterien ist der Gastrointestinaltrakt. Ausgehend von eher keimarmen Bereichen wie Magen und Zw\u00f6lffingerdarm nimmt die Anzahl der Bakterien von D\u00fcnndarm bis zum Kolon stark zu (10<sup>11<\/sup> \u2013 10<sup>12<\/sup> Bakterien\/Gramm Kot).[\/vc_column_text][\/vc_column][vc_column width=&#8220;2\/3&#8243; css=&#8220;.vc_custom_1610532008900{background-color: #ffffff !important;}&#8220;][vc_column_text css=&#8220;.vc_custom_1698062551952{background-color: #ffffff !important;}&#8220;]\n<!-- ipages begin -->\n<div class=\"ipgs-flipbook ipgs-20\" data-json-src=\"https:\/\/laboklin.de\/wp-content\/uploads\/ipages_flipbook\/20\/config.json?ver=1748938852\"  data-item-id=\"20\" style=\"display:none;background-color:#ffffff;\">\n<\/div>\n<!-- ipages end -->\n[\/vc_column_text][\/vc_column][\/vc_row][vc_row][vc_column css=&#8220;.vc_custom_1610542180101{margin-top: 10px !important;}&#8220;]<div class=\"hr-thin style-line hr-left\" style=\"width: 100%;border-color: #e51e1e;border-top-width: 1px;\"><\/div>[\/vc_column][\/vc_row][vc_row][vc_column width=&#8220;1\/3&#8243;][vc_column_text css=&#8220;&#8220;]<\/p>\n<h2>Pathologie<\/h2>\n<p>Die Histopathologie befasst sich mit der mikroskopischen Untersuchung von Gewebever\u00e4nderungen mit dem Ziel einer m\u00f6glichst umfassenden diagnostischen Aussage.[\/vc_column_text][\/vc_column][vc_column width=&#8220;2\/3&#8243; css=&#8220;.vc_custom_1610532008900{background-color: #ffffff !important;}&#8220;][vc_column_text css=&#8220;.vc_custom_1681284028013{background-color: #ffffff !important;}&#8220;]\n<!-- ipages begin -->\n<div class=\"ipgs-flipbook ipgs-16\" data-json-src=\"https:\/\/laboklin.de\/wp-content\/uploads\/ipages_flipbook\/16\/config.json?ver=1688394629\"  data-item-id=\"16\" style=\"display:none;background-color:#ffffff;\">\n<\/div>\n<!-- ipages end -->\n[\/vc_column_text][\/vc_column][\/vc_row][vc_row][vc_column css=&#8220;.vc_custom_1610542180101{margin-top: 10px !important;}&#8220;]<div class=\"hr-thin style-line hr-left\" style=\"width: 100%;border-color: #e51e1e;border-top-width: 1px;\"><\/div>[\/vc_column][\/vc_row][vc_row anchor=&#8220;Heamatologie&#8220;][vc_column width=&#8220;1\/3&#8243;][vc_column_text css=&#8220;&#8220;]<\/p>\n<h2>H\u00e4matologie<\/h2>\n<p>Die H\u00e4matologie ist ein sehr umfangreiches Gebiet. Dieser Leitfaden liefert einen \u00dcberblick \u00fcber s\u00e4mtliche Testverfahren, vom gro\u00dfen Blutbild bis hin zur Blutgruppenbestimmung. Gleichzeitig finden sich darin aber auch wertvolle Hintergrundinformationen, z.B. eine bebilderte Anleitung zur Anfertigung eines Blutausstriches oder Hinweise zur diagnostischen Aufarbeitung von An\u00e4mien oder Leukozytosen; veranschaulicht durch viele Bilder und Flowcharts.[\/vc_column_text][\/vc_column][vc_column width=&#8220;2\/3&#8243; css=&#8220;.vc_custom_1610532008900{background-color: #ffffff !important;}&#8220;][vc_column_text css=&#8220;.vc_custom_1681285180080{background-color: #ffffff !important;}&#8220;]\n<!-- ipages begin -->\n<div class=\"ipgs-flipbook ipgs-3\" data-json-src=\"https:\/\/laboklin.de\/wp-content\/uploads\/ipages_flipbook\/3\/config.json?ver=1708353393\"  data-item-id=\"3\" style=\"display:none;background-color:#ffffff;\">\n<\/div>\n<!-- ipages end -->\n[\/vc_column_text][\/vc_column][\/vc_row][vc_row][vc_column css=&#8220;.vc_custom_1610542180101{margin-top: 10px !important;}&#8220;]<div class=\"hr-thin style-line hr-left\" style=\"width: 100%;border-color: #e51e1e;border-top-width: 1px;\"><\/div>[\/vc_column][\/vc_row][vc_row anchor=&#8220;hygiene&#8220;][vc_column width=&#8220;1\/3&#8243;][vc_column_text css=&#8220;&#8220;]<\/p>\n<h2>Hygiene<\/h2>\n<p>Hygienema\u00dfnahmen sind in der tier\u00e4rztlichen Praxis eine Selbstverst\u00e4ndlichkeit, deren Funktionalit\u00e4t jedoch nicht ungepr\u00fcft bleiben sollte. Erfahren Sie mehr \u00fcber Hygienekonzepte, Wundinfektionen und die Durchf\u00fchrung von Funktionstests f\u00fcr Sterilisatoren\/Ger\u00e4te zur Instrumentenaufbereitung sowie von Tests zur Pr\u00fcfung der Fl\u00e4chen- oder Endoskopdesinfektion.[\/vc_column_text][\/vc_column][vc_column width=&#8220;2\/3&#8243; css=&#8220;.vc_custom_1610532008900{background-color: #ffffff !important;}&#8220;][vc_column_text css=&#8220;.vc_custom_1681285359501{background-color: #ffffff !important;}&#8220;]\n<!-- ipages begin -->\n<div class=\"ipgs-flipbook ipgs-4\" data-json-src=\"https:\/\/laboklin.de\/wp-content\/uploads\/ipages_flipbook\/4\/config.json?ver=1748939207\"  data-item-id=\"4\" style=\"display:none;background-color:#ffffff;\">\n<\/div>\n<!-- ipages end -->\n[\/vc_column_text][\/vc_column][\/vc_row][vc_row][vc_column css=&#8220;.vc_custom_1610542186743{margin-top: 10px !important;}&#8220;]<div class=\"hr-thin style-line hr-left\" style=\"width: 100%;border-color: #e51e1e;border-top-width: 1px;\"><\/div>[\/vc_column][\/vc_row][vc_row][vc_column width=&#8220;1\/3&#8243;][vc_column_text css=&#8220;&#8220;]<\/p>\n<h2>Labordiagnostik beim Kleins\u00e4uger \u2013 Pr\u00e4analytik und Befundinterpretation<\/h2>\n<p>Labordiagnostik beim Kleins\u00e4uger \u2013 Pr\u00e4analytik und Befundinterpretation ist ein praxisorientierter Leitfaden f\u00fcr Tier\u00e4rzte, um bei Kleins\u00e4ugern korrekte Proben zu gewinnen, typische Fehler zu vermeiden und Laborbefunde tierartspezifisch richtig zu interpretieren.[\/vc_column_text][\/vc_column][vc_column width=&#8220;2\/3&#8243; css=&#8220;.vc_custom_1610532008900{background-color: #ffffff !important;}&#8220;][vc_column_text css=&#8220;.vc_custom_1765207720802{background-color: #ffffff !important;}&#8220;]\n<!-- ipages begin -->\n<div class=\"ipgs-flipbook ipgs-37\" data-json-src=\"https:\/\/laboklin.de\/wp-content\/uploads\/ipages_flipbook\/37\/config.json?ver=1765208229\"  data-item-id=\"37\" style=\"display:none;background-color:#ffffff;\">\n<\/div>\n<!-- ipages end -->\n[\/vc_column_text][\/vc_column][\/vc_row][vc_row][vc_column css=&#8220;.vc_custom_1610542186743{margin-top: 10px !important;}&#8220;]<div class=\"hr-thin style-line hr-left\" style=\"width: 100%;border-color: #e51e1e;border-top-width: 1px;\"><\/div>[\/vc_column][\/vc_row][vc_row][vc_column width=&#8220;1\/3&#8243;][vc_column_text css=&#8220;&#8220;]<\/p>\n<h2>Labordiagnostik beim Kleins\u00e4uger &#8211; Endokrinologie<\/h2>\n<p>Dieser Leitfaden bietet einen umfassenden \u00dcberblick \u00fcber hormonelle Erkrankungen bei Kleins\u00e4ugern. Sie behandelt die Bedeutung der Labordiagnostik, pr\u00e4analytische Verfahren, endokrine Organe und deren Funktionen sowie verschiedene endokrine Erkrankungen. Dazu geh\u00f6ren St\u00f6rungen der Schilddr\u00fcse, des Pankreas (wie Diabetes mellitus und Insulinome), der Nebennieren (Hyperadrenokortizismus), sowie hormonelle Probleme der Geschlechtsorgane.[\/vc_column_text][\/vc_column][vc_column width=&#8220;2\/3&#8243; css=&#8220;.vc_custom_1610532008900{background-color: #ffffff !important;}&#8220;][vc_column_text css=&#8220;.vc_custom_1681285638181{background-color: #ffffff !important;}&#8220;]\n<!-- ipages begin -->\n<div class=\"ipgs-flipbook ipgs-5\" data-json-src=\"https:\/\/laboklin.de\/wp-content\/uploads\/ipages_flipbook\/5\/config.json?ver=1749103110\"  data-item-id=\"5\" style=\"display:none;background-color:#ffffff;\">\n<\/div>\n<!-- ipages end -->\n[\/vc_column_text][\/vc_column][\/vc_row][vc_row][vc_column css=&#8220;.vc_custom_1610542232452{margin-top: 10px !important;}&#8220;]<div class=\"hr-thin style-line hr-left\" style=\"width: 100%;border-color: #e51e1e;border-top-width: 1px;\"><\/div>[\/vc_column][\/vc_row][vc_row][vc_column width=&#8220;1\/3&#8243;][vc_column_text css=&#8220;&#8220;]<\/p>\n<h2>Verdauungsst\u00f6rungen bei Hund und Katze &#8211; labordiagnostische Aufarbeitung<\/h2>\n<p>Verdauungsst\u00f6rungen sind ein h\u00e4ufiger Grund f\u00fcr die Vorstellung in der Praxis. Dieser Leitfaden liefert einen \u00dcberblick \u00fcber die verf\u00fcgbaren Untersuchungsm\u00f6glichkeiten, die eine zielgerichtete diagnostische Aufarbeitung erm\u00f6glichen. Das Merkblatt \u201eProbenentnahme Durchfall\u201c zeigt in \u00fcbersichtlicher Tabellenform alle Informationen zu Probenart, Probenmenge und Indikationen f\u00fcr die einzelnen Tests.[\/vc_column_text][\/vc_column][vc_column width=&#8220;2\/3&#8243; css=&#8220;.vc_custom_1610532008900{background-color: #ffffff !important;}&#8220;][vc_column_text css=&#8220;.vc_custom_1727182784913{background-color: #ffffff !important;}&#8220;]\n<!-- ipages begin -->\n<div class=\"ipgs-flipbook ipgs-26\" data-json-src=\"https:\/\/laboklin.de\/wp-content\/uploads\/ipages_flipbook\/26\/config.json?ver=1727182862\"  data-item-id=\"26\" style=\"display:none;background-color:#ffffff;\">\n<\/div>\n<!-- ipages end -->\n[\/vc_column_text][\/vc_column][\/vc_row][vc_row][vc_column css=&#8220;.vc_custom_1610542245413{margin-top: 10px !important;}&#8220;]<div class=\"hr-thin style-line hr-left\" style=\"width: 100%;border-color: #e51e1e;border-top-width: 1px;\"><\/div>[\/vc_column][\/vc_row][vc_row][vc_column width=&#8220;1\/3&#8243;][vc_column_text css=&#8220;&#8220;]<\/p>\n<h2>Infektionskrankheiten bei Hund und Katze \u2013 Leitfaden zur Labordiagnostik<\/h2>\n<p>Dieser Leitfaden stellt bei den wichtigsten Infektionskrankheiten von Hund und Katze die jeweiligen Nachweismethoden gegen\u00fcber. Sie erhalten Informationen zur Bewertung der Methoden und zum geeigneten Probenmaterial.[\/vc_column_text][\/vc_column][vc_column width=&#8220;2\/3&#8243; css=&#8220;.vc_custom_1610532008900{background-color: #ffffff !important;}&#8220;][vc_column_text css=&#8220;.vc_custom_1681287026667{background-color: #ffffff !important;}&#8220;]\n<!-- ipages begin -->\n<div class=\"ipgs-flipbook ipgs-7\" data-json-src=\"https:\/\/laboklin.de\/wp-content\/uploads\/ipages_flipbook\/7\/config.json?ver=1753170618\"  data-item-id=\"7\" style=\"display:none;background-color:rgba(0,0,0,0);\">\n<\/div>\n<!-- ipages end -->\n[\/vc_column_text][\/vc_column][\/vc_row][vc_row][vc_column css=&#8220;.vc_custom_1610542252927{margin-top: 10px !important;}&#8220;]<div class=\"hr-thin style-line hr-left\" style=\"width: 100%;border-color: #e51e1e;border-top-width: 1px;\"><\/div>[\/vc_column][\/vc_row][vc_row el_id=&#8220;7&#8243; anchor=&#8220;derma&#8220;][vc_column width=&#8220;1\/3&#8243;][vc_column_text css=&#8220;.vc_custom_1749103287151{margin-right: 0px !important;}&#8220;]<\/p>\n<h2>Laboruntersuchungen bei dermatologischen<br \/>\nProblemen<\/h2>\n<p>Der erste Teil dieser Brosch\u00fcre informiert \u00fcber dermatologische Untersuchungstechniken mit wertvollen Hinweisen insbesondere zur Probenahme. Der zweiten Teil widmet sich der Diagnostik und Therapie von Allergien bei Hund, Katze und Pferd. Die Differentialdiagnosen zur Allergie schlie\u00dfen dermatologisch relevante Erbkrankheiten ein.[\/vc_column_text][\/vc_column][vc_column width=&#8220;2\/3&#8243; css=&#8220;.vc_custom_1610532008900{background-color: #ffffff !important;}&#8220;][vc_column_text css=&#8220;.vc_custom_1681287348425{background-color: #ffffff !important;}&#8220;]\n<!-- ipages begin -->\n<div class=\"ipgs-flipbook ipgs-9\" data-json-src=\"https:\/\/laboklin.de\/wp-content\/uploads\/ipages_flipbook\/9\/config.json?ver=1681287323\"  data-item-id=\"9\" style=\"display:none;background-color:rgba(0,0,0,0);\">\n<\/div>\n<!-- ipages end -->\n[\/vc_column_text][\/vc_column][\/vc_row][vc_row][vc_column css=&#8220;.vc_custom_1610542252927{margin-top: 10px !important;}&#8220;]<div class=\"hr-thin style-line hr-left\" style=\"width: 100%;border-color: #e51e1e;border-top-width: 1px;\"><\/div>[\/vc_column][\/vc_row][vc_row type=&#8220;vc_default&#8220; anchor=&#8220;reptilien&#8220; el_id=&#8220;8&#8243;][vc_column width=&#8220;1\/3&#8243;][vc_column_text css=&#8220;&#8220;]<\/p>\n<h2>Laboruntersuchungen bei Reptilien<\/h2>\n<p>In kompakter Form und mit vielen Tabellen bietet Ihnen diese Brosch\u00fcre umfangreiche Informationen zu H\u00e4matologie, klinischer Chemie, Erregerdiagnostik und pathologischen Untersuchungen bei Schildkr\u00f6ten, Echsen und Schlangen. Der zweite Teil widmet sich den Laboruntersuchungen bei Erkrankungen wichtiger Organsysteme sowie bei Quarant\u00e4ne und vor der \u00dcberwinterung.[\/vc_column_text][\/vc_column][vc_column width=&#8220;2\/3&#8243; css=&#8220;.vc_custom_1610532008900{background-color: #ffffff !important;}&#8220;][vc_column_text css=&#8220;.vc_custom_1681287574628{background-color: #ffffff !important;}&#8220;]\n<!-- ipages begin -->\n<div class=\"ipgs-flipbook ipgs-10\" data-json-src=\"https:\/\/laboklin.de\/wp-content\/uploads\/ipages_flipbook\/10\/config.json?ver=1681287550\"  data-item-id=\"10\" style=\"display:none;background-color:rgba(0,0,0,0);\">\n<\/div>\n<!-- ipages end -->\n[\/vc_column_text][\/vc_column][\/vc_row][vc_row][vc_column css=&#8220;.vc_custom_1610542252927{margin-top: 10px !important;}&#8220;]<div class=\"hr-thin style-line hr-left\" style=\"width: 100%;border-color: #e51e1e;border-top-width: 1px;\"><\/div>[\/vc_column][\/vc_row][vc_row type=&#8220;vc_default&#8220; disable_element=&#8220;yes&#8220;][vc_column width=&#8220;1\/3&#8243;][vc_column_text css=&#8220;&#8220;]<\/p>\n<h2>Labordiagnostik bei Erkrankungen des Auges f\u00fcr Tier\u00e4rzte<\/h2>\n<p>In dieser Brosch\u00fcre werden die labordiagnostischen Untersuchungsm\u00f6glichkeiten des Organs Auge beschrieben. Sie finden hier s\u00e4mtliche Tests f\u00fcr die Tierarten Hund, Katze, Pferd und Kaninchen, die bei der Diagnostik am Auge Hilfestellung geben k\u00f6nnen: von der Mikrobiologie \u00fcber PCR-Profile zu den erblich bedingten Erkrankungen des Auges.[\/vc_column_text][\/vc_column][vc_column width=&#8220;2\/3&#8243; css=&#8220;.vc_custom_1610532008900{background-color: #ffffff !important;}&#8220;][vc_column_text css=&#8220;.vc_custom_1681287905465{background-color: #ffffff !important;}&#8220;]\n<!-- ipages begin -->\n<div class=\"ipgs-flipbook ipgs-11\" data-json-src=\"https:\/\/laboklin.de\/wp-content\/uploads\/ipages_flipbook\/11\/config.json?ver=1698143973\"  data-item-id=\"11\" style=\"display:none;background-color:#ffffff;\">\n<\/div>\n<!-- ipages end -->\n[\/vc_column_text][\/vc_column][\/vc_row][vc_row type=&#8220;vc_default&#8220; disable_element=&#8220;yes&#8220;][vc_column css=&#8220;.vc_custom_1610542252927{margin-top: 10px !important;}&#8220;]<div class=\"hr-thin style-line hr-left\" style=\"width: 100%;border-color: #e51e1e;border-top-width: 1px;\"><\/div>[\/vc_column][\/vc_row][vc_row type=&#8220;vc_default&#8220; disable_element=&#8220;yes&#8220;][vc_column width=&#8220;1\/3&#8243;][vc_column_text css=&#8220;&#8220;]<\/p>\n<h2>Infomaterial zu Pferdepatienten<\/h2>\n<p>In dieser Brosch\u00fcre haben wir f\u00fcr Sie \u201eLaboklin aktuell\u201c zu den Themen H\u00e4matologie, Entz\u00fcndung, Atemwegs- und Infektionskrankheiten, Fortpflanzung und Erbkrankheiten zusammengestellt und mit Leistungs\u00fcbersichten erg\u00e4nzt.[\/vc_column_text][\/vc_column][vc_column width=&#8220;2\/3&#8243; css=&#8220;.vc_custom_1610532008900{background-color: #ffffff !important;}&#8220;][vc_column_text css=&#8220;.vc_custom_1681288075727{background-color: #ffffff !important;}&#8220;]\n<!-- ipages begin -->\n<div class=\"ipgs-flipbook ipgs-12\" data-json-src=\"https:\/\/laboklin.de\/wp-content\/uploads\/ipages_flipbook\/12\/config.json?ver=1681288057\"  data-item-id=\"12\" style=\"display:none;background-color:rgba(0,0,0,0);\">\n<\/div>\n<!-- ipages end -->\n[\/vc_column_text][\/vc_column][\/vc_row][vc_row type=&#8220;vc_default&#8220; disable_element=&#8220;yes&#8220;][vc_column css=&#8220;.vc_custom_1610542252927{margin-top: 10px !important;}&#8220;]<div class=\"hr-thin style-line hr-left\" style=\"width: 100%;border-color: #e51e1e;border-top-width: 1px;\"><\/div>[\/vc_column][\/vc_row]<\/p>\n<\/div>","protected":false},"excerpt":{"rendered":"<p>[vc_row type=&#8220;vc_default&#8220; el_id=&#8220;1&#8243;][vc_column][vc_column_text] Brosch\u00fcren Hier finden Sie zur Ansicht unsere Info-Brosch\u00fcren. Bestellen k\u00f6nnen Sie diese ganz bequem \u00fcber unser Bestellformular (Mein Labor Bereich). [\/vc_column_text][\/vc_column][\/vc_row][vc_row full_width=&#8220;stretch_row_content&#8220; equal_height=&#8220;yes&#8220; anchor=&#8220;Heamatologie&#8220;][vc_column width=&#8220;1\/3&#8243;][vc_column_text css=&#8220;.vc_custom_1765468548845{margin-top: 5px !important;}&#8220;] IHR PARTNER F\u00dcR FORTBILDUNGEN 2026 [\/vc_column_text][\/vc_column][vc_column width=&#8220;2\/3&#8243; css=&#8220;.vc_custom_1745923803877{margin-top: 0px !important;background-color: #ffffff !important;}&#8220;][vc_column_text css=&#8220;.vc_custom_1765468989780{background-color: #ffffff !important;}&#8220;][\/vc_column_text][\/vc_column][\/vc_row][vc_row type=&#8220;vc_default&#8220;][vc_column css=&#8220;.vc_custom_1610542180101{margin-top: 10px !important;}&#8220;][\/vc_column][\/vc_row][vc_row][vc_column width=&#8220;1\/3&#8243;][vc_column_text css=&#8220;&#8220;] Darmmikrobiota und Dysbiose&hellip;<\/p>\n","protected":false},"author":1,"featured_media":0,"parent":251,"menu_order":5,"comment_status":"closed","ping_status":"closed","template":"","meta":{"_seopress_robots_primary_cat":"","_seopress_titles_title":"","_seopress_titles_desc":"","_seopress_robots_index":"","footnotes":""},"class_list":["post-1302835","page","type-page","status-publish","hentry","description-off"],"_links":{"self":[{"href":"https:\/\/laboklin.de\/de\/wp-json\/wp\/v2\/pages\/1302835","targetHints":{"allow":["GET"]}}],"collection":[{"href":"https:\/\/laboklin.de\/de\/wp-json\/wp\/v2\/pages"}],"about":[{"href":"https:\/\/laboklin.de\/de\/wp-json\/wp\/v2\/types\/page"}],"author":[{"embeddable":true,"href":"https:\/\/laboklin.de\/de\/wp-json\/wp\/v2\/users\/1"}],"replies":[{"embeddable":true,"href":"https:\/\/laboklin.de\/de\/wp-json\/wp\/v2\/comments?post=1302835"}],"version-history":[{"count":74,"href":"https:\/\/laboklin.de\/de\/wp-json\/wp\/v2\/pages\/1302835\/revisions"}],"predecessor-version":[{"id":1584922,"href":"https:\/\/laboklin.de\/de\/wp-json\/wp\/v2\/pages\/1302835\/revisions\/1584922"}],"up":[{"embeddable":true,"href":"https:\/\/laboklin.de\/de\/wp-json\/wp\/v2\/pages\/251"}],"wp:attachment":[{"href":"https:\/\/laboklin.de\/de\/wp-json\/wp\/v2\/media?parent=1302835"}],"curies":[{"name":"wp","href":"https:\/\/api.w.org\/{rel}","templated":true}]}}