{"id":1301424,"date":"2020-10-19T14:17:16","date_gmt":"2020-10-19T12:17:16","guid":{"rendered":"https:\/\/laboklin.de\/de\/?page_id=1301424"},"modified":"2025-02-25T12:53:10","modified_gmt":"2025-02-25T11:53:10","slug":"groessentest-pferd","status":"publish","type":"page","link":"https:\/\/laboklin.de\/de\/leistungen\/genetik\/performance\/pferd\/groessentest-pferd\/","title":{"rendered":"Gr\u00f6\u00dfentest Pferd"},"content":{"rendered":"<h3 class=\"csc-firstHeader\">Gr\u00f6\u00dfentest Pferd<\/h3><p><span>LABOKLIN Leistungs-ID: 8528<\/span><\/p><p class=\"bodytext\">Der Basenaustausch eines bestimmten Genlocus reguliert die Expression des LCORL-Gens, welches augenscheinlich das Wachstum des Pferdes beeinflusst. Diese Genvariation wirkt sich auf das Stockma\u00df des Warmblutpferdes aus. Es ist allerdings zu erw\u00e4hnen, dass dieses Gen nicht allein verantwortlich f\u00fcr die Beeinflussung der Gr\u00f6\u00dfe ist. Andere Faktoren wie F\u00fctterung, Haltung und Aufzucht der Jungpferde oder auch der Mutterstute, sind ebenso essenziell f\u00fcr die Entwicklung und somit auch der Gr\u00f6\u00dfe. Es gibt insgesamt drei unterschiedliche Genotypen. Pferde mit dem \u201ekleinen\u201c Genotyp (T\/T) besa\u00dfen bei den von uns getesteten Pferden im Durchschnitt eine K\u00f6rpergr\u00f6\u00dfe von 164 cm. Pferde mit dem Genotyp C\/T und C\/C lagen im Mittel 4 - 8 cm dr\u00fcber. Der Test liefert keine Garantie f\u00fcr ein exaktes Stockma\u00df des Pferdes, bei bekanntem Genotyp kann die Gr\u00f6\u00dfe dennoch eingegrenzt werden. Au\u00dferdem wird den Z\u00fcchtern so erm\u00f6glicht, bei bekanntem Genotyp bestimmte Anpaarungen zu vermeiden oder aber die Chance des gew\u00fcnschten Ph\u00e4notyps (Stockma\u00df) zu erh\u00f6hen. Im besten Fall ist der Genotyp beider Elterntiere bekannt.<\/p><table class=\"tx-laboklinleistung-table contenttable contenttable-2\" style=\"margin-top: 35px;\"><tr><td class=\"td-0\"><strong>Methode<\/strong><\/td><td class=\"td-1\"><p class=\"bodytext\">TaqMan SNP Assay<\/p><\/td><\/tr><tr><td class=\"td-0\"><strong>Erbgang<\/strong><\/td><td class=\"td-1\"><p class=\"bodytext\">siehe Text<\/p><\/td><\/tr><tr><td class=\"td-0\"><strong>Dauer<\/strong><\/td><td class=\"td-1\"><p class=\"bodytext\">3 - 5 Werktage nach Erhalt der Probe<\/p><\/td><\/tr><\/table>\n","protected":false},"excerpt":{"rendered":"<p>Gr\u00f6\u00dfentest PferdLABOKLIN Leistungs-ID: 8528Der Basenaustausch eines bestimmten Genlocus reguliert die Expression des LCORL-Gens, welches augenscheinlich das Wachstum des Pferdes beeinflusst. Diese Genvariation wirkt sich auf das Stockma\u00df des Warmblutpferdes aus. Es ist allerdings zu erw\u00e4hnen, dass dieses Gen nicht allein verantwortlich f\u00fcr die Beeinflussung der Gr\u00f6\u00dfe ist. Andere Faktoren wie F\u00fctterung, Haltung und Aufzucht der&hellip;<\/p>\n","protected":false},"author":1,"featured_media":0,"parent":1271000,"menu_order":1,"comment_status":"closed","ping_status":"closed","template":"","meta":{"_seopress_robots_primary_cat":"","_seopress_titles_title":"","_seopress_titles_desc":"","_seopress_robots_index":"","footnotes":""},"class_list":["post-1301424","page","type-page","status-publish","hentry","description-off"],"_links":{"self":[{"href":"https:\/\/laboklin.de\/de\/wp-json\/wp\/v2\/pages\/1301424","targetHints":{"allow":["GET"]}}],"collection":[{"href":"https:\/\/laboklin.de\/de\/wp-json\/wp\/v2\/pages"}],"about":[{"href":"https:\/\/laboklin.de\/de\/wp-json\/wp\/v2\/types\/page"}],"author":[{"embeddable":true,"href":"https:\/\/laboklin.de\/de\/wp-json\/wp\/v2\/users\/1"}],"replies":[{"embeddable":true,"href":"https:\/\/laboklin.de\/de\/wp-json\/wp\/v2\/comments?post=1301424"}],"version-history":[{"count":2,"href":"https:\/\/laboklin.de\/de\/wp-json\/wp\/v2\/pages\/1301424\/revisions"}],"predecessor-version":[{"id":1301426,"href":"https:\/\/laboklin.de\/de\/wp-json\/wp\/v2\/pages\/1301424\/revisions\/1301426"}],"up":[{"embeddable":true,"href":"https:\/\/laboklin.de\/de\/wp-json\/wp\/v2\/pages\/1271000"}],"wp:attachment":[{"href":"https:\/\/laboklin.de\/de\/wp-json\/wp\/v2\/media?parent=1301424"}],"curies":[{"name":"wp","href":"https:\/\/api.w.org\/{rel}","templated":true}]}}