{"id":1260001,"date":"2020-10-16T11:36:27","date_gmt":"2020-10-16T09:36:27","guid":{"rendered":"https:\/\/laboklin.de\/de\/geschlechtsbestimmung-vogel-pcr"},"modified":"2025-11-18T10:22:53","modified_gmt":"2025-11-18T09:22:53","slug":"geschlechtsbestimmung-vogel-pcr","status":"publish","type":"page","link":"https:\/\/laboklin.de\/de\/leistungen\/genetik\/geschlechtsbestimmung\/geschlechtsbestimmung-vogel-pcr\/","title":{"rendered":"Geschlechtsbestimmung V\u00f6gel &#8211; PCR"},"content":{"rendered":"<h3 class=\"csc-firstHeader\">Geschlechtsbestimmung V\u00f6gel - PCR<\/h3><p><span>LABOKLIN Leistungs-ID: 6011<\/span><\/p><p class=\"bodytext\"><br>Die von uns angewandte Methode zur Geschlechtsbestimmung basiert auf dem Prinzip der Polymerase-Kettenreaktion (PCR). Diese erlaubt es, mit geringen Mengen erbguthaltigen Probenmaterials das Geschlecht des Vogels schnell und sicher festzustellen. Der Test beruht auf der Vervielf\u00e4ltigung zweier hochkonservierter Zielgene, was die Untersuchung zahlreicher verschiedener Arten m\u00f6glich macht.  <br>Die von uns durchgef\u00fchrte Methode bietet eine doppelte Sicherheit: W\u00e4hrend der PCR bindet eine Sonde spezifisch an die \u201eweibliche\u201c Sequenz, die andere an die \u201em\u00e4nnliche\u201c Sequenz, sofern diese vorhanden sind. Dadurch wird jeweils ein Geschlecht best\u00e4tigt und das andere Geschlecht ausgeschlossen.<\/p><table class=\"tx-laboklinleistung-table contenttable contenttable-2\" style=\"margin-top: 35px;\"><tr><td class=\"td-0\"><strong>Material<\/strong><\/td><td class=\"td-1\"><p class=\"bodytext\">EDTA-Blut oder 2 - 3 Federkiele (unter Bet\u00e4ubung frisch ausgezogen; Brustgefieder, keine Schwung- oder Schwanzfedern)<\/p><\/td><\/tr><tr><td class=\"td-0\"><strong>Methode<\/strong><\/td><td class=\"td-1\"><p class=\"bodytext\">PCR<\/p><\/td><\/tr><tr><td class=\"td-0\"><strong>Tierart(en)<\/strong><\/td><td class=\"td-1\"><p class=\"bodytext\">Bitte erfragen Sie bei uns, welche Vogelarten untersucht werden k\u00f6nnen.<\/p><\/td><\/tr><tr><td class=\"td-0\"><strong>Dauer<\/strong><\/td><td class=\"td-1\"><p class=\"bodytext\">2 - 5 Tage<\/p><\/td><\/tr><tr><td class=\"td-0\"><strong>Anmerkung<\/strong><\/td><td class=\"td-1\"><p class=\"bodytext\"><ul><li>Die Probe darf nicht mit Fremd-DNA verunreinigt sein. Dazu bitte bei der Probenentnahme Handschuhe tragen oder die H\u00e4nde nach jeder Entnahme waschen. Federn bitte f\u00fcr jeden Vogel einzeln verpacken.<\/li> <li>F\u00fcr \u201etrockene\u201c Federn ist ein Briefkuvert oder Papiert\u00fctchen ausreichend, \u201efeuchte\u201c Federn k\u00f6nnen z.B. in Blut- oder Urinr\u00f6hrchen oder handels\u00fcblichen Gefrierbeuteln verpackt werden. <\/li> <li>Zus\u00e4tzlich bieten wir sog. SampleKits f\u00fcr die Probeneinsendung von Federn bzw. Blutkarten an. Diese k\u00f6nnen Sie kostenlos anfordern. <\/li> <li><strong>Es ist wichtig<\/strong>, die Proben so <strong>zu kennzeichnen<\/strong>, dass die Tiere eindeutig zugeordnet werden k\u00f6nnen. Falls vorhanden, kennzeichnen Sie die Proben bitte mit Ring- bzw. Chipnummer des Vogels.<\/li> <li>Die <strong>genaue Vogelart<\/strong> ist bei der Einsendung der Proben <strong>unbedingt anzugeben.<\/strong><\/li><\/ul><\/p><\/td><\/tr><\/table>\n","protected":false},"excerpt":{"rendered":"<p>Geschlechtsbestimmung V\u00f6gel &#8211; PCRLABOKLIN Leistungs-ID: 6011Die von uns angewandte Methode zur Geschlechtsbestimmung basiert auf dem Prinzip der Polymerase-Kettenreaktion (PCR). Diese erlaubt es, mit geringen Mengen erbguthaltigen Probenmaterials das Geschlecht des Vogels schnell und sicher festzustellen. Der Test beruht auf der Vervielf\u00e4ltigung zweier hochkonservierter Zielgene, was die Untersuchung zahlreicher verschiedener Arten m\u00f6glich macht. Die von uns&hellip;<\/p>\n","protected":false},"author":1,"featured_media":0,"parent":1260000,"menu_order":0,"comment_status":"closed","ping_status":"closed","template":"","meta":{"_seopress_robots_primary_cat":"","_seopress_titles_title":"","_seopress_titles_desc":"","_seopress_robots_index":"","footnotes":""},"class_list":["post-1260001","page","type-page","status-publish","hentry","description-off"],"_links":{"self":[{"href":"https:\/\/laboklin.de\/de\/wp-json\/wp\/v2\/pages\/1260001","targetHints":{"allow":["GET"]}}],"collection":[{"href":"https:\/\/laboklin.de\/de\/wp-json\/wp\/v2\/pages"}],"about":[{"href":"https:\/\/laboklin.de\/de\/wp-json\/wp\/v2\/types\/page"}],"author":[{"embeddable":true,"href":"https:\/\/laboklin.de\/de\/wp-json\/wp\/v2\/users\/1"}],"replies":[{"embeddable":true,"href":"https:\/\/laboklin.de\/de\/wp-json\/wp\/v2\/comments?post=1260001"}],"version-history":[{"count":2,"href":"https:\/\/laboklin.de\/de\/wp-json\/wp\/v2\/pages\/1260001\/revisions"}],"predecessor-version":[{"id":1573582,"href":"https:\/\/laboklin.de\/de\/wp-json\/wp\/v2\/pages\/1260001\/revisions\/1573582"}],"up":[{"embeddable":true,"href":"https:\/\/laboklin.de\/de\/wp-json\/wp\/v2\/pages\/1260000"}],"wp:attachment":[{"href":"https:\/\/laboklin.de\/de\/wp-json\/wp\/v2\/media?parent=1260001"}],"curies":[{"name":"wp","href":"https:\/\/api.w.org\/{rel}","templated":true}]}}