{"id":1230004,"date":"2020-10-16T11:36:27","date_gmt":"2020-10-16T09:36:27","guid":{"rendered":"https:\/\/laboklin.de\/de\/hund-premium-snp-dna-profil-isag-2020"},"modified":"2025-03-12T19:17:43","modified_gmt":"2025-03-12T18:17:43","slug":"hund-premium-snp-dna-profil-isag-2020","status":"publish","type":"page","link":"https:\/\/laboklin.de\/de\/leistungen\/genetik\/identitaet-abstammung\/hund-premium-snp-dna-profil-isag-2020\/","title":{"rendered":"Hund: Premium SNP DNA-Profil (ISAG 2020)"},"content":{"rendered":"<h3 class=\"csc-firstHeader\">Hund: Premium SNP DNA-Profil (ISAG 2020)<\/h3><p><span>LABOKLIN Leistungs-ID: 8540<\/span><\/p><p class=\"bodytext\">Das Premium SNP DNA-Profil (ISAG 2020) ist der genetische Fingerabdruck Ihres Tieres. Es kann nicht manipuliert werden oder verloren gehen, bleibt ein Leben lang unver\u00e4ndert und erm\u00f6glicht eine eindeutige Identifizierung des Individuums. Alle DNA-Profile werden in unserer DNA-Datenbank gespeichert und gew\u00e4hrleisten so eine kontinuierliche Verf\u00fcgbarkeit. Das Premium SNP DNA-Profil (ISAG 2020) folgt den empfohlenen ISAG-Richtlinien (International Society for Animal Genetics) aus dem Jahr 2020, indem 230 SNPs (Einzelnukleotidpolymorphismen) analysiert werden und erm\u00f6glicht eine internationale Vergleichbarkeit zwischen Laboratorien. Jeder SNP-Marker beschreibt einen bestimmten Ort auf der DNA. Testzuverl\u00e4ssigkeit und Ausschlusswahrscheinlichkeiten f\u00fcr die Abstammungsanalyse liegen weit \u00fcber 99,99%. <br \/>\r\n<br \/>\r\nDas Premium SNP DNA-Profil (ISAG 2020) hat auch das Potenzial, Abstammungsf\u00e4lle zu l\u00f6sen, bei denen nur ein Elternteil verf\u00fcgbar ist (Rassen auf Anfrage). Dar\u00fcber hinaus ist beim Premium SNP DNA-Profil (ISAG 2020) eine Analyse der genetischen Diversit\u00e4t und Heterozygotie (genetische Variabilit\u00e4t) enthalten (siehe unten).<br \/>\r\n<br \/>\r\nBitte beachten Sie: Premium-SNP-DNA-Profile (ISAG 2020) und Classic STR DNA-Profile (ISAG 2006) sind nicht kompatibel und k\u00f6nnen nicht gleichzeitig in derselben Abstammungsanalyse verwendet werden.<br \/>\r\n<\/p><table class=\"tx-laboklinleistung-table contenttable contenttable-2\" style=\"margin-top: 35px;\"><tr><td class=\"td-0\"><strong>Material<\/strong><\/td><td class=\"td-1\"><p class=\"bodytext\">EDTA-Blut oder Spezial-Backenabstrichtupfer<\/p><\/td><\/tr><tr><td class=\"td-0\"><strong>Methode<\/strong><\/td><td class=\"td-1\"><p class=\"bodytext\">SNP-Analyse<\/p><\/td><\/tr><tr><td class=\"td-0\"><strong>Dauer<\/strong><\/td><td class=\"td-1\"><p class=\"bodytext\">2 - 3 Wochen nach Erhalt der Probe<\/p><\/td><\/tr><\/table>\n<div class=\"gap\" style=\"line-height: 20px; height: 20px;\"><\/div>\n<p><a class=\"external-link-new-window\" title=\"\u00d6ffnet einen externen Link in einem neuen Fenster\" href=\"https:\/\/labogen.com\/genetische-diversitaet-hund\/\" target=\"_blank\" rel=\"noopener\"><b><strong>Mehr Information zum LABOGEN DIVERSITY CHECK<\/strong> und zur <\/b><strong>HETEROZYGOTIE<\/strong><b> \u2013 Hier gelangen Sie zum Labogen Shop<\/b><\/a><\/p>\n","protected":false},"excerpt":{"rendered":"<p>Mehr Information zum LABOGEN DIVERSITY CHECK und zur HETEROZYGOTIE \u2013 Hier gelangen Sie zum Labogen Shop<\/p>\n","protected":false},"author":1,"featured_media":0,"parent":1230000,"menu_order":1,"comment_status":"closed","ping_status":"closed","template":"","meta":{"_seopress_robots_primary_cat":"","_seopress_titles_title":"","_seopress_titles_desc":"","_seopress_robots_index":"","footnotes":""},"class_list":["post-1230004","page","type-page","status-publish","hentry","description-off"],"_links":{"self":[{"href":"https:\/\/laboklin.de\/de\/wp-json\/wp\/v2\/pages\/1230004","targetHints":{"allow":["GET"]}}],"collection":[{"href":"https:\/\/laboklin.de\/de\/wp-json\/wp\/v2\/pages"}],"about":[{"href":"https:\/\/laboklin.de\/de\/wp-json\/wp\/v2\/types\/page"}],"author":[{"embeddable":true,"href":"https:\/\/laboklin.de\/de\/wp-json\/wp\/v2\/users\/1"}],"replies":[{"embeddable":true,"href":"https:\/\/laboklin.de\/de\/wp-json\/wp\/v2\/comments?post=1230004"}],"version-history":[{"count":3,"href":"https:\/\/laboklin.de\/de\/wp-json\/wp\/v2\/pages\/1230004\/revisions"}],"predecessor-version":[{"id":1514283,"href":"https:\/\/laboklin.de\/de\/wp-json\/wp\/v2\/pages\/1230004\/revisions\/1514283"}],"up":[{"embeddable":true,"href":"https:\/\/laboklin.de\/de\/wp-json\/wp\/v2\/pages\/1230000"}],"wp:attachment":[{"href":"https:\/\/laboklin.de\/de\/wp-json\/wp\/v2\/media?parent=1230004"}],"curies":[{"name":"wp","href":"https:\/\/api.w.org\/{rel}","templated":true}]}}