{"id":1223015,"date":"2020-10-16T11:36:27","date_gmt":"2020-10-16T09:36:27","guid":{"rendered":"https:\/\/laboklin.de\/de\/camarillo-white-w4"},"modified":"2025-02-25T13:21:41","modified_gmt":"2025-02-25T12:21:41","slug":"camarillo-white-w4","status":"publish","type":"page","link":"https:\/\/laboklin.de\/de\/leistungen\/genetik\/fellfarbe-haarstruktur\/pferd\/camarillo-white-w4\/","title":{"rendered":"Camarillo white &#8211; W4*"},"content":{"rendered":"<h3 class=\"csc-firstHeader\">Camarillo white - W4*<\/h3><p><span>LABOKLIN Leistungs-ID: 8463<\/span><\/p><p class=\"bodytext\">Bei der Mutation W4 im KIT-Gen handelt es sich um eine Mutation, die zur\u00fcck geht auf den Hengst \u201eSultan\u201c. Dieser wurde 1912 geboren und von Adolfo Camarillo zur Zucht mit Morgan Horses eingesetzt. Diese sehr erfolgreichen wei\u00dfen Pferde wurden bis 1987 von der Familie Camarillo gez\u00fcchtet bevor sie bei einer Auktion in alle Welt verkauft wurden. Mit dem Gentest kann der Z\u00fcchter, der diese Farbe z\u00fcchten m\u00f6chte, herausfinden, ob ein Pferd, das von Sultan abstammt, und selbst nur wenige wei\u00dfe Abzeichen hat, die Mutation vererben kann. Der Genotyp W4\/W4 konnte bislang nicht nachgewiesen werden. Dies deutet darauf hin, dass homozygote Pferde nicht lebensf\u00e4hig sind <\/p><table class=\"tx-laboklinleistung-table contenttable contenttable-2\" style=\"margin-top: 35px;\"><tr><td class=\"td-0\"><strong>Material<\/strong><\/td><td class=\"td-1\"><p class=\"bodytext\">nur M\u00e4hnen-\/Schweifhaare<\/p><\/td><\/tr><tr><td class=\"td-0\"><strong>Methode<\/strong><\/td><td class=\"td-1\"><p class=\"bodytext\">Partnerlabor<\/p><\/td><\/tr><tr><td class=\"td-0\"><strong>Rasse<\/strong><\/td><td class=\"td-1\"><p class=\"bodytext\">Quarter Horse<\/p><\/td><\/tr><tr><td class=\"td-0\"><strong>Dauer<\/strong><\/td><td class=\"td-1\"><p class=\"bodytext\">4 - 6 Wochen nach Erhalt der Probe<\/p><\/td><\/tr><\/table>\n","protected":false},"excerpt":{"rendered":"<p>Camarillo white &#8211; W4*LABOKLIN Leistungs-ID: 8463Bei der Mutation W4 im KIT-Gen handelt es sich um eine Mutation, die zur\u00fcck geht auf den Hengst \u201eSultan\u201c. Dieser wurde 1912 geboren und von Adolfo Camarillo zur Zucht mit Morgan Horses eingesetzt. Diese sehr erfolgreichen wei\u00dfen Pferde wurden bis 1987 von der Familie Camarillo gez\u00fcchtet bevor sie bei einer&hellip;<\/p>\n","protected":false},"author":1,"featured_media":0,"parent":1223000,"menu_order":14,"comment_status":"closed","ping_status":"closed","template":"","meta":{"_seopress_robots_primary_cat":"","_seopress_titles_title":"","_seopress_titles_desc":"","_seopress_robots_index":"","footnotes":""},"class_list":["post-1223015","page","type-page","status-publish","hentry","description-off"],"_links":{"self":[{"href":"https:\/\/laboklin.de\/de\/wp-json\/wp\/v2\/pages\/1223015","targetHints":{"allow":["GET"]}}],"collection":[{"href":"https:\/\/laboklin.de\/de\/wp-json\/wp\/v2\/pages"}],"about":[{"href":"https:\/\/laboklin.de\/de\/wp-json\/wp\/v2\/types\/page"}],"author":[{"embeddable":true,"href":"https:\/\/laboklin.de\/de\/wp-json\/wp\/v2\/users\/1"}],"replies":[{"embeddable":true,"href":"https:\/\/laboklin.de\/de\/wp-json\/wp\/v2\/comments?post=1223015"}],"version-history":[{"count":1,"href":"https:\/\/laboklin.de\/de\/wp-json\/wp\/v2\/pages\/1223015\/revisions"}],"predecessor-version":[{"id":1510865,"href":"https:\/\/laboklin.de\/de\/wp-json\/wp\/v2\/pages\/1223015\/revisions\/1510865"}],"up":[{"embeddable":true,"href":"https:\/\/laboklin.de\/de\/wp-json\/wp\/v2\/pages\/1223000"}],"wp:attachment":[{"href":"https:\/\/laboklin.de\/de\/wp-json\/wp\/v2\/media?parent=1223015"}],"curies":[{"name":"wp","href":"https:\/\/api.w.org\/{rel}","templated":true}]}}