{"id":1223014,"date":"2020-10-16T11:36:27","date_gmt":"2020-10-16T09:36:27","guid":{"rendered":"https:\/\/laboklin.de\/de\/brindle-1"},"modified":"2025-02-25T13:21:12","modified_gmt":"2025-02-25T12:21:12","slug":"brindle-1","status":"publish","type":"page","link":"https:\/\/laboklin.de\/de\/leistungen\/genetik\/fellfarbe-haarstruktur\/pferd\/brindle-1\/","title":{"rendered":"Brindle 1"},"content":{"rendered":"<h3 class=\"csc-firstHeader\">Brindle 1<\/h3><p><span>LABOKLIN Leistungs-ID: 8603<\/span><\/p><p class=\"bodytext\">Der Ph\u00e4notyp \u201ebrindle\" weist unregelm\u00e4\u00dfige vertikale Streifen im K\u00f6rperhaar entlang von Hals, R\u00fccken und Hinterhand auf. F\u00fcr diese spezifische Form der Stromung wurde der Begriff \u201ebrindle 1 (BR1)\" definiert. Bei einigen BR1-Pferden sind die Streifen unterschiedlich pigmentiert, fast immer wachsen die M\u00e4hne und der Schweif nur sehr sp\u00e4rlich. BR1 wird X-chromosomal-semidominant vererbt. Der typische BR1-Ph\u00e4notyp mit einem gestromten K\u00f6rperfell ist nur bei weiblichen heterozygoten Tieren (Genotyp X(N)\/X(BR1)) zu sehen. Homozygote weibliche Tiere (Genotyp X(BR1)\/X(BR1)) und hemizygote m\u00e4nnliche Tiere (Genotyp X(BR1)\/Y) zeigen einen einfarbigen Ph\u00e4notyp, jedoch immer mit sp\u00e4rlichem Behang.<\/p><table class=\"tx-laboklinleistung-table contenttable contenttable-2\" style=\"margin-top: 35px;\"><tr><td class=\"td-0\"><strong>Methode<\/strong><\/td><td class=\"td-1\"><p class=\"bodytext\">Sequenzierung<\/p><\/td><\/tr><tr><td class=\"td-0\"><strong>Erbgang<\/strong><\/td><td class=\"td-1\"><p class=\"bodytext\">X-chromosomal-semidominant<\/p><\/td><\/tr><tr><td class=\"td-0\"><strong>Dauer<\/strong><\/td><td class=\"td-1\"><p class=\"bodytext\">1 - 2 Wochen nach Erhalt der Probe<\/p><\/td><\/tr><\/table>\n","protected":false},"excerpt":{"rendered":"<p>Brindle 1LABOKLIN Leistungs-ID: 8603Der Ph\u00e4notyp \u201ebrindle&#8220; weist unregelm\u00e4\u00dfige vertikale Streifen im K\u00f6rperhaar entlang von Hals, R\u00fccken und Hinterhand auf. F\u00fcr diese spezifische Form der Stromung wurde der Begriff \u201ebrindle 1 (BR1)&#8220; definiert. Bei einigen BR1-Pferden sind die Streifen unterschiedlich pigmentiert, fast immer wachsen die M\u00e4hne und der Schweif nur sehr sp\u00e4rlich. BR1 wird X-chromosomal-semidominant vererbt.&hellip;<\/p>\n","protected":false},"author":1,"featured_media":0,"parent":1223000,"menu_order":3,"comment_status":"closed","ping_status":"closed","template":"","meta":{"_seopress_robots_primary_cat":"","_seopress_titles_title":"","_seopress_titles_desc":"","_seopress_robots_index":"","footnotes":""},"class_list":["post-1223014","page","type-page","status-publish","hentry","description-off"],"_links":{"self":[{"href":"https:\/\/laboklin.de\/de\/wp-json\/wp\/v2\/pages\/1223014","targetHints":{"allow":["GET"]}}],"collection":[{"href":"https:\/\/laboklin.de\/de\/wp-json\/wp\/v2\/pages"}],"about":[{"href":"https:\/\/laboklin.de\/de\/wp-json\/wp\/v2\/types\/page"}],"author":[{"embeddable":true,"href":"https:\/\/laboklin.de\/de\/wp-json\/wp\/v2\/users\/1"}],"replies":[{"embeddable":true,"href":"https:\/\/laboklin.de\/de\/wp-json\/wp\/v2\/comments?post=1223014"}],"version-history":[{"count":1,"href":"https:\/\/laboklin.de\/de\/wp-json\/wp\/v2\/pages\/1223014\/revisions"}],"predecessor-version":[{"id":1510864,"href":"https:\/\/laboklin.de\/de\/wp-json\/wp\/v2\/pages\/1223014\/revisions\/1510864"}],"up":[{"embeddable":true,"href":"https:\/\/laboklin.de\/de\/wp-json\/wp\/v2\/pages\/1223000"}],"wp:attachment":[{"href":"https:\/\/laboklin.de\/de\/wp-json\/wp\/v2\/media?parent=1223014"}],"curies":[{"name":"wp","href":"https:\/\/api.w.org\/{rel}","templated":true}]}}