{"id":1223009,"date":"2020-10-16T11:36:27","date_gmt":"2020-10-16T09:36:27","guid":{"rendered":"https:\/\/laboklin.de\/de\/sunshine"},"modified":"2025-02-25T13:34:52","modified_gmt":"2025-02-25T12:34:52","slug":"sunshine","status":"publish","type":"page","link":"https:\/\/laboklin.de\/de\/leistungen\/genetik\/fellfarbe-haarstruktur\/pferd\/sunshine\/","title":{"rendered":"Sunshine"},"content":{"rendered":"<h3 class=\"csc-firstHeader\">Sunshine<\/h3><p><span>LABOKLIN Leistungs-ID: 8525<\/span><\/p><p class=\"bodytext\">Neben den bereits bekannten Farbverd\u00fcnnungen wie Cream und Pearl wurde eine weitere Variante zur Verd\u00fcnnung der Fellfarbe gefunden. Die Sunshine-Mutation liegt, genau wie die anderen beiden Gene, auf dem SLC45A2-Gen. Sunshine wird autosomal-rezessiv vererbt, d.h. nur wenn das Gen homozygot vorliegt (Sun\/Sun) wird die Grundfarbe des Pferdes aufgehellt. Es wird vermutet, dass sich diese Aufhellung \u00e4hnlich wie bei Pearl \u00e4u\u00dfert. Ein heterozygoter Genotyp (N\/Sun) f\u00fchrt nur in Kombination mit dem heterozygoten Cream-Gen (N\/CR) zu einer Farbaufhellung. Es entsteht ein Ph\u00e4notyp der dem homozygoten Cream (CR\/CR) entspricht. <\/p><table class=\"tx-laboklinleistung-table contenttable contenttable-2\" style=\"margin-top: 35px;\"><tr><td class=\"td-0\"><strong>Methode<\/strong><\/td><td class=\"td-1\"><p class=\"bodytext\">Sequenzierung<\/p><\/td><\/tr><tr><td class=\"td-0\"><strong>Erbgang<\/strong><\/td><td class=\"td-1\"><p class=\"bodytext\">autosomal-rezessiv<\/p><\/td><\/tr><tr><td class=\"td-0\"><strong>Dauer<\/strong><\/td><td class=\"td-1\"><p class=\"bodytext\">1 - 2 Wochen nach Erhalt der Probe<\/p><\/td><\/tr><\/table>\n","protected":false},"excerpt":{"rendered":"<p>SunshineLABOKLIN Leistungs-ID: 8525Neben den bereits bekannten Farbverd\u00fcnnungen wie Cream und Pearl wurde eine weitere Variante zur Verd\u00fcnnung der Fellfarbe gefunden. Die Sunshine-Mutation liegt, genau wie die anderen beiden Gene, auf dem SLC45A2-Gen. Sunshine wird autosomal-rezessiv vererbt, d.h. nur wenn das Gen homozygot vorliegt (Sun\/Sun) wird die Grundfarbe des Pferdes aufgehellt. Es wird vermutet, dass sich&hellip;<\/p>\n","protected":false},"author":1,"featured_media":0,"parent":1223000,"menu_order":17,"comment_status":"closed","ping_status":"closed","template":"","meta":{"_seopress_robots_primary_cat":"","_seopress_titles_title":"","_seopress_titles_desc":"","_seopress_robots_index":"","footnotes":""},"class_list":["post-1223009","page","type-page","status-publish","hentry","description-off"],"_links":{"self":[{"href":"https:\/\/laboklin.de\/de\/wp-json\/wp\/v2\/pages\/1223009","targetHints":{"allow":["GET"]}}],"collection":[{"href":"https:\/\/laboklin.de\/de\/wp-json\/wp\/v2\/pages"}],"about":[{"href":"https:\/\/laboklin.de\/de\/wp-json\/wp\/v2\/types\/page"}],"author":[{"embeddable":true,"href":"https:\/\/laboklin.de\/de\/wp-json\/wp\/v2\/users\/1"}],"replies":[{"embeddable":true,"href":"https:\/\/laboklin.de\/de\/wp-json\/wp\/v2\/comments?post=1223009"}],"version-history":[{"count":1,"href":"https:\/\/laboklin.de\/de\/wp-json\/wp\/v2\/pages\/1223009\/revisions"}],"predecessor-version":[{"id":1510938,"href":"https:\/\/laboklin.de\/de\/wp-json\/wp\/v2\/pages\/1223009\/revisions\/1510938"}],"up":[{"embeddable":true,"href":"https:\/\/laboklin.de\/de\/wp-json\/wp\/v2\/pages\/1223000"}],"wp:attachment":[{"href":"https:\/\/laboklin.de\/de\/wp-json\/wp\/v2\/media?parent=1223009"}],"curies":[{"name":"wp","href":"https:\/\/api.w.org\/{rel}","templated":true}]}}