{"id":1223004,"date":"2020-10-16T11:36:27","date_gmt":"2020-10-16T09:36:27","guid":{"rendered":"https:\/\/laboklin.de\/de\/silver-windfarbgen"},"modified":"2025-02-25T13:28:27","modified_gmt":"2025-02-25T12:28:27","slug":"silver-windfarbgen","status":"publish","type":"page","link":"https:\/\/laboklin.de\/de\/leistungen\/genetik\/fellfarbe-haarstruktur\/pferd\/silver-windfarbgen\/","title":{"rendered":"Silver (Windfarbgen)"},"content":{"rendered":"<h3 class=\"csc-firstHeader\">Silver (Windfarbgen)<\/h3><p><span>LABOKLIN Leistungs-ID: 8213<\/span><\/p><p class=\"bodytext\">Ein weiteres Gen, das eine Aufhellung der Grundfarbe verursacht, ist das Silver-Gen. Im Gegensatz zu Cream und Champagne hat es keinen Einflu\u00df auf Ph\u00e4omelanin, lediglich die schwarz pigmentierten Stellen erscheinen heller. Der Effekt ist vor allem sichtbar an M\u00e4hne und Schweif, die bei Vorhandensein des Silver-Gens h\u00e4ufig von wei\u00dfen und grauen Haaren durchsetzt sind. Der Erbgang ist autosomal-dominant, d. h. bereits eine Kopie des Gens reicht aus um den Ph\u00e4notyp auszupr\u00e4gen. <\/p><table class=\"tx-laboklinleistung-table contenttable contenttable-2\" style=\"margin-top: 35px;\"><tr><td class=\"td-0\"><strong>Methode<\/strong><\/td><td class=\"td-1\"><p class=\"bodytext\">Sequenzierung<\/p><\/td><\/tr><tr><td class=\"td-0\"><strong>Dauer<\/strong><\/td><td class=\"td-1\"><p class=\"bodytext\">1 - 2 Wochen nach Erhalt der Probe<\/p><\/td><\/tr><\/table>\n","protected":false},"excerpt":{"rendered":"<p>Silver (Windfarbgen)LABOKLIN Leistungs-ID: 8213Ein weiteres Gen, das eine Aufhellung der Grundfarbe verursacht, ist das Silver-Gen. Im Gegensatz zu Cream und Champagne hat es keinen Einflu\u00df auf Ph\u00e4omelanin, lediglich die schwarz pigmentierten Stellen erscheinen heller. Der Effekt ist vor allem sichtbar an M\u00e4hne und Schweif, die bei Vorhandensein des Silver-Gens h\u00e4ufig von wei\u00dfen und grauen Haaren&hellip;<\/p>\n","protected":false},"author":1,"featured_media":0,"parent":1223000,"menu_order":9,"comment_status":"closed","ping_status":"closed","template":"","meta":{"_seopress_robots_primary_cat":"","_seopress_titles_title":"","_seopress_titles_desc":"","_seopress_robots_index":"","footnotes":""},"class_list":["post-1223004","page","type-page","status-publish","hentry","description-off"],"_links":{"self":[{"href":"https:\/\/laboklin.de\/de\/wp-json\/wp\/v2\/pages\/1223004","targetHints":{"allow":["GET"]}}],"collection":[{"href":"https:\/\/laboklin.de\/de\/wp-json\/wp\/v2\/pages"}],"about":[{"href":"https:\/\/laboklin.de\/de\/wp-json\/wp\/v2\/types\/page"}],"author":[{"embeddable":true,"href":"https:\/\/laboklin.de\/de\/wp-json\/wp\/v2\/users\/1"}],"replies":[{"embeddable":true,"href":"https:\/\/laboklin.de\/de\/wp-json\/wp\/v2\/comments?post=1223004"}],"version-history":[{"count":1,"href":"https:\/\/laboklin.de\/de\/wp-json\/wp\/v2\/pages\/1223004\/revisions"}],"predecessor-version":[{"id":1510934,"href":"https:\/\/laboklin.de\/de\/wp-json\/wp\/v2\/pages\/1223004\/revisions\/1510934"}],"up":[{"embeddable":true,"href":"https:\/\/laboklin.de\/de\/wp-json\/wp\/v2\/pages\/1223000"}],"wp:attachment":[{"href":"https:\/\/laboklin.de\/de\/wp-json\/wp\/v2\/media?parent=1223004"}],"curies":[{"name":"wp","href":"https:\/\/api.w.org\/{rel}","templated":true}]}}