{"id":1222012,"date":"2020-10-16T11:36:27","date_gmt":"2020-10-16T09:36:27","guid":{"rendered":"https:\/\/laboklin.de\/de\/farbvariante-albino"},"modified":"2025-02-25T13:12:24","modified_gmt":"2025-02-25T12:12:24","slug":"farbvariante-albino","status":"publish","type":"page","link":"https:\/\/laboklin.de\/de\/leistungen\/genetik\/fellfarbe-haarstruktur\/katze\/farbvariante-albino\/","title":{"rendered":"Farbvariante Albino"},"content":{"rendered":"<h3 class=\"csc-firstHeader\">Farbvariante Albino<\/h3><p><span>LABOKLIN Leistungs-ID: 8242<\/span><\/p><p class=\"bodytext\">Das seltene Albino-Allel (c) erzeugt in homozygotem Genotyp (cc) einen vollst\u00e4ndig unpigmentierten Albino-Ph\u00e4notyp. Das Fell ist reinwei\u00df und die Augen meistens hellblau oder hellrot. Das Allel ist rezessiv zu allen anderen Allelen des C-Lokus.<\/p><table class=\"tx-laboklinleistung-table contenttable contenttable-2\" style=\"margin-top: 35px;\"><tr><td class=\"td-0\"><strong>Methode<\/strong><\/td><td class=\"td-1\"><p class=\"bodytext\">Sequenzierung<\/p><\/td><\/tr><tr><td class=\"td-0\"><strong>Dauer<\/strong><\/td><td class=\"td-1\"><p class=\"bodytext\">1 - 2 Wochen nach Erhalt der Probe<\/p><\/td><\/tr><\/table>\n","protected":false},"excerpt":{"rendered":"<p>Farbvariante AlbinoLABOKLIN Leistungs-ID: 8242Das seltene Albino-Allel (c) erzeugt in homozygotem Genotyp (cc) einen vollst\u00e4ndig unpigmentierten Albino-Ph\u00e4notyp. Das Fell ist reinwei\u00df und die Augen meistens hellblau oder hellrot. Das Allel ist rezessiv zu allen anderen Allelen des C-Lokus.MethodeSequenzierungDauer1 &#8211; 2 Wochen nach Erhalt der Probe<\/p>\n","protected":false},"author":1,"featured_media":0,"parent":1222000,"menu_order":0,"comment_status":"closed","ping_status":"closed","template":"","meta":{"_seopress_robots_primary_cat":"","_seopress_titles_title":"","_seopress_titles_desc":"","_seopress_robots_index":"","footnotes":""},"class_list":["post-1222012","page","type-page","status-publish","hentry","description-off"],"_links":{"self":[{"href":"https:\/\/laboklin.de\/de\/wp-json\/wp\/v2\/pages\/1222012","targetHints":{"allow":["GET"]}}],"collection":[{"href":"https:\/\/laboklin.de\/de\/wp-json\/wp\/v2\/pages"}],"about":[{"href":"https:\/\/laboklin.de\/de\/wp-json\/wp\/v2\/types\/page"}],"author":[{"embeddable":true,"href":"https:\/\/laboklin.de\/de\/wp-json\/wp\/v2\/users\/1"}],"replies":[{"embeddable":true,"href":"https:\/\/laboklin.de\/de\/wp-json\/wp\/v2\/comments?post=1222012"}],"version-history":[{"count":1,"href":"https:\/\/laboklin.de\/de\/wp-json\/wp\/v2\/pages\/1222012\/revisions"}],"predecessor-version":[{"id":1510830,"href":"https:\/\/laboklin.de\/de\/wp-json\/wp\/v2\/pages\/1222012\/revisions\/1510830"}],"up":[{"embeddable":true,"href":"https:\/\/laboklin.de\/de\/wp-json\/wp\/v2\/pages\/1222000"}],"wp:attachment":[{"href":"https:\/\/laboklin.de\/de\/wp-json\/wp\/v2\/media?parent=1222012"}],"curies":[{"name":"wp","href":"https:\/\/api.w.org\/{rel}","templated":true}]}}