{"id":1222010,"date":"2020-10-16T11:36:27","date_gmt":"2020-10-16T09:36:27","guid":{"rendered":"https:\/\/laboklin.de\/de\/farbvariante-colourpoint-siam-mink-burmabraun"},"modified":"2025-02-25T13:13:21","modified_gmt":"2025-02-25T12:13:21","slug":"farbvariante-colourpoint-siam-mink-burmabraun","status":"publish","type":"page","link":"https:\/\/laboklin.de\/de\/leistungen\/genetik\/fellfarbe-haarstruktur\/katze\/farbvariante-colourpoint-siam-mink-burmabraun\/","title":{"rendered":"Farbvariante Colourpoint (Siam \/ Mink \/ Burmabraun)"},"content":{"rendered":"<h3 class=\"csc-firstHeader\">Farbvariante Colourpoint (Siam\/Mink\/Burmabraun)<\/h3><p><span>LABOKLIN Leistungs-ID: 8258<\/span><\/p><p class=\"bodytext\">Der C- oder Colourpoint-Lokus beschreibt verschieden Stufen von Albinismus. Verantwortlich f\u00fcr diese Farbschattierungen sind Mutationen im Gen f\u00fcr das Enzym Tyrosinase, das f\u00fcr die Produktion von Melanin verantwortlich ist. Das dominante Wildtypallel (C) bewirkt die nat\u00fcrliche Vollf\u00e4rbung. Mehrere Mutationen erzeugen Abweichungen von leichtem Albinismus bis hin zu einem vollst\u00e4ndigen Albino. Die allelische Reihe des C-Lokus ist C>cb>cs>c. Die sogenannten Colourpoint-Restriction-Gene Burma (cb) und Siam (cs) sind verantwortlich f\u00fcr Ph\u00e4notypen, die mildere Formen von Albinismus darstellen. Die temperatursensitiven Mutationen erlauben die Produktion des normalen Pigments nur an den k\u00fchleren Extremit\u00e4ten des K\u00f6rpers, was die \u201eMaske\u201c des Gesichts, die dunklen Pfoten und den dunklen Schwanz verursacht. Der Burma-Genotyp (cbcb) erzielt dabei die mildere Form, bei dem das Fell an den Rumpfregionen nur leicht aufgehellt ist. Der Siam-Genotyp (cscs) zeigt eine viel st\u00e4rkere Aufhellung am Rumpf und einen h\u00f6heren Kontrast als Burma. Da Burma unvollst\u00e4ndig dominant gegen\u00fcber Siam ist, entsteht beim gemischt-heterozygoten Genotyp (cbcs) ein eigener Farbschlag, Mink, der farblich zwischen den beiden Varianten liegt.<\/p><table class=\"tx-laboklinleistung-table contenttable contenttable-2\" style=\"margin-top: 35px;\"><tr><td class=\"td-0\"><strong>Methode<\/strong><\/td><td class=\"td-1\"><p class=\"bodytext\">TaqMan SNP Assay, ggf. Sequenzierung<\/p><\/td><\/tr><tr><td class=\"td-0\"><strong>Rasse<\/strong><\/td><td class=\"td-1\"><p class=\"bodytext\">Abessinier, American Bobtail Longhair, American Bobtail Shorthair, American Curl Longhair, American Curl Shorthair, American Shorthair, American Wirehair, Anatoli, Arabische Mau, Australische Schleierkatze, Balinese, Bombay, Brasilianisch Kurzhaar, Britisch Kurzhaar, Britisch Langhaar , Burma, Burmilla, Ceylon-Katze, Chartreux, Chausie, Cornish Rex, Cymric, Deutsch Langhaar, Devon Rex, Don Sphynx, Europ\u00e4isch Kurzhaar, Exotic Shorthair, Foldex, German Rex, Heilige Birma, Himalaya, Japanese Bobtail Longhair, Japanese Bobtail Shorthair, Javanese, Kanaani-Katze, Kart\u00e4user, Korat, Kurilen Bobtail, LaPerm Longhair, LaPerm Shorthair, Maine Coon, Manx, Mix \/ Mischling, Munchkin, Nebelung, Neva Masquerade, Norwegische Waldkatze, Ocicat, Ojos Azules , Orientalisch Kurzhaar, Orientalisch Langhaar, Perser, Peterbald, Pixiebob Longhair, Pixiebob Shorthair, Ragdoll, Russisch Blau, Savannah, Scottish Fold Longhair, Scottish Fold Shorthair, Selkirk Rex Longhair, Selkirk Rex Shorthair, Serengeti, Seychellois, Siam, Sibirische Katze, Singapura, Snowshoe, Sokoke, Somali, Sphynx, Thai, Tonkanese, Toyger, T\u00fcrkisch Angora, T\u00fcrkisch Van, Ural Rex, sonstige \/ unbekannt, \u00c4gyptische Mau<\/p><\/td><\/tr><tr><td class=\"td-0\"><strong>Dauer<\/strong><\/td><td class=\"td-1\"><p class=\"bodytext\">3 - 5 Werktage nach Erhalt der Probe (bei Sequenzierung 1 - 2 Wochen)<\/p><\/td><\/tr><\/table>\n","protected":false},"excerpt":{"rendered":"<p>Farbvariante Colourpoint (Siam\/Mink\/Burmabraun)LABOKLIN Leistungs-ID: 8258Der C- oder Colourpoint-Lokus beschreibt verschieden Stufen von Albinismus. Verantwortlich f\u00fcr diese Farbschattierungen sind Mutationen im Gen f\u00fcr das Enzym Tyrosinase, das f\u00fcr die Produktion von Melanin verantwortlich ist. Das dominante Wildtypallel (C) bewirkt die nat\u00fcrliche Vollf\u00e4rbung. Mehrere Mutationen erzeugen Abweichungen von leichtem Albinismus bis hin zu einem vollst\u00e4ndigen Albino. Die&hellip;<\/p>\n","protected":false},"author":1,"featured_media":0,"parent":1222000,"menu_order":11,"comment_status":"closed","ping_status":"closed","template":"","meta":{"_seopress_robots_primary_cat":"","_seopress_titles_title":"","_seopress_titles_desc":"","_seopress_robots_index":"","footnotes":""},"class_list":["post-1222010","page","type-page","status-publish","hentry","description-off"],"_links":{"self":[{"href":"https:\/\/laboklin.de\/de\/wp-json\/wp\/v2\/pages\/1222010","targetHints":{"allow":["GET"]}}],"collection":[{"href":"https:\/\/laboklin.de\/de\/wp-json\/wp\/v2\/pages"}],"about":[{"href":"https:\/\/laboklin.de\/de\/wp-json\/wp\/v2\/types\/page"}],"author":[{"embeddable":true,"href":"https:\/\/laboklin.de\/de\/wp-json\/wp\/v2\/users\/1"}],"replies":[{"embeddable":true,"href":"https:\/\/laboklin.de\/de\/wp-json\/wp\/v2\/comments?post=1222010"}],"version-history":[{"count":1,"href":"https:\/\/laboklin.de\/de\/wp-json\/wp\/v2\/pages\/1222010\/revisions"}],"predecessor-version":[{"id":1510834,"href":"https:\/\/laboklin.de\/de\/wp-json\/wp\/v2\/pages\/1222010\/revisions\/1510834"}],"up":[{"embeddable":true,"href":"https:\/\/laboklin.de\/de\/wp-json\/wp\/v2\/pages\/1222000"}],"wp:attachment":[{"href":"https:\/\/laboklin.de\/de\/wp-json\/wp\/v2\/media?parent=1222010"}],"curies":[{"name":"wp","href":"https:\/\/api.w.org\/{rel}","templated":true}]}}