{"id":1222008,"date":"2020-10-16T11:36:27","date_gmt":"2020-10-16T09:36:27","guid":{"rendered":"https:\/\/laboklin.de\/de\/farbverduennung-dilution"},"modified":"2025-02-25T13:16:22","modified_gmt":"2025-02-25T12:16:22","slug":"farbverduennung-dilution","status":"publish","type":"page","link":"https:\/\/laboklin.de\/de\/leistungen\/genetik\/fellfarbe-haarstruktur\/katze\/farbverduennung-dilution\/","title":{"rendered":"Farbverd\u00fcnnung Dilution"},"content":{"rendered":"<h3 class=\"csc-firstHeader\">Farbverd\u00fcnnung Dilution<\/h3><p><span>LABOKLIN Leistungs-ID: 8099<\/span><\/p><p class=\"bodytext\">Der D- oder Dilution-Lokus ist verantwortlich f\u00fcr die St\u00e4rke der F\u00e4rbung des Fells, also eine Farbverd\u00fcnnung. Er modifiziert dabei die durch andere Gene erzeugten Grundfarben und Farbfaktoren. Das Wildtyp-Allel (D) gew\u00e4hrleistet eine normale Farbst\u00e4rke. Das rezessive Dilute-Allel (d) ist eine Mutation im MLPH-Gen, das eine Verklumpung der Pigmente im Haarschaft verursacht. Da die Farbe der Pigmente nur durchschimmert, erscheint sie aufgehellt. F\u00fcr die Auspr\u00e4gung einer Farbverd\u00fcnnung muss der homozygot-rezessive Genotyp (dd) vorliegen. Die Kombination der Farbe Schwarz mit dem Dilute-Ph\u00e4notyp f\u00fchrt zu einer Blue genannten, grauen F\u00e4rbung, w\u00e4hrend die Verd\u00fcnnung von Orange zur Farbe Cream f\u00fchrt. Aus Chocolate wird Lilac und aus Cinnamon wird Fawn. Zeichnungen im Fell werden entsprechend ebenso aufgehellt. <\/p><table class=\"tx-laboklinleistung-table contenttable contenttable-2\" style=\"margin-top: 35px;\"><tr><td class=\"td-0\"><strong>Methode<\/strong><\/td><td class=\"td-1\"><p class=\"bodytext\">TaqMan SNP Assay<\/p><\/td><\/tr><tr><td class=\"td-0\"><strong>Dauer<\/strong><\/td><td class=\"td-1\"><p class=\"bodytext\">3 - 5 Werktage nach Erhalt der Probe<\/p><\/td><\/tr><\/table>\n","protected":false},"excerpt":{"rendered":"<p>Farbverd\u00fcnnung DilutionLABOKLIN Leistungs-ID: 8099Der D- oder Dilution-Lokus ist verantwortlich f\u00fcr die St\u00e4rke der F\u00e4rbung des Fells, also eine Farbverd\u00fcnnung. Er modifiziert dabei die durch andere Gene erzeugten Grundfarben und Farbfaktoren. Das Wildtyp-Allel (D) gew\u00e4hrleistet eine normale Farbst\u00e4rke. Das rezessive Dilute-Allel (d) ist eine Mutation im MLPH-Gen, das eine Verklumpung der Pigmente im Haarschaft verursacht. Da&hellip;<\/p>\n","protected":false},"author":1,"featured_media":0,"parent":1222000,"menu_order":12,"comment_status":"closed","ping_status":"closed","template":"","meta":{"_seopress_robots_primary_cat":"","_seopress_titles_title":"","_seopress_titles_desc":"","_seopress_robots_index":"","footnotes":""},"class_list":["post-1222008","page","type-page","status-publish","hentry","description-off"],"_links":{"self":[{"href":"https:\/\/laboklin.de\/de\/wp-json\/wp\/v2\/pages\/1222008","targetHints":{"allow":["GET"]}}],"collection":[{"href":"https:\/\/laboklin.de\/de\/wp-json\/wp\/v2\/pages"}],"about":[{"href":"https:\/\/laboklin.de\/de\/wp-json\/wp\/v2\/types\/page"}],"author":[{"embeddable":true,"href":"https:\/\/laboklin.de\/de\/wp-json\/wp\/v2\/users\/1"}],"replies":[{"embeddable":true,"href":"https:\/\/laboklin.de\/de\/wp-json\/wp\/v2\/comments?post=1222008"}],"version-history":[{"count":1,"href":"https:\/\/laboklin.de\/de\/wp-json\/wp\/v2\/pages\/1222008\/revisions"}],"predecessor-version":[{"id":1510847,"href":"https:\/\/laboklin.de\/de\/wp-json\/wp\/v2\/pages\/1222008\/revisions\/1510847"}],"up":[{"embeddable":true,"href":"https:\/\/laboklin.de\/de\/wp-json\/wp\/v2\/pages\/1222000"}],"wp:attachment":[{"href":"https:\/\/laboklin.de\/de\/wp-json\/wp\/v2\/media?parent=1222008"}],"curies":[{"name":"wp","href":"https:\/\/api.w.org\/{rel}","templated":true}]}}