{"id":1222007,"date":"2020-10-16T11:36:27","date_gmt":"2020-10-16T09:36:27","guid":{"rendered":"https:\/\/laboklin.de\/de\/farbvariante-snow"},"modified":"2025-02-25T13:14:58","modified_gmt":"2025-02-25T12:14:58","slug":"farbvariante-snow","status":"publish","type":"page","link":"https:\/\/laboklin.de\/de\/leistungen\/genetik\/fellfarbe-haarstruktur\/katze\/farbvariante-snow\/","title":{"rendered":"Farbvariante Snow"},"content":{"rendered":"<h3 class=\"csc-firstHeader\">Farbvariante Snow<\/h3><p><span>LABOKLIN Leistungs-ID: 8255<\/span><\/p><p class=\"bodytext\">Der C- oder Colourpoint-Lokus beschreibt verschieden Stufen von Albinismus. Verantwortlich f\u00fcr diese Farbschattierungen sind Mutationen im Gen f\u00fcr das Enzym Tyrosinase, das f\u00fcr die Produktion von Melanin verantwortlich ist. Das dominante Wildtypallel (C) bewirkt die nat\u00fcrliche Vollf\u00e4rbung. Mehrere Mutationen erzeugen Abweichungen von leichtem Albinismus bis hin zu einem vollst\u00e4ndigen Albino. Die allelische Reihe des C-Lokus ist C>cb>cs>c. Die sogenannten Colourpoint-Restriction-Gene Burma (cb) und Siam (cs) sind verantwortlich f\u00fcr Ph\u00e4notypen, die mildere Formen von Albinismus darstellen. Die temperatursensitiven Mutationen erlauben die Produktion des normalen Pigments nur an den k\u00fchleren Extremit\u00e4ten des K\u00f6rpers, was die \u201eMaske\u201c des Gesichts, die dunklen Pfoten und den dunklen Schwanz verursacht. Der Burma-Genotyp (cbcb) erzielt dabei die mildere Form, bei dem das Fell an den Rumpfregionen nur leicht aufgehellt ist. Der Siam-Genotyp (cscs) zeigt eine viel st\u00e4rkere Aufhellung am Rumpf und einen h\u00f6heren Kontrast als Burma. Da Burma unvollst\u00e4ndig dominant gegen\u00fcber Siam ist, entsteht beim gemischt-heterozygoten Genotyp (cbcs) ein eigener Farbschlag, Mink, der farblich zwischen den beiden Varianten liegt. Snow ist die Bezeichnung f\u00fcr Bengalen mit homozygoten Colourpoint-Allelen (cbcb, cbcs, cscs).<\/p><table class=\"tx-laboklinleistung-table contenttable contenttable-2\" style=\"margin-top: 35px;\"><tr><td class=\"td-0\"><strong>Methode<\/strong><\/td><td class=\"td-1\"><p class=\"bodytext\">Sequenzierung<\/p><\/td><\/tr><tr><td class=\"td-0\"><strong>Rasse<\/strong><\/td><td class=\"td-1\"><p class=\"bodytext\">Bengal<\/p><\/td><\/tr><tr><td class=\"td-0\"><strong>Dauer<\/strong><\/td><td class=\"td-1\"><p class=\"bodytext\">1 - 2 Wochen nach Erhalt der Probe<\/p><\/td><\/tr><\/table>\n","protected":false},"excerpt":{"rendered":"<p>Farbvariante SnowLABOKLIN Leistungs-ID: 8255Der C- oder Colourpoint-Lokus beschreibt verschieden Stufen von Albinismus. Verantwortlich f\u00fcr diese Farbschattierungen sind Mutationen im Gen f\u00fcr das Enzym Tyrosinase, das f\u00fcr die Produktion von Melanin verantwortlich ist. Das dominante Wildtypallel (C) bewirkt die nat\u00fcrliche Vollf\u00e4rbung. Mehrere Mutationen erzeugen Abweichungen von leichtem Albinismus bis hin zu einem vollst\u00e4ndigen Albino. Die allelische&hellip;<\/p>\n","protected":false},"author":1,"featured_media":0,"parent":1222000,"menu_order":5,"comment_status":"closed","ping_status":"closed","template":"","meta":{"_seopress_robots_primary_cat":"","_seopress_titles_title":"","_seopress_titles_desc":"","_seopress_robots_index":"","footnotes":""},"class_list":["post-1222007","page","type-page","status-publish","hentry","description-off"],"_links":{"self":[{"href":"https:\/\/laboklin.de\/de\/wp-json\/wp\/v2\/pages\/1222007","targetHints":{"allow":["GET"]}}],"collection":[{"href":"https:\/\/laboklin.de\/de\/wp-json\/wp\/v2\/pages"}],"about":[{"href":"https:\/\/laboklin.de\/de\/wp-json\/wp\/v2\/types\/page"}],"author":[{"embeddable":true,"href":"https:\/\/laboklin.de\/de\/wp-json\/wp\/v2\/users\/1"}],"replies":[{"embeddable":true,"href":"https:\/\/laboklin.de\/de\/wp-json\/wp\/v2\/comments?post=1222007"}],"version-history":[{"count":1,"href":"https:\/\/laboklin.de\/de\/wp-json\/wp\/v2\/pages\/1222007\/revisions"}],"predecessor-version":[{"id":1510840,"href":"https:\/\/laboklin.de\/de\/wp-json\/wp\/v2\/pages\/1222007\/revisions\/1510840"}],"up":[{"embeddable":true,"href":"https:\/\/laboklin.de\/de\/wp-json\/wp\/v2\/pages\/1222000"}],"wp:attachment":[{"href":"https:\/\/laboklin.de\/de\/wp-json\/wp\/v2\/media?parent=1222007"}],"curies":[{"name":"wp","href":"https:\/\/api.w.org\/{rel}","templated":true}]}}