{"id":1222004,"date":"2020-10-16T11:36:27","date_gmt":"2020-10-16T09:36:27","guid":{"rendered":"https:\/\/laboklin.de\/de\/fellfarbe-russet"},"modified":"2025-02-25T13:18:06","modified_gmt":"2025-02-25T12:18:06","slug":"fellfarbe-russet","status":"publish","type":"page","link":"https:\/\/laboklin.de\/de\/leistungen\/genetik\/fellfarbe-haarstruktur\/katze\/fellfarbe-russet\/","title":{"rendered":"Fellfarbe Russet"},"content":{"rendered":"<h3 class=\"csc-firstHeader\">Fellfarbe Russet<\/h3><p><span>LABOKLIN Leistungs-ID: 8606<\/span><\/p><p class=\"bodytext\">Junge Kitten mit Russet-F\u00e4rbung zeigen die Farbe und Musterung beinahe identisch zu Tabby Kitten im gleichen Alter und der gleichen Grundfarbe, unabh\u00e4ngig davon ob der Genotyp Agouti (A-) oder Non-Agouti (aa) ist. Lediglich die Schwanzspitze, die Pfotenballen und der Nasenspiegel sind heller. Wenn die Kitten \u00e4lter werden, hellen die Bereiche des Fells, in denen Eumelanin produziert wird, vom Kopf her immer weiter auf bis die ausgewachsene Katze schlie\u00dflich fast r\u00f6tlich erscheint. Pfoten und Nasenspiegel verlieren alles Eumelanin und sind letztendlich vollst\u00e4ndig rosa.<\/p><table class=\"tx-laboklinleistung-table contenttable contenttable-2\" style=\"margin-top: 35px;\"><tr><td class=\"td-0\"><strong>Methode<\/strong><\/td><td class=\"td-1\"><p class=\"bodytext\">Sequenzierung<\/p><\/td><\/tr><tr><td class=\"td-0\"><strong>Rasse<\/strong><\/td><td class=\"td-1\"><p class=\"bodytext\">Burma<\/p><\/td><\/tr><tr><td class=\"td-0\"><strong>Dauer<\/strong><\/td><td class=\"td-1\"><p class=\"bodytext\">1 - 2 Wochen nach Erhalt der Probe<\/p><\/td><\/tr><\/table>\n","protected":false},"excerpt":{"rendered":"<p>Fellfarbe RussetLABOKLIN Leistungs-ID: 8606Junge Kitten mit Russet-F\u00e4rbung zeigen die Farbe und Musterung beinahe identisch zu Tabby Kitten im gleichen Alter und der gleichen Grundfarbe, unabh\u00e4ngig davon ob der Genotyp Agouti (A-) oder Non-Agouti (aa) ist. Lediglich die Schwanzspitze, die Pfotenballen und der Nasenspiegel sind heller. Wenn die Kitten \u00e4lter werden, hellen die Bereiche des Fells,&hellip;<\/p>\n","protected":false},"author":1,"featured_media":0,"parent":1222000,"menu_order":15,"comment_status":"closed","ping_status":"closed","template":"","meta":{"_seopress_robots_primary_cat":"","_seopress_titles_title":"","_seopress_titles_desc":"","_seopress_robots_index":"","footnotes":""},"class_list":["post-1222004","page","type-page","status-publish","hentry","description-off"],"_links":{"self":[{"href":"https:\/\/laboklin.de\/de\/wp-json\/wp\/v2\/pages\/1222004","targetHints":{"allow":["GET"]}}],"collection":[{"href":"https:\/\/laboklin.de\/de\/wp-json\/wp\/v2\/pages"}],"about":[{"href":"https:\/\/laboklin.de\/de\/wp-json\/wp\/v2\/types\/page"}],"author":[{"embeddable":true,"href":"https:\/\/laboklin.de\/de\/wp-json\/wp\/v2\/users\/1"}],"replies":[{"embeddable":true,"href":"https:\/\/laboklin.de\/de\/wp-json\/wp\/v2\/comments?post=1222004"}],"version-history":[{"count":1,"href":"https:\/\/laboklin.de\/de\/wp-json\/wp\/v2\/pages\/1222004\/revisions"}],"predecessor-version":[{"id":1510855,"href":"https:\/\/laboklin.de\/de\/wp-json\/wp\/v2\/pages\/1222004\/revisions\/1510855"}],"up":[{"embeddable":true,"href":"https:\/\/laboklin.de\/de\/wp-json\/wp\/v2\/pages\/1222000"}],"wp:attachment":[{"href":"https:\/\/laboklin.de\/de\/wp-json\/wp\/v2\/media?parent=1222004"}],"curies":[{"name":"wp","href":"https:\/\/api.w.org\/{rel}","templated":true}]}}