{"id":1221027,"date":"2020-10-16T11:36:27","date_gmt":"2020-10-16T09:36:27","guid":{"rendered":"https:\/\/laboklin.de\/de\/c-lokus-oca4"},"modified":"2025-02-25T12:57:30","modified_gmt":"2025-02-25T11:57:30","slug":"c-lokus-oca4","status":"publish","type":"page","link":"https:\/\/laboklin.de\/de\/leistungen\/genetik\/fellfarbe-haarstruktur\/hund\/c-lokus-oca4\/","title":{"rendered":"C-Lokus (OCA4)"},"content":{"rendered":"<h3 class=\"csc-firstHeader\">C-Lokus (OCA4)<\/h3><p><span>LABOKLIN Leistungs-ID: 8613<\/span><\/p><p class=\"bodytext\">Der Begriff Albinismus beschreibt eine Gruppe von Erscheinungen, bei denen die Melanin-Synthese gest\u00f6rt ist. Man unterscheidet zwei Arten von Albinismus: Oculokutaner Albinismus (OCA), bei dem Augen und Haut betroffen sind und okul\u00e4rer Albinismus (OA), bei dem nur die Augen betroffen sind. Je nach Funktion und Art der Mutation wird die Synthese der beiden Pigmente Eumelanin und Ph\u00e4omelanin vollst\u00e4ndig oder teilweise verhindert. Im Falle einer vollst\u00e4ndigen Blockade der Pigmentsynthese erscheinen die Hunde wei\u00df mit pinkfarbener Haut, Nasenspiegel, Pfoten, Lippen und pinkfarbener bzw. roter Iris.   <br \/>\nEs wurden bereits mehrere rassespezifische Mutationen im SLC45A2-Gen als Ursache f\u00fcr Albinismus bei Hunden gefunden. Das Genprodukt von SLC45A2 ist ein Membran-assoziiertes Transporterprotein (MATP), welches an der Pigmentierung beteiligt ist. So kommt es durch eine Mutation in SLC45A2 zu einer Reduktion der Melaninsynthese.<br \/>\nNeben den bekannten genetischen Varianten, die bei den Rassen Franz\u00f6sische Bulldogge, Gro\u00dfspitz, Lhasa Apso, Pekingese und Zwergspitz Albinismus ausl\u00f6sen k\u00f6nnen, wurde ebenfalls eine Variante des SLC45A2-Gens gefunden, die beim Bullmastiff zu OCA f\u00fchrt. Hunde, welche  die Variante homozygot tragen, wurden als nahezu wei\u00df beschrieben, da die Produktion von Ph\u00e4omelanin und Eumelanin fast komplett verhindert wird. Sie zeigen nur eine minimale blasse Pigmentierung der Haut und der Haare und besitzen blaue Augen. Weitere gesundheitliche Probleme (wie z.B. Augenblinzeln oder Photophobie) sind jedoch nicht bekannt.  <br \/>\n<\/p><table class=\"tx-laboklinleistung-table contenttable contenttable-2\" style=\"margin-top: 35px;\"><tr><td class=\"td-0\"><strong>Methode<\/strong><\/td><td class=\"td-1\"><p class=\"bodytext\">Sequenzierung<\/p><\/td><\/tr><tr><td class=\"td-0\"><strong>Rasse<\/strong><\/td><td class=\"td-1\"><p class=\"bodytext\">Bullmastiff<\/p><\/td><\/tr><tr><td class=\"td-0\"><strong>Erbgang<\/strong><\/td><td class=\"td-1\"><p class=\"bodytext\">autosomal-rezessiv<\/p><\/td><\/tr><tr><td class=\"td-0\"><strong>Dauer<\/strong><\/td><td class=\"td-1\"><p class=\"bodytext\">1 - 2 Wochen nach Erhalt der Probe<\/p><\/td><\/tr><\/table>\n","protected":false},"excerpt":{"rendered":"<p>C-Lokus (OCA4)LABOKLIN Leistungs-ID: 8613Der Begriff Albinismus beschreibt eine Gruppe von Erscheinungen, bei denen die Melanin-Synthese gest\u00f6rt ist. Man unterscheidet zwei Arten von Albinismus: Oculokutaner Albinismus (OCA), bei dem Augen und Haut betroffen sind und okul\u00e4rer Albinismus (OA), bei dem nur die Augen betroffen sind. Je nach Funktion und Art der Mutation wird die Synthese der&hellip;<\/p>\n","protected":false},"author":1,"featured_media":0,"parent":1221000,"menu_order":26,"comment_status":"closed","ping_status":"closed","template":"","meta":{"_seopress_robots_primary_cat":"","_seopress_titles_title":"","_seopress_titles_desc":"","_seopress_robots_index":"","footnotes":""},"class_list":["post-1221027","page","type-page","status-publish","hentry","description-off"],"_links":{"self":[{"href":"https:\/\/laboklin.de\/de\/wp-json\/wp\/v2\/pages\/1221027","targetHints":{"allow":["GET"]}}],"collection":[{"href":"https:\/\/laboklin.de\/de\/wp-json\/wp\/v2\/pages"}],"about":[{"href":"https:\/\/laboklin.de\/de\/wp-json\/wp\/v2\/types\/page"}],"author":[{"embeddable":true,"href":"https:\/\/laboklin.de\/de\/wp-json\/wp\/v2\/users\/1"}],"replies":[{"embeddable":true,"href":"https:\/\/laboklin.de\/de\/wp-json\/wp\/v2\/comments?post=1221027"}],"version-history":[{"count":1,"href":"https:\/\/laboklin.de\/de\/wp-json\/wp\/v2\/pages\/1221027\/revisions"}],"predecessor-version":[{"id":1510786,"href":"https:\/\/laboklin.de\/de\/wp-json\/wp\/v2\/pages\/1221027\/revisions\/1510786"}],"up":[{"embeddable":true,"href":"https:\/\/laboklin.de\/de\/wp-json\/wp\/v2\/pages\/1221000"}],"wp:attachment":[{"href":"https:\/\/laboklin.de\/de\/wp-json\/wp\/v2\/media?parent=1221027"}],"curies":[{"name":"wp","href":"https:\/\/api.w.org\/{rel}","templated":true}]}}