{"id":1221025,"date":"2020-10-16T11:36:27","date_gmt":"2020-10-16T09:36:27","guid":{"rendered":"https:\/\/laboklin.de\/de\/furnishing-langhaar-rauhaar"},"modified":"2025-02-25T13:02:48","modified_gmt":"2025-02-25T12:02:48","slug":"furnishing-langhaar-rauhaar","status":"publish","type":"page","link":"https:\/\/laboklin.de\/de\/leistungen\/genetik\/fellfarbe-haarstruktur\/hund\/furnishing-langhaar-rauhaar\/","title":{"rendered":"Furnishing (Langhaar\/Rauhaar)"},"content":{"rendered":"<h3 class=\"csc-firstHeader\">Furnishing (Langhaar\/Rauhaar)<\/h3><p><span>LABOKLIN Leistungs-ID: 8195<\/span><\/p><p class=\"bodytext\">Bei einigen Hunderassen ist - unabh\u00e4ngig von der L\u00e4nge des Deckhaars - das Gen RSPO2 ma\u00dfgebend f\u00fcr die Variante \u201eRauhhaar\u201c. Bei diesen Hunden mit der Genvariante Furnishing sind die Haare an Bart und Augenbrauen deutlich l\u00e4nger als das \u00fcbrige Deckhaar. Das Furnishing-Allel wird dominant \u00fcber das \u201eunfurnished\u201c (=\u201csatin\u201c)-Allel vererbt, d.h. ein rauhhaariger Hund kann Tr\u00e4ger von satin sein. Bei der Verpaarung zweier solcher Tr\u00e4gertiere k\u00f6nnen dann Welpen ohne furnishing fallen. Diese Fellvariante wird beim Portugiesischen Wasserhund auch \u201eImproper Coat\u201c genannt.<\/p><table class=\"tx-laboklinleistung-table contenttable contenttable-2\" style=\"margin-top: 35px;\"><tr><td class=\"td-0\"><strong>Methode<\/strong><\/td><td class=\"td-1\"><p class=\"bodytext\">Sequenzierung<\/p><\/td><\/tr><tr><td class=\"td-0\"><strong>Erbgang<\/strong><\/td><td class=\"td-1\"><p class=\"bodytext\">autosomal-dominant<\/p><\/td><\/tr><tr><td class=\"td-0\"><strong>Dauer<\/strong><\/td><td class=\"td-1\"><p class=\"bodytext\">1 - 2 Wochen nach Erhalt der Probe<\/p><\/td><\/tr><\/table>\n","protected":false},"excerpt":{"rendered":"<p>Furnishing (Langhaar\/Rauhaar)LABOKLIN Leistungs-ID: 8195Bei einigen Hunderassen ist &#8211; unabh\u00e4ngig von der L\u00e4nge des Deckhaars &#8211; das Gen RSPO2 ma\u00dfgebend f\u00fcr die Variante \u201eRauhhaar\u201c. Bei diesen Hunden mit der Genvariante Furnishing sind die Haare an Bart und Augenbrauen deutlich l\u00e4nger als das \u00fcbrige Deckhaar. Das Furnishing-Allel wird dominant \u00fcber das \u201eunfurnished\u201c (=\u201csatin\u201c)-Allel vererbt, d.h. ein rauhhaariger&hellip;<\/p>\n","protected":false},"author":1,"featured_media":0,"parent":1221000,"menu_order":0,"comment_status":"closed","ping_status":"closed","template":"","meta":{"_seopress_robots_primary_cat":"","_seopress_titles_title":"","_seopress_titles_desc":"","_seopress_robots_index":"","footnotes":""},"class_list":["post-1221025","page","type-page","status-publish","hentry","description-off"],"_links":{"self":[{"href":"https:\/\/laboklin.de\/de\/wp-json\/wp\/v2\/pages\/1221025","targetHints":{"allow":["GET"]}}],"collection":[{"href":"https:\/\/laboklin.de\/de\/wp-json\/wp\/v2\/pages"}],"about":[{"href":"https:\/\/laboklin.de\/de\/wp-json\/wp\/v2\/types\/page"}],"author":[{"embeddable":true,"href":"https:\/\/laboklin.de\/de\/wp-json\/wp\/v2\/users\/1"}],"replies":[{"embeddable":true,"href":"https:\/\/laboklin.de\/de\/wp-json\/wp\/v2\/comments?post=1221025"}],"version-history":[{"count":1,"href":"https:\/\/laboklin.de\/de\/wp-json\/wp\/v2\/pages\/1221025\/revisions"}],"predecessor-version":[{"id":1488636,"href":"https:\/\/laboklin.de\/de\/wp-json\/wp\/v2\/pages\/1221025\/revisions\/1488636"}],"up":[{"embeddable":true,"href":"https:\/\/laboklin.de\/de\/wp-json\/wp\/v2\/pages\/1221000"}],"wp:attachment":[{"href":"https:\/\/laboklin.de\/de\/wp-json\/wp\/v2\/media?parent=1221025"}],"curies":[{"name":"wp","href":"https:\/\/api.w.org\/{rel}","templated":true}]}}