{"id":1221020,"date":"2020-10-16T11:36:27","date_gmt":"2020-10-16T09:36:27","guid":{"rendered":"https:\/\/laboklin.de\/de\/e-lokus-e1-gelb-lemon-rot-cream-apricot"},"modified":"2025-02-25T13:00:56","modified_gmt":"2025-02-25T12:00:56","slug":"e-lokus-e1-gelb-lemon-rot-cream-apricot","status":"publish","type":"page","link":"https:\/\/laboklin.de\/de\/leistungen\/genetik\/fellfarbe-haarstruktur\/hund\/e-lokus-e1-gelb-lemon-rot-cream-apricot\/","title":{"rendered":"E-Lokus e1 (gelb, lemon, rot, cream, apricot)"},"content":{"rendered":"<h3 class=\"csc-firstHeader\">E-Lokus e1 (gelb, lemon, rot, cream, apricot)<\/h3><p><span>LABOKLIN Leistungs-ID: 8018<\/span><\/p><p class=\"bodytext\">Das MC1R-Gen am E-Lokus beinhaltet verschiedene Allelformen: E (unver\u00e4ndert), eg (Domino, Grizzle), eh (Zobel), EM (Schwarzmaskenallel) und e (Rot, Gelb, Aprikot, Cream, Lemon). E, eg, eh und EM sind dominant \u00fcber e, d. h. ein Hund muss zwei Kopien des e-Allels haben, um die rote bzw. gelbe Farbe auszupr\u00e4gen. Der Gentest f\u00fcr die hellen Fellfarben detektiert das e-Allel und erkennt somit auch heterozygote Tr\u00e4ger, die selbst eine andere Farbe haben. Er detektiert jedoch nicht die domino\/grizzle-Zeichnung, Zobel oder das Schwarzmaskenallel. F\u00fcr diese Merkmale sind separate Tests erh\u00e4ltlich. <br \/>\r\nEs sind momentan zwei genetische Varianten bekannt, die zur Auspr\u00e4gung von heller Fellfarbe f\u00fchren, genannt e1 und e2. Die Variante e1 kann bei allen Rassen vorkommen, w\u00e4hrend e2 bisher nur in der Rasse Australian Cattle Dog nachgewiesen werden konnte. In dieser Rasse empfiehlt sich also die Testung beider Varianten.<\/p><table class=\"tx-laboklinleistung-table contenttable contenttable-2\" style=\"margin-top: 35px;\"><tr><td class=\"td-0\"><strong>Methode<\/strong><\/td><td class=\"td-1\"><p class=\"bodytext\">TaqMan SNP Assay <\/p><\/td><\/tr><tr><td class=\"td-0\"><strong>Erbgang<\/strong><\/td><td class=\"td-1\"><p class=\"bodytext\">Allelische Reihe: E dominant \u00fcber e1 und e2<\/p><\/td><\/tr><tr><td class=\"td-0\"><strong>Dauer<\/strong><\/td><td class=\"td-1\"><p class=\"bodytext\">3 - 5 Werktage nach Erhalt der Probe<\/p><\/td><\/tr><\/table>\n","protected":false},"excerpt":{"rendered":"<p>E-Lokus e1 (gelb, lemon, rot, cream, apricot)LABOKLIN Leistungs-ID: 8018Das MC1R-Gen am E-Lokus beinhaltet verschiedene Allelformen: E (unver\u00e4ndert), eg (Domino, Grizzle), eh (Zobel), EM (Schwarzmaskenallel) und e (Rot, Gelb, Aprikot, Cream, Lemon). E, eg, eh und EM sind dominant \u00fcber e, d. h. ein Hund muss zwei Kopien des e-Allels haben, um die rote bzw. gelbe&hellip;<\/p>\n","protected":false},"author":1,"featured_media":0,"parent":1221000,"menu_order":1,"comment_status":"closed","ping_status":"closed","template":"","meta":{"_seopress_robots_primary_cat":"","_seopress_titles_title":"","_seopress_titles_desc":"","_seopress_robots_index":"","footnotes":""},"class_list":["post-1221020","page","type-page","status-publish","hentry","description-off"],"_links":{"self":[{"href":"https:\/\/laboklin.de\/de\/wp-json\/wp\/v2\/pages\/1221020","targetHints":{"allow":["GET"]}}],"collection":[{"href":"https:\/\/laboklin.de\/de\/wp-json\/wp\/v2\/pages"}],"about":[{"href":"https:\/\/laboklin.de\/de\/wp-json\/wp\/v2\/types\/page"}],"author":[{"embeddable":true,"href":"https:\/\/laboklin.de\/de\/wp-json\/wp\/v2\/users\/1"}],"replies":[{"embeddable":true,"href":"https:\/\/laboklin.de\/de\/wp-json\/wp\/v2\/comments?post=1221020"}],"version-history":[{"count":1,"href":"https:\/\/laboklin.de\/de\/wp-json\/wp\/v2\/pages\/1221020\/revisions"}],"predecessor-version":[{"id":1510798,"href":"https:\/\/laboklin.de\/de\/wp-json\/wp\/v2\/pages\/1221020\/revisions\/1510798"}],"up":[{"embeddable":true,"href":"https:\/\/laboklin.de\/de\/wp-json\/wp\/v2\/pages\/1221000"}],"wp:attachment":[{"href":"https:\/\/laboklin.de\/de\/wp-json\/wp\/v2\/media?parent=1221020"}],"curies":[{"name":"wp","href":"https:\/\/api.w.org\/{rel}","templated":true}]}}