{"id":1221015,"date":"2020-10-16T11:36:27","date_gmt":"2020-10-16T09:36:27","guid":{"rendered":"https:\/\/laboklin.de\/de\/b-lokus-braun-chocolate-livernose"},"modified":"2025-02-25T12:56:03","modified_gmt":"2025-02-25T11:56:03","slug":"b-lokus-braun-chocolate-livernose","status":"publish","type":"page","link":"https:\/\/laboklin.de\/de\/leistungen\/genetik\/fellfarbe-haarstruktur\/hund\/b-lokus-braun-chocolate-livernose\/","title":{"rendered":"B-Lokus (braun, chocolate, liver(nose))"},"content":{"rendered":"<h3 class=\"csc-firstHeader\">B-Lokus (Allele: bd, bc, bs) (braun, chocolate, liver(nose))<\/h3><p><span>LABOKLIN Leistungs-ID: 8023<\/span><\/p><p class=\"bodytext\">Die braune Grundfarbe wird vom TRP1-Gen am B-Lokus bestimmt. Zwei Allele sind m\u00f6glich: B (dominant) erm\u00f6glicht die Ausbildung des Grundpigments f\u00fcr Eumelanin, b (rezessiv) kann eine Ver\u00e4nderung des Grundpigments zu Braun verursachen. Zwei Kopien des rezessiven b-Allels sind n\u00f6tig um Schwarz zu Braun aufzuhellen. Bei roten bzw. gelben Hunden hat b keine Auswirkung auf die Fellfarbe, jedoch \u00e4ndert sich die Farbe der Haut von Schwarz zu Braun, wenn b homozygot vorliegt. Dies wird vor allem an Nase, Fu\u00dfballen und Lefzen sichtbar.<br \/>\nBeim Gentest des B-Lokus ist folgendes zu beachten: Es sind verschiedene urs\u00e4chliche rezessive Varianten (bd, bc, bs) am B-Lokus bekannt, die jede f\u00fcr sich genommen und auch untereinander kompatibel f\u00fcr die Ver\u00e4nderung des Eumelanin stehen. <br \/>\nDie braune Fellfarbe in einigen Kleinhunderassen (Franz\u00f6sische Bulldogge, Yorkshire Terrier, u.A.) wird vermutlich nicht vollst\u00e4ndig \u00fcber die vier bekannten Varianten erfasst. Daher sind eine oder mehrere weitere Varianten am B-Lokus oder einem anderen Genort zu vermuten, welche bisher noch nicht n\u00e4her bekannt sind und daher nicht \u00fcber einen genetischen Test erfasst werden.<\/p><table class=\"tx-laboklinleistung-table contenttable contenttable-2\" style=\"margin-top: 35px;\"><tr><td class=\"td-0\"><strong>Methode<\/strong><\/td><td class=\"td-1\"><p class=\"bodytext\">3x TaqMan SNP Assay<\/p><\/td><\/tr><tr><td class=\"td-0\"><strong>Erbgang<\/strong><\/td><td class=\"td-1\"><p class=\"bodytext\">Allelische Reihe: B dominant \u00fcber bd, bc, bs<\/p><\/td><\/tr><tr><td class=\"td-0\"><strong>Dauer<\/strong><\/td><td class=\"td-1\"><p class=\"bodytext\">3 - 5 Werktage nach Erhalt der Probe<\/p><\/td><\/tr><\/table>\n","protected":false},"excerpt":{"rendered":"<p>B-Lokus (Allele: bd, bc, bs) (braun, chocolate, liver(nose))LABOKLIN Leistungs-ID: 8023Die braune Grundfarbe wird vom TRP1-Gen am B-Lokus bestimmt. Zwei Allele sind m\u00f6glich: B (dominant) erm\u00f6glicht die Ausbildung des Grundpigments f\u00fcr Eumelanin, b (rezessiv) kann eine Ver\u00e4nderung des Grundpigments zu Braun verursachen. Zwei Kopien des rezessiven b-Allels sind n\u00f6tig um Schwarz zu Braun aufzuhellen. Bei roten&hellip;<\/p>\n","protected":false},"author":1,"featured_media":0,"parent":1221000,"menu_order":18,"comment_status":"closed","ping_status":"closed","template":"","meta":{"_seopress_robots_primary_cat":"","_seopress_titles_title":"","_seopress_titles_desc":"","_seopress_robots_index":"","footnotes":""},"class_list":["post-1221015","page","type-page","status-publish","hentry","description-off"],"_links":{"self":[{"href":"https:\/\/laboklin.de\/de\/wp-json\/wp\/v2\/pages\/1221015","targetHints":{"allow":["GET"]}}],"collection":[{"href":"https:\/\/laboklin.de\/de\/wp-json\/wp\/v2\/pages"}],"about":[{"href":"https:\/\/laboklin.de\/de\/wp-json\/wp\/v2\/types\/page"}],"author":[{"embeddable":true,"href":"https:\/\/laboklin.de\/de\/wp-json\/wp\/v2\/users\/1"}],"replies":[{"embeddable":true,"href":"https:\/\/laboklin.de\/de\/wp-json\/wp\/v2\/comments?post=1221015"}],"version-history":[{"count":1,"href":"https:\/\/laboklin.de\/de\/wp-json\/wp\/v2\/pages\/1221015\/revisions"}],"predecessor-version":[{"id":1510780,"href":"https:\/\/laboklin.de\/de\/wp-json\/wp\/v2\/pages\/1221015\/revisions\/1510780"}],"up":[{"embeddable":true,"href":"https:\/\/laboklin.de\/de\/wp-json\/wp\/v2\/pages\/1221000"}],"wp:attachment":[{"href":"https:\/\/laboklin.de\/de\/wp-json\/wp\/v2\/media?parent=1221015"}],"curies":[{"name":"wp","href":"https:\/\/api.w.org\/{rel}","templated":true}]}}