{"id":1221014,"date":"2020-10-16T11:36:27","date_gmt":"2020-10-16T09:36:27","guid":{"rendered":"https:\/\/laboklin.de\/de\/haarlaenge-i-kurzhaar-langhaar"},"modified":"2025-02-25T13:04:50","modified_gmt":"2025-02-25T12:04:50","slug":"haarlaenge-i-kurzhaar-langhaar","status":"publish","type":"page","link":"https:\/\/laboklin.de\/de\/leistungen\/genetik\/fellfarbe-haarstruktur\/hund\/haarlaenge-i-kurzhaar-langhaar\/","title":{"rendered":"Haarl\u00e4nge I (Kurzhaar\/Langhaar)"},"content":{"rendered":"<h3 class=\"csc-firstHeader\">Haarl\u00e4nge I (Kurzhaar\/Langhaar)<\/h3><p><span>LABOKLIN Leistungs-ID: 8124<\/span><\/p><p class=\"bodytext\">Bei manchen Hunderassen (z.B. Welsh Corgi, Deutscher Sch\u00e4ferhund, Collie, Border Collie und Dackel) wurde nachgewiesen, dass nur ein Gen (FGF5) die Auspr\u00e4gung der Haarl\u00e4nge steuert. Die Anlage f\u00fcr Kurzhaar (L) wird dominant \u00fcber das Langhaar (l) vererbt. Ein Hund mit je einer Kopie des Kurzhaar- und Langhaar-Gens hat ein kurzes Fell. Erst wenn ein Hund beide Anlagen f\u00fcr langhaarig (ll) tr\u00e4gt, kommt Langhaarigkeit zum Vorschein. Es ist demnach m\u00f6glich, dass ein Hund das Gen f\u00fcr Langhaarigkeit in sich tr\u00e4gt, ohne dass man es \u00e4u\u00dferlich erkennen kann. Der Hund selbst ist kurzhaarig, kann aber das Langhaar-Gen zu 50 % an seine Nachkommen weitervererben. Verpaart man zwei Langhaar-Anlagetr\u00e4ger miteinander, so k\u00f6nnen 25 % der Nachkommen langhaarig werden. Mittels DNA-Test kann man Anlagetr\u00e4ger (Ll) sicher von reinerbig kurzhaarigen (LL) Tieren unterscheiden.<br><strong>ACHTUNG:<\/strong> Wir haben die Nomenklatur des Gens f\u00fcr die Haarl\u00e4nge auf den internationalen Standard umgestellt!<\/p><table class=\"tx-laboklinleistung-table contenttable contenttable-2\" style=\"margin-top: 35px;\"><tr><td class=\"td-0\"><strong>Methode<\/strong><\/td><td class=\"td-1\"><p class=\"bodytext\">TaqMan SNP Assay<\/p><\/td><\/tr><tr><td class=\"td-0\"><strong>Erbgang<\/strong><\/td><td class=\"td-1\"><p class=\"bodytext\">Die Anlage f\u00fcr Kurzhaar (L) wird dominant \u00fcber das Langhaar (l) vererbt.<\/p><\/td><\/tr><tr><td class=\"td-0\"><strong>Dauer<\/strong><\/td><td class=\"td-1\"><p class=\"bodytext\">3 - 5 Werktage nach Erhalt der Probe<\/p><\/td><\/tr><\/table>\n","protected":false},"excerpt":{"rendered":"<p>Haarl\u00e4nge I (Kurzhaar\/Langhaar)LABOKLIN Leistungs-ID: 8124Bei manchen Hunderassen (z.B. Welsh Corgi, Deutscher Sch\u00e4ferhund, Collie, Border Collie und Dackel) wurde nachgewiesen, dass nur ein Gen (FGF5) die Auspr\u00e4gung der Haarl\u00e4nge steuert. Die Anlage f\u00fcr Kurzhaar (L) wird dominant \u00fcber das Langhaar (l) vererbt. Ein Hund mit je einer Kopie des Kurzhaar- und Langhaar-Gens hat ein kurzes Fell.&hellip;<\/p>\n","protected":false},"author":1,"featured_media":0,"parent":1221000,"menu_order":4,"comment_status":"closed","ping_status":"closed","template":"","meta":{"_seopress_robots_primary_cat":"","_seopress_titles_title":"","_seopress_titles_desc":"","_seopress_robots_index":"","footnotes":""},"class_list":["post-1221014","page","type-page","status-publish","hentry","description-off"],"_links":{"self":[{"href":"https:\/\/laboklin.de\/de\/wp-json\/wp\/v2\/pages\/1221014","targetHints":{"allow":["GET"]}}],"collection":[{"href":"https:\/\/laboklin.de\/de\/wp-json\/wp\/v2\/pages"}],"about":[{"href":"https:\/\/laboklin.de\/de\/wp-json\/wp\/v2\/types\/page"}],"author":[{"embeddable":true,"href":"https:\/\/laboklin.de\/de\/wp-json\/wp\/v2\/users\/1"}],"replies":[{"embeddable":true,"href":"https:\/\/laboklin.de\/de\/wp-json\/wp\/v2\/comments?post=1221014"}],"version-history":[{"count":1,"href":"https:\/\/laboklin.de\/de\/wp-json\/wp\/v2\/pages\/1221014\/revisions"}],"predecessor-version":[{"id":1488630,"href":"https:\/\/laboklin.de\/de\/wp-json\/wp\/v2\/pages\/1221014\/revisions\/1488630"}],"up":[{"embeddable":true,"href":"https:\/\/laboklin.de\/de\/wp-json\/wp\/v2\/pages\/1221000"}],"wp:attachment":[{"href":"https:\/\/laboklin.de\/de\/wp-json\/wp\/v2\/media?parent=1221014"}],"curies":[{"name":"wp","href":"https:\/\/api.w.org\/{rel}","templated":true}]}}